{"id":101146,"date":"2025-09-25T06:58:26","date_gmt":"2025-09-25T04:58:26","guid":{"rendered":"https:\/\/medicon.de\/servicio-de-reparacion-10\/"},"modified":"2025-09-25T17:05:47","modified_gmt":"2025-09-25T15:05:47","slug":"servicio-de-reparacion-10","status":"publish","type":"page","link":"https:\/\/medicon.de\/es\/servicio-de-reparacion-10\/","title":{"rendered":"Servicio de reparaci\u00f3n 10+"},"content":{"rendered":"\t\t<div data-elementor-type=\"wp-page\" data-elementor-id=\"101146\" class=\"elementor elementor-101146 elementor-100845\" data-elementor-post-type=\"page\">\n\t\t\t\t<div class=\"elementor-element elementor-element-19e632f6 elementor-hidden-mobile e-flex e-con-boxed e-con e-parent\" data-id=\"19e632f6\" data-element_type=\"container\" data-e-type=\"container\" data-settings=\"{&quot;background_background&quot;:&quot;classic&quot;}\">\n\t\t\t\t\t<div class=\"e-con-inner\">\n\t\t\t\t\t<\/div>\n\t\t\t\t<\/div>\n\t\t<div class=\"elementor-element elementor-element-49b232f elementor-hidden-mobile e-flex e-con-boxed e-con e-parent\" data-id=\"49b232f\" data-element_type=\"container\" data-e-type=\"container\" data-settings=\"{&quot;background_background&quot;:&quot;classic&quot;}\">\n\t\t\t\t\t<div class=\"e-con-inner\">\n\t\t\t\t\t<\/div>\n\t\t\t\t<\/div>\n\t\t<div class=\"elementor-element elementor-element-4c0562c elementor-hidden-desktop elementor-hidden-tablet e-flex e-con-boxed e-con e-parent\" data-id=\"4c0562c\" data-element_type=\"container\" data-e-type=\"container\" data-settings=\"{&quot;background_background&quot;:&quot;classic&quot;}\">\n\t\t\t\t\t<div class=\"e-con-inner\">\n\t\t\t\t\t<\/div>\n\t\t\t\t<\/div>\n\t\t<div class=\"elementor-element elementor-element-59b8e71 elementor-hidden-desktop elementor-hidden-tablet e-flex e-con-boxed e-con e-parent\" data-id=\"59b8e71\" data-element_type=\"container\" data-e-type=\"container\">\n\t\t\t\t\t<div class=\"e-con-inner\">\n\t\t\t\t<div class=\"elementor-element elementor-element-74f438a elementor-widget elementor-widget-image\" data-id=\"74f438a\" data-element_type=\"widget\" data-e-type=\"widget\" data-widget_type=\"image.default\">\n\t\t\t\t<div class=\"elementor-widget-container\">\n\t\t\t\t\t\t\t\t\t\t\t\t\t\t\t<img fetchpriority=\"high\" decoding=\"async\" width=\"380\" height=\"262\" src=\"https:\/\/medicon.de\/wp-content\/uploads\/2024\/08\/Logo10_380x262_weiss.png\" class=\"attachment-large size-large wp-image-72085\" alt=\"Das Bild zeigt eine stilisierte Grafik, die die Zahl &quot;10&quot; darstellt. Die &quot;1&quot; ist blau und die &quot;0&quot; verl\u00e4uft von Gr\u00fcn zu Blau. In der oberen rechten Ecke der &quot;0&quot; befindet sich ein rotes Kreuz, das an das Symbol des Roten Kreuzes erinnert und oft im medizinischen Kontext verwendet wird.\" srcset=\"https:\/\/medicon.de\/wp-content\/uploads\/2024\/08\/Logo10_380x262_weiss.png 380w, https:\/\/medicon.de\/wp-content\/uploads\/2024\/08\/Logo10_380x262_weiss-300x207.png 300w\" sizes=\"(max-width: 380px) 100vw, 380px\" \/>\t\t\t\t\t\t\t\t\t\t\t\t\t\t\t<\/div>\n\t\t\t\t<\/div>\n\t\t\t\t\t<\/div>\n\t\t\t\t<\/div>\n\t\t<div class=\"elementor-element elementor-element-1ff2999 e-flex e-con-boxed e-con e-parent\" data-id=\"1ff2999\" data-element_type=\"container\" data-e-type=\"container\">\n\t\t\t\t\t<div class=\"e-con-inner\">\n\t\t\t\t<div class=\"elementor-element elementor-element-7acd5a8 elementor-widget elementor-widget-text-editor\" data-id=\"7acd5a8\" data-element_type=\"widget\" data-e-type=\"widget\" data-widget_type=\"text-editor.default\">\n\t\t\t\t<div class=\"elementor-widget-container\">\n\t\t\t\t\t\t\t\t\t<p>Disfrute de nuestro completo servicio integral 10+, que le ofrece un control preciso del inventario,<\/p><p>Servicios de reparaci\u00f3n y mantenimiento a medida, as\u00ed como<\/p><p>ofrece formaci\u00f3n especializada en instrumentos quir\u00fargicos.<\/p><p>Aproveche nuestro servicio personalizado y nuestros conocimientos especializados para su cl\u00ednica.<\/p>\t\t\t\t\t\t\t\t<\/div>\n\t\t\t\t<\/div>\n\t\t\t\t\t<\/div>\n\t\t\t\t<\/div>\n\t\t<div class=\"elementor-element elementor-element-2eb79d1 e-flex e-con-boxed e-con e-parent\" data-id=\"2eb79d1\" data-element_type=\"container\" data-e-type=\"container\">\n\t\t\t\t\t<div class=\"e-con-inner\">\n\t\t\t\t<div class=\"elementor-element elementor-element-35b5f75 elementor-widget elementor-widget-html\" data-id=\"35b5f75\" data-element_type=\"widget\" data-e-type=\"widget\" data-widget_type=\"html.default\">\n\t\t\t\t<div class=\"elementor-widget-container\">\n\t\t\t\t\t<!DOCTYPE html>\n<html lang=\"es\">\n<head>\n<meta charset=\"UTF-8\">\n<meta name=\"viewport\" content=\"width=device-width, initial-scale=1.0\">\n\n<style>\n.circle-wrapper {\n  \/* Tama\u00f1os flexibles *\/\n  --size: clamp(360px, 70vw, 640px);     \/* Tama\u00f1o total *\/\n  --radius: clamp(120px, 25vw, 230px);   \/* Distancia de los \u00edtems desde el centro *\/\n  --item-size: clamp(60px, 11vw, 100px); \/* Di\u00e1metro de cada c\u00edrculo *\/\n  width: var(--size);\n  height: var(--size);\n  margin: 40px auto;\n  position: relative;\n}\n\n\/* C\u00edrculo de conexi\u00f3n *\/\n.circle-lines {\n  position: absolute;\n  top: 0; left: 0;\n  width: 100%;\n  height: 100%;\n  z-index: 1;\n}\n\n.circle-lines circle {\n  fill: none;\n  stroke: #3b82f6;\n  stroke-width: 3;\n  opacity: 0.6;\n  filter: drop-shadow(0 0 6px rgba(59,130,246,0.25));\n}\n\n\/* Centro *\/\n.circle-center {\n  position: absolute;\n  top: 50%;\n  left: 50%;\n  width: calc(var(--item-size) * 1.3);\n  height: calc(var(--item-size) * 1.3);\n  transform: translate(-50%, -50%);\n  border-radius: 50%;\n  background: #fff;\n  display:flex;\n  align-items:center;\n  justify-content:center;\n  box-shadow: 0 10px 30px rgba(0,0,0,0.08);\n  font-weight:700;\n  font-size: clamp(14px, 2vw, 24px);\n  color:#222;\n  z-index: 3;\n}\n\n\/* C\u00edrculos de servicio *\/\n.circle-item {\n  --angle: 0deg;      \n  --angleNeg: 0deg;   \n  position: absolute;\n  top: 50%;\n  left: 50%;\n  width: var(--item-size);\n  height: var(--item-size);\n  transform-origin: center center;\n  transform: translate(-50%,-50%) rotate(var(--angle)) translate(var(--radius)) rotate(var(--angleNeg));\n  border-radius: 50%;\n  display:flex;\n  align-items:center;\n  justify-content:center;\n  text-align:center;\n  padding:4px;\n  text-decoration:none;\n  color: #fff;\n  font-weight:600;\n  box-shadow: 0 6px 18px rgba(0,0,0,0.12);\n  transition: transform .22s ease, box-shadow .22s ease;\n  z-index: 2;\n  overflow: hidden;\n}\n\n.circle-item:hover {\n  transform: translate(-50%,-50%) rotate(var(--angle)) translate(var(--radius)) rotate(var(--angleNeg)) scale(1.06);\n  box-shadow: 0 14px 36px rgba(0,0,0,0.22);\n}\n\n\/* Colores *\/\n.c1{ background:#6fb08f; }\n.c2{ background:#59b3a9; }\n.c3{ background:#5ab0df; }\n.c4{ background:#7fc199; }\n.c5{ background:#9e9ea2; }\n.c6{ background:#6fc07f; }\n.c7{ background:#68baf0; }\n.c8{ background:#9aa0a6; }\n.c9{ background:#5fae59; }\n.c10{ background:#26b4f0; }\n\n\/* Texto dentro de los c\u00edrculos *\/\n.circle-item span {\n  display:block;\n  line-height:1.2;\n  font-size: clamp(8px, 1vw, 12px); \/* tama\u00f1o responsivo *\/\n  text-align: center;\n  padding:2px;\n}\n<\/style>\n<\/head>\n<body>\n\n<div class=\"circle-wrapper\">\n  <!-- C\u00edrculo interno -->\n  <svg class=\"circle-lines\" viewBox=\"0 0 640 640\" preserveAspectRatio=\"xMidYMid meet\">\n    <circle cx=\"320\" cy=\"320\" r=\"230\"><\/circle>\n  <\/svg>\n\n  <!-- Centro -->\n  <div class=\"circle-center\">10+<\/div>\n\n  <!-- Servicios -->\n  <a class=\"circle-item c1\"  \n     style=\"--angle:0deg;   --angleNeg:0deg;\"    \n     href=\"https:\/\/medicon.de\/total-care-ihre-loesung-fuer-den-nachhaltigen-werterhalt-ihrer-instrumente\/\" \n     target=\"_blank\"><span>CUIDADO<br>TOTAL<\/span><\/a>\n\n  <a class=\"circle-item c2\"  \n     style=\"--angle:36deg;  --angleNeg:-36deg;\"  \n     href=\"https:\/\/medicon.de\/siebsichtung-qualitative-und-quantitative-bestandsaufnahme-ihrer-instrumente\/\" \n     target=\"_blank\"><span>CUIDADO<br>ESENCIAL<\/span><\/a>\n\n  <a class=\"circle-item c3\"  \n     style=\"--angle:72deg;  --angleNeg:-72deg;\"  \n     href=\"#\" target=\"_blank\"><span>APOYO<br>QUIR\u00daR-<br>GICO<\/span><\/a>\n\n  <a class=\"circle-item c4\"  \n     style=\"--angle:108deg; --angleNeg:-108deg;\" \n     href=\"https:\/\/medicon.de\/medicon-courses-optimierung-der-op-assistenz\/\" \n     target=\"_blank\"><span>CURSOS<br>MEDICON<\/span><\/a>\n\n  <a class=\"circle-item c5\"  \n     style=\"--angle:144deg; --angleNeg:-144deg;\" \n     href=\"#\" target=\"_blank\"><span>CUIDADO<br>INMEDIATO<\/span><\/a>\n\n  <a class=\"circle-item c6\"  \n     style=\"--angle:180deg; --angleNeg:-180deg;\" \n     href=\"https:\/\/medicon.de\/aufbereitungspflege-all-about-instruments\/\" \n     target=\"_blank\"><span>TODOS<br>SOBRE<br>INS-<br>TRUMEN-<br>TOS<\/span><\/a>\n\n  <a class=\"circle-item c7\"  \n     style=\"--angle:216deg; --angleNeg:-216deg;\" \n     href=\"https:\/\/medicon.de\/siebsichtung-qualitative-und-quantitative-bestandsaufnahme-ihrer-instrumente\/\" \n     target=\"_blank\"><span>EVALUA-<br>CI\u00d3N DE<br>BANDE-<br>JAS<\/span><\/a>\n\n  <a class=\"circle-item c8\"  \n     style=\"--angle:252deg; --angleNeg:-252deg;\" \n     href=\"#\" target=\"_blank\"><span>CUIDADO<br>PREMIUM<\/span><\/a>\n\n  <a class=\"circle-item c9\"  \n     style=\"--angle:288deg; --angleNeg:-288deg;\" \n     href=\"https:\/\/medicon.de\/roadshow-schulungen-udn-produktvorfuehrungen-vor-ort\/\" \n     target=\"_blank\"><span>ROAD-<br>SHOW<\/span><\/a>\n\n  <a class=\"circle-item c10\" \n     style=\"--angle:324deg; --angleNeg:-324deg;\" \n     href=\"https:\/\/medicon.de\/medicon-repair-service-hochwertige-reparaturen-und-instandhaltungsservices-fuer-eine-breite-palette-an-medizinischer-ausruestung\/\" \n     target=\"_blank\"><span>SERVICIO<br>MRS<\/span><\/a>\n<\/div>\n\n<\/body>\n<\/html>\n\t\t\t\t<\/div>\n\t\t\t\t<\/div>\n\t\t\t\t\t<\/div>\n\t\t\t\t<\/div>\n\t\t<div class=\"elementor-element elementor-element-23d21e2 e-flex e-con-boxed e-con e-parent\" data-id=\"23d21e2\" data-element_type=\"container\" data-e-type=\"container\">\n\t\t\t\t\t<div class=\"e-con-inner\">\n\t\t\t\t<div class=\"elementor-element elementor-element-a100ce2 elementor-widget elementor-widget-heading\" data-id=\"a100ce2\" data-element_type=\"widget\" data-e-type=\"widget\" data-widget_type=\"heading.default\">\n\t\t\t\t<div class=\"elementor-widget-container\">\n\t\t\t\t\t<h2 class=\"elementor-heading-title elementor-size-default\">Nuestras \u00e1reas de servicio<\/h2>\t\t\t\t<\/div>\n\t\t\t\t<\/div>\n\t\t\t\t<div class=\"elementor-element elementor-element-2a25144 elementor-widget elementor-widget-text-editor\" data-id=\"2a25144\" data-element_type=\"widget\" data-e-type=\"widget\" data-widget_type=\"text-editor.default\">\n\t\t\t\t<div class=\"elementor-widget-container\">\n\t\t\t\t\t\t\t\t\t<p>Con ofertas como la selecci\u00f3n por cribado, Essential Care, Total Care y nuestros cursos especializados.<\/p><p>as\u00ed como la gira de presentaci\u00f3n, garantizamos la durabilidad y la eficiencia de su parque de instrumentos.<\/p><p>en caso de gastos fijos y previsibles.<\/p>\t\t\t\t\t\t\t\t<\/div>\n\t\t\t\t<\/div>\n\t\t\t\t\t<\/div>\n\t\t\t\t<\/div>\n\t\t<div class=\"elementor-element elementor-element-c797a73 e-grid elementor-hidden-mobile e-con-boxed e-con e-parent\" data-id=\"c797a73\" data-element_type=\"container\" data-e-type=\"container\">\n\t\t\t\t\t<div class=\"e-con-inner\">\n\t\t<div class=\"elementor-element elementor-element-a7f760d e-con-full e-flex e-con e-child\" data-id=\"a7f760d\" data-element_type=\"container\" data-e-type=\"container\" data-settings=\"{&quot;background_background&quot;:&quot;classic&quot;}\">\n\t\t\t\t<div class=\"elementor-element elementor-element-e947eee elementor-invisible elementor-widget elementor-widget-text-editor\" data-id=\"e947eee\" data-element_type=\"widget\" data-e-type=\"widget\" data-settings=\"{&quot;_animation&quot;:&quot;bounceIn&quot;}\" data-widget_type=\"text-editor.default\">\n\t\t\t\t<div class=\"elementor-widget-container\">\n\t\t\t\t\t\t\t\t\t<p>SERVICIO<\/p>\t\t\t\t\t\t\t\t<\/div>\n\t\t\t\t<\/div>\n\t\t\t\t<\/div>\n\t\t<div class=\"elementor-element elementor-element-fc17274 e-con-full e-flex e-con e-child\" data-id=\"fc17274\" data-element_type=\"container\" data-e-type=\"container\" data-settings=\"{&quot;background_background&quot;:&quot;classic&quot;}\">\n\t\t\t\t<div class=\"elementor-element elementor-element-8fcca6e elementor-invisible elementor-widget elementor-widget-text-editor\" data-id=\"8fcca6e\" data-element_type=\"widget\" data-e-type=\"widget\" data-settings=\"{&quot;_animation&quot;:&quot;bounceIn&quot;}\" data-widget_type=\"text-editor.default\">\n\t\t\t\t<div class=\"elementor-widget-container\">\n\t\t\t\t\t\t\t\t\t<p>PAQUETES DE AYUDA<\/p>\t\t\t\t\t\t\t\t<\/div>\n\t\t\t\t<\/div>\n\t\t\t\t<\/div>\n\t\t<div class=\"elementor-element elementor-element-d3ea5fe e-con-full e-flex e-con e-child\" data-id=\"d3ea5fe\" data-element_type=\"container\" data-e-type=\"container\" data-settings=\"{&quot;background_background&quot;:&quot;classic&quot;}\">\n\t\t\t\t<div class=\"elementor-element elementor-element-0c8ad71 elementor-invisible elementor-widget elementor-widget-text-editor\" data-id=\"0c8ad71\" data-element_type=\"widget\" data-e-type=\"widget\" data-settings=\"{&quot;_animation&quot;:&quot;bounceIn&quot;}\" data-widget_type=\"text-editor.default\">\n\t\t\t\t<div class=\"elementor-widget-container\">\n\t\t\t\t\t\t\t\t\t<p>FORMACI\u00d3N CONTINUA<\/p>\t\t\t\t\t\t\t\t<\/div>\n\t\t\t\t<\/div>\n\t\t\t\t<\/div>\n\t\t\t\t\t<\/div>\n\t\t\t\t<\/div>\n\t\t<div class=\"elementor-element elementor-element-843bf60 e-grid elementor-hidden-mobile e-con-boxed e-con e-parent\" data-id=\"843bf60\" data-element_type=\"container\" data-e-type=\"container\">\n\t\t\t\t\t<div class=\"e-con-inner\">\n\t\t<div class=\"elementor-element elementor-element-5859ed8 e-con-full e-flex e-con e-child\" data-id=\"5859ed8\" data-element_type=\"container\" data-e-type=\"container\">\n\t\t\t\t<\/div>\n\t\t<div class=\"elementor-element elementor-element-342e544 e-con-full e-flex e-con e-child\" data-id=\"342e544\" data-element_type=\"container\" data-e-type=\"container\">\n\t\t\t\t<\/div>\n\t\t<div class=\"elementor-element elementor-element-4e7181f e-con-full e-flex e-con e-child\" data-id=\"4e7181f\" data-element_type=\"container\" data-e-type=\"container\">\n\t\t\t\t<\/div>\n\t\t\t\t\t<\/div>\n\t\t\t\t<\/div>\n\t\t<div class=\"elementor-element elementor-element-c7838ba e-grid elementor-hidden-mobile e-con-boxed e-con e-parent\" data-id=\"c7838ba\" data-element_type=\"container\" data-e-type=\"container\">\n\t\t\t\t\t<div class=\"e-con-inner\">\n\t\t<div class=\"elementor-element elementor-element-ab09e78 e-con-full e-flex e-con e-child\" data-id=\"ab09e78\" data-element_type=\"container\" data-e-type=\"container\">\n\t\t\t\t<\/div>\n\t\t<div class=\"elementor-element elementor-element-cc799e8 e-con-full e-flex e-con e-child\" data-id=\"cc799e8\" data-element_type=\"container\" data-e-type=\"container\">\n\t\t\t\t<\/div>\n\t\t<div class=\"elementor-element elementor-element-10e7a37 e-con-full e-flex e-con e-child\" data-id=\"10e7a37\" data-element_type=\"container\" data-e-type=\"container\">\n\t\t\t\t<\/div>\n\t\t\t\t\t<\/div>\n\t\t\t\t<\/div>\n\t\t<div class=\"elementor-element elementor-element-bb0242f e-grid elementor-hidden-mobile e-con-boxed e-con e-parent\" data-id=\"bb0242f\" data-element_type=\"container\" data-e-type=\"container\">\n\t\t\t\t\t<div class=\"e-con-inner\">\n\t\t<div class=\"elementor-element elementor-element-7f3507a e-con-full e-flex e-con e-child\" data-id=\"7f3507a\" data-element_type=\"container\" data-e-type=\"container\">\n\t\t\t\t<\/div>\n\t\t<div class=\"elementor-element elementor-element-71f6345 e-con-full e-flex e-con e-child\" data-id=\"71f6345\" data-element_type=\"container\" data-e-type=\"container\">\n\t\t\t\t<\/div>\n\t\t<div class=\"elementor-element elementor-element-e1fd5e2 e-con-full e-flex e-con e-child\" data-id=\"e1fd5e2\" data-element_type=\"container\" data-e-type=\"container\">\n\t\t\t\t<\/div>\n\t\t\t\t\t<\/div>\n\t\t\t\t<\/div>\n\t\t<div class=\"elementor-element elementor-element-4cfa117 e-grid elementor-hidden-desktop elementor-hidden-tablet e-con-boxed e-con e-parent\" data-id=\"4cfa117\" data-element_type=\"container\" data-e-type=\"container\">\n\t\t\t\t\t<div class=\"e-con-inner\">\n\t\t<div class=\"elementor-element elementor-element-69d5115 e-con-full e-flex e-con e-child\" data-id=\"69d5115\" data-element_type=\"container\" data-e-type=\"container\" data-settings=\"{&quot;background_background&quot;:&quot;classic&quot;}\">\n\t\t\t\t<div class=\"elementor-element elementor-element-d84a1c5 elementor-invisible elementor-widget elementor-widget-text-editor\" data-id=\"d84a1c5\" data-element_type=\"widget\" data-e-type=\"widget\" data-settings=\"{&quot;_animation&quot;:&quot;bounceIn&quot;}\" data-widget_type=\"text-editor.default\">\n\t\t\t\t<div class=\"elementor-widget-container\">\n\t\t\t\t\t\t\t\t\t<p>SERVICIO<\/p>\t\t\t\t\t\t\t\t<\/div>\n\t\t\t\t<\/div>\n\t\t\t\t<\/div>\n\t\t\t\t\t<\/div>\n\t\t\t\t<\/div>\n\t\t<div class=\"elementor-element elementor-element-77f85e0 e-grid elementor-hidden-desktop elementor-hidden-tablet e-con-boxed e-con e-parent\" data-id=\"77f85e0\" data-element_type=\"container\" data-e-type=\"container\">\n\t\t\t\t\t<div class=\"e-con-inner\">\n\t\t<div class=\"elementor-element elementor-element-0482a55 e-con-full e-flex e-con e-child\" data-id=\"0482a55\" data-element_type=\"container\" data-e-type=\"container\">\n\t\t\t\t<\/div>\n\t\t<div class=\"elementor-element elementor-element-d0e6f8c e-con-full e-flex e-con e-child\" data-id=\"d0e6f8c\" data-element_type=\"container\" data-e-type=\"container\">\n\t\t\t\t<\/div>\n\t\t<div class=\"elementor-element elementor-element-0c52d2f e-con-full e-flex e-con e-child\" data-id=\"0c52d2f\" data-element_type=\"container\" data-e-type=\"container\">\n\t\t\t\t<\/div>\n\t\t\t\t\t<\/div>\n\t\t\t\t<\/div>\n\t\t<div class=\"elementor-element elementor-element-285a419 e-grid elementor-hidden-desktop elementor-hidden-tablet e-con-boxed e-con e-parent\" data-id=\"285a419\" data-element_type=\"container\" data-e-type=\"container\">\n\t\t\t\t\t<div class=\"e-con-inner\">\n\t\t<div class=\"elementor-element elementor-element-d223547 e-con-full e-flex e-con e-child\" data-id=\"d223547\" data-element_type=\"container\" data-e-type=\"container\" data-settings=\"{&quot;background_background&quot;:&quot;classic&quot;}\">\n\t\t\t\t<div class=\"elementor-element elementor-element-2bb53ae elementor-invisible elementor-widget elementor-widget-text-editor\" data-id=\"2bb53ae\" data-element_type=\"widget\" data-e-type=\"widget\" data-settings=\"{&quot;_animation&quot;:&quot;bounceIn&quot;}\" data-widget_type=\"text-editor.default\">\n\t\t\t\t<div class=\"elementor-widget-container\">\n\t\t\t\t\t\t\t\t\t<p>PAQUETES DE AYUDA<\/p>\t\t\t\t\t\t\t\t<\/div>\n\t\t\t\t<\/div>\n\t\t\t\t<\/div>\n\t\t\t\t\t<\/div>\n\t\t\t\t<\/div>\n\t\t<div class=\"elementor-element elementor-element-2a4588c e-grid elementor-hidden-desktop elementor-hidden-tablet e-con-boxed e-con e-parent\" data-id=\"2a4588c\" data-element_type=\"container\" data-e-type=\"container\">\n\t\t\t\t\t<div class=\"e-con-inner\">\n\t\t<div class=\"elementor-element elementor-element-96bd63e e-con-full e-flex e-con e-child\" data-id=\"96bd63e\" data-element_type=\"container\" data-e-type=\"container\">\n\t\t\t\t<\/div>\n\t\t<div class=\"elementor-element elementor-element-5aa2b7a e-con-full e-flex e-con e-child\" data-id=\"5aa2b7a\" data-element_type=\"container\" data-e-type=\"container\">\n\t\t\t\t<\/div>\n\t\t\t\t\t<\/div>\n\t\t\t\t<\/div>\n\t\t<div class=\"elementor-element elementor-element-ff807bd e-grid elementor-hidden-desktop elementor-hidden-tablet e-con-boxed e-con e-parent\" data-id=\"ff807bd\" data-element_type=\"container\" data-e-type=\"container\">\n\t\t\t\t\t<div class=\"e-con-inner\">\n\t\t<div class=\"elementor-element elementor-element-91b1bb6 e-con-full e-flex e-con e-child\" data-id=\"91b1bb6\" data-element_type=\"container\" data-e-type=\"container\" data-settings=\"{&quot;background_background&quot;:&quot;classic&quot;}\">\n\t\t\t\t<div class=\"elementor-element elementor-element-9956bd9 elementor-invisible elementor-widget elementor-widget-text-editor\" data-id=\"9956bd9\" data-element_type=\"widget\" data-e-type=\"widget\" data-settings=\"{&quot;_animation&quot;:&quot;bounceIn&quot;}\" data-widget_type=\"text-editor.default\">\n\t\t\t\t<div class=\"elementor-widget-container\">\n\t\t\t\t\t\t\t\t\t<p>FORMACI\u00d3N CONTINUA<\/p>\t\t\t\t\t\t\t\t<\/div>\n\t\t\t\t<\/div>\n\t\t\t\t<\/div>\n\t\t\t\t\t<\/div>\n\t\t\t\t<\/div>\n\t\t<div class=\"elementor-element elementor-element-46dc18c e-grid elementor-hidden-desktop elementor-hidden-tablet e-con-boxed e-con e-parent\" data-id=\"46dc18c\" data-element_type=\"container\" data-e-type=\"container\">\n\t\t\t\t\t<div class=\"e-con-inner\">\n\t\t<div class=\"elementor-element elementor-element-c358983 e-con-full e-flex e-con e-child\" data-id=\"c358983\" data-element_type=\"container\" data-e-type=\"container\">\n\t\t\t\t<\/div>\n\t\t<div class=\"elementor-element elementor-element-f5a6b4b e-con-full e-flex e-con e-child\" data-id=\"f5a6b4b\" data-element_type=\"container\" data-e-type=\"container\">\n\t\t\t\t<\/div>\n\t\t<div class=\"elementor-element elementor-element-391b129 e-con-full e-flex e-con e-child\" data-id=\"391b129\" data-element_type=\"container\" data-e-type=\"container\">\n\t\t\t\t<\/div>\n\t\t\t\t\t<\/div>\n\t\t\t\t<\/div>\n\t\t<div class=\"elementor-element elementor-element-ac41c34 elementor-hidden-mobile e-flex e-con-boxed e-con e-parent\" data-id=\"ac41c34\" data-element_type=\"container\" data-e-type=\"container\" data-settings=\"{&quot;background_background&quot;:&quot;classic&quot;}\">\n\t\t\t\t\t<div class=\"e-con-inner\">\n\t\t<div class=\"elementor-element elementor-element-d24e2a1 e-con-full e-flex e-con e-child\" data-id=\"d24e2a1\" data-element_type=\"container\" data-e-type=\"container\">\n\t\t\t\t<\/div>\n\t\t<div class=\"elementor-element elementor-element-0f54862 e-con-full e-flex e-con e-child\" data-id=\"0f54862\" data-element_type=\"container\" data-e-type=\"container\">\n\t\t\t\t<\/div>\n\t\t\t\t\t<\/div>\n\t\t\t\t<\/div>\n\t\t<div class=\"elementor-element elementor-element-2499ca3 elementor-hidden-desktop elementor-hidden-tablet e-flex e-con-boxed e-con e-parent\" data-id=\"2499ca3\" data-element_type=\"container\" data-e-type=\"container\">\n\t\t\t\t\t<div class=\"e-con-inner\">\n\t\t\t\t<div class=\"elementor-element elementor-element-9a59b22 elementor-widget elementor-widget-text-editor\" data-id=\"9a59b22\" data-element_type=\"widget\" data-e-type=\"widget\" data-widget_type=\"text-editor.default\">\n\t\t\t\t<div class=\"elementor-widget-container\">\n\t\t\t\t\t\t\t\t\t<p>Si tiene alguna pregunta sobre nuestra oferta de servicios 10+, solo tiene que rellenar el formulario de contacto.<\/p><p>Nos pondremos en contacto con usted lo antes posible.<\/p>\t\t\t\t\t\t\t\t<\/div>\n\t\t\t\t<\/div>\n\t\t\t\t\t<\/div>\n\t\t\t\t<\/div>\n\t\t\t\t<\/div>\n\t\t","protected":false},"excerpt":{"rendered":"<p>Servicios de reparaci\u00f3n de Medicon Servicios de reparaci\u00f3n de Medicon Disfrute de nuestro completo servicio integral 10+, que le ofrece un control preciso del inventario, Servicios de reparaci\u00f3n y mantenimiento a medida, as\u00ed como ofrece formaci\u00f3n especializada en instrumentos quir\u00fargicos. Aproveche nuestro servicio personalizado y nuestros conocimientos especializados para su cl\u00ednica. 10+ CUIDADOTOTAL CUIDADOESENCIAL APOYOQUIR\u00daR-GICO [&hellip;]<\/p>\n","protected":false},"author":18,"featured_media":0,"parent":0,"menu_order":0,"comment_status":"closed","ping_status":"closed","template":"elementor_header_footer","meta":{"_acf_changed":false,"postBodyCss":"","postBodyMargin":[],"postBodyPadding":[],"postBodyBackground":{"backgroundType":"classic","gradient":""},"footnotes":"","_links_to":"","_links_to_target":""},"business_unit":[],"fachgebiet":[],"class_list":["post-101146","page","type-page","status-publish","hentry"],"acf":[],"_links":{"self":[{"href":"https:\/\/medicon.de\/es\/wp-json\/wp\/v2\/pages\/101146","targetHints":{"allow":["GET"]}}],"collection":[{"href":"https:\/\/medicon.de\/es\/wp-json\/wp\/v2\/pages"}],"about":[{"href":"https:\/\/medicon.de\/es\/wp-json\/wp\/v2\/types\/page"}],"author":[{"embeddable":true,"href":"https:\/\/medicon.de\/es\/wp-json\/wp\/v2\/users\/18"}],"replies":[{"embeddable":true,"href":"https:\/\/medicon.de\/es\/wp-json\/wp\/v2\/comments?post=101146"}],"version-history":[{"count":6,"href":"https:\/\/medicon.de\/es\/wp-json\/wp\/v2\/pages\/101146\/revisions"}],"predecessor-version":[{"id":101215,"href":"https:\/\/medicon.de\/es\/wp-json\/wp\/v2\/pages\/101146\/revisions\/101215"}],"wp:attachment":[{"href":"https:\/\/medicon.de\/es\/wp-json\/wp\/v2\/media?parent=101146"}],"wp:term":[{"taxonomy":"business_unit","embeddable":true,"href":"https:\/\/medicon.de\/es\/wp-json\/wp\/v2\/business_unit?post=101146"},{"taxonomy":"fachgebiet","embeddable":true,"href":"https:\/\/medicon.de\/es\/wp-json\/wp\/v2\/fachgebiet?post=101146"}],"curies":[{"name":"wp","href":"https:\/\/api.w.org\/{rel}","templated":true}]}}