{"id":104377,"date":"2025-10-30T07:56:33","date_gmt":"2025-10-30T06:56:33","guid":{"rendered":"https:\/\/medicon.de\/suministro-de-material-esterilizado\/"},"modified":"2026-03-16T08:09:52","modified_gmt":"2026-03-16T07:09:52","slug":"suministro-de-material-esterilizado","status":"publish","type":"page","link":"https:\/\/medicon.de\/es\/suministro-de-material-esterilizado\/","title":{"rendered":"Suministro de material esterilizado"},"content":{"rendered":"\t\t<div data-elementor-type=\"wp-page\" data-elementor-id=\"104377\" class=\"elementor elementor-104377 elementor-102677\" data-elementor-post-type=\"page\">\n\t\t\t\t<div class=\"elementor-element elementor-element-1db701b elementor-hidden-mobile e-flex e-con-boxed e-con e-parent\" data-id=\"1db701b\" data-element_type=\"container\" data-e-type=\"container\" data-settings=\"{&quot;background_background&quot;:&quot;classic&quot;}\">\n\t\t\t\t\t<div class=\"e-con-inner\">\n\t\t<div class=\"elementor-element elementor-element-da61f78 e-grid e-con-full e-con e-child\" data-id=\"da61f78\" data-element_type=\"container\" data-e-type=\"container\">\n\t\t<div class=\"elementor-element elementor-element-e35ede4 e-con-full e-grid div2 e-con e-child\" data-id=\"e35ede4\" data-element_type=\"container\" data-e-type=\"container\">\n\t\t<a class=\"elementor-element elementor-element-f36eeb9 e-con-full e-flex e-con e-child\" data-id=\"f36eeb9\" data-element_type=\"container\" data-e-type=\"container\" data-settings=\"{&quot;background_background&quot;:&quot;classic&quot;}\" href=\"https:\/\/medicon.de\/es\/productos\/productos-de-mantenimiento-para-instrumental-quirurgico\/\">\n\t\t\t\t<div class=\"elementor-element elementor-element-d6258b8 elementor-widget elementor-widget-text-editor\" data-id=\"d6258b8\" data-element_type=\"widget\" data-e-type=\"widget\" data-widget_type=\"text-editor.default\">\n\t\t\t\t<div class=\"elementor-widget-container\">\n\t\t\t\t\t\t\t\t\t<p>Otros<\/p>\t\t\t\t\t\t\t\t<\/div>\n\t\t\t\t<\/div>\n\t\t\t\t<div class=\"elementor-element elementor-element-5e4fd91 elementor-widget elementor-widget-text-editor\" data-id=\"5e4fd91\" data-element_type=\"widget\" data-e-type=\"widget\" data-widget_type=\"text-editor.default\">\n\t\t\t\t<div class=\"elementor-widget-container\">\n\t\t\t\t\t\t\t\t\t<p>Productos de mantenimiento para instrumental quir\u00fargico<\/p>\t\t\t\t\t\t\t\t<\/div>\n\t\t\t\t<\/div>\n\t\t\t\t<\/a>\n\t\t<div class=\"elementor-element elementor-element-532adc1 e-con-full e-flex e-con e-child\" data-id=\"532adc1\" data-element_type=\"container\" data-e-type=\"container\" data-settings=\"{&quot;background_background&quot;:&quot;classic&quot;}\">\n\t\t\t\t<div class=\"elementor-element elementor-element-2ae2d5e elementor-widget elementor-widget-image\" data-id=\"2ae2d5e\" data-element_type=\"widget\" data-e-type=\"widget\" data-widget_type=\"image.default\">\n\t\t\t\t<div class=\"elementor-widget-container\">\n\t\t\t\t\t\t\t\t\t\t\t\t\t\t\t\t<a href=\"https:\/\/medicon.de\/es\/productos\/productos-de-mantenimiento-para-instrumental-quirurgico\/\" target=\"_blank\">\n\t\t\t\t\t\t\t<img fetchpriority=\"high\" decoding=\"async\" width=\"300\" height=\"300\" src=\"https:\/\/medicon.de\/wp-content\/uploads\/2022\/02\/BG_HB_Pflegemittel-300x300.png\" class=\"attachment-medium size-medium wp-image-11965\" alt=\"\" srcset=\"https:\/\/medicon.de\/wp-content\/uploads\/2022\/02\/BG_HB_Pflegemittel-300x300.png 300w, https:\/\/medicon.de\/wp-content\/uploads\/2022\/02\/BG_HB_Pflegemittel-100x100.png 100w, https:\/\/medicon.de\/wp-content\/uploads\/2022\/02\/BG_HB_Pflegemittel-400x400.png 400w, https:\/\/medicon.de\/wp-content\/uploads\/2022\/02\/BG_HB_Pflegemittel-150x150.png 150w, https:\/\/medicon.de\/wp-content\/uploads\/2022\/02\/BG_HB_Pflegemittel.png 500w\" sizes=\"(max-width: 300px) 100vw, 300px\" \/>\t\t\t\t\t\t\t\t<\/a>\n\t\t\t\t\t\t\t\t\t\t\t\t\t\t\t<\/div>\n\t\t\t\t<\/div>\n\t\t\t\t<\/div>\n\t\t\t\t<\/div>\n\t\t<div class=\"elementor-element elementor-element-24fc76b e-con-full div1 e-flex e-con e-child\" data-id=\"24fc76b\" data-element_type=\"container\" data-e-type=\"container\" data-settings=\"{&quot;background_background&quot;:&quot;classic&quot;}\">\n\t\t<div class=\"elementor-element elementor-element-ff3a53e e-con-full e-flex e-con e-child\" data-id=\"ff3a53e\" data-element_type=\"container\" data-e-type=\"container\" data-settings=\"{&quot;background_background&quot;:&quot;classic&quot;}\">\n\t\t\t\t<div class=\"elementor-element elementor-element-34da97d elementor-widget elementor-widget-text-editor\" data-id=\"34da97d\" data-element_type=\"widget\" data-e-type=\"widget\" data-widget_type=\"text-editor.default\">\n\t\t\t\t<div class=\"elementor-widget-container\">\n\t\t\t\t\t\t\t\t\t<p>Aplicaci\u00f3n<\/p>\t\t\t\t\t\t\t\t<\/div>\n\t\t\t\t<\/div>\n\t\t\t\t<div class=\"elementor-element elementor-element-05bbab9 elementor-widget elementor-widget-heading\" data-id=\"05bbab9\" data-element_type=\"widget\" data-e-type=\"widget\" data-widget_type=\"heading.default\">\n\t\t\t\t<div class=\"elementor-widget-container\">\n\t\t\t\t\t<h1 class=\"elementor-heading-title elementor-size-default\">Suministro de material esterilizado<\/h1>\t\t\t\t<\/div>\n\t\t\t\t<\/div>\n\t\t\t\t<\/div>\n\t\t\t\t<\/div>\n\t\t<div class=\"elementor-element elementor-element-1cddf85 e-con-full e-grid div3 e-con e-child\" data-id=\"1cddf85\" data-element_type=\"container\" data-e-type=\"container\" data-settings=\"{&quot;background_background&quot;:&quot;classic&quot;}\">\n\t\t<div class=\"elementor-element elementor-element-25026a7 e-con-full e-flex e-con e-child\" data-id=\"25026a7\" data-element_type=\"container\" data-e-type=\"container\" data-settings=\"{&quot;background_background&quot;:&quot;classic&quot;}\">\n\t\t\t\t<div class=\"elementor-element elementor-element-8b879b6 elementor-widget elementor-widget-text-editor\" data-id=\"8b879b6\" data-element_type=\"widget\" data-e-type=\"widget\" data-widget_type=\"text-editor.default\">\n\t\t\t\t<div class=\"elementor-widget-container\">\n\t\t\t\t\t\t\t\t\t<p>Contenedor est\u00e9ril<\/p>\t\t\t\t\t\t\t\t<\/div>\n\t\t\t\t<\/div>\n\t\t\t\t<div class=\"elementor-element elementor-element-ccb36fb elementor-widget elementor-widget-text-editor\" data-id=\"ccb36fb\" data-element_type=\"widget\" data-e-type=\"widget\" data-widget_type=\"text-editor.default\">\n\t\t\t\t<div class=\"elementor-widget-container\">\n\t\t\t\t\t\t\t\t\t<p><a href=\"https:\/\/medicon.de\/es\/medicontainer\/\">Sistema \u00abMEDICONTAINER\u00bb para el suministro y la eliminaci\u00f3n de productos est\u00e9riles<\/a><\/p>\t\t\t\t\t\t\t\t<\/div>\n\t\t\t\t<\/div>\n\t\t\t\t<\/div>\n\t\t<div class=\"elementor-element elementor-element-a5aecfa e-con-full e-flex e-con e-child\" data-id=\"a5aecfa\" data-element_type=\"container\" data-e-type=\"container\" data-settings=\"{&quot;background_background&quot;:&quot;classic&quot;}\">\n\t\t\t\t<div class=\"elementor-element elementor-element-529ab81 elementor-widget elementor-widget-image\" data-id=\"529ab81\" data-element_type=\"widget\" data-e-type=\"widget\" data-widget_type=\"image.default\">\n\t\t\t\t<div class=\"elementor-widget-container\">\n\t\t\t\t\t\t\t\t\t\t\t\t\t\t\t\t<a href=\"https:\/\/medicon.de\/es\/medicontainer\/\">\n\t\t\t\t\t\t\t<img decoding=\"async\" width=\"300\" height=\"297\" src=\"https:\/\/medicon.de\/wp-content\/uploads\/Containerturm-ohne-Schatten-300x297.png\" class=\"attachment-medium size-medium wp-image-112114\" alt=\"Drei gestapelte Sterilisationscontainer aus Metall des Systems MediconTainer mit Verschl\u00fcssen und farblichen Dichtungen\" srcset=\"https:\/\/medicon.de\/wp-content\/uploads\/Containerturm-ohne-Schatten-300x297.png 300w, https:\/\/medicon.de\/wp-content\/uploads\/Containerturm-ohne-Schatten-150x150.png 150w, https:\/\/medicon.de\/wp-content\/uploads\/Containerturm-ohne-Schatten.png 350w\" sizes=\"(max-width: 300px) 100vw, 300px\" \/>\t\t\t\t\t\t\t\t<\/a>\n\t\t\t\t\t\t\t\t\t\t\t\t\t\t\t<\/div>\n\t\t\t\t<\/div>\n\t\t\t\t<\/div>\n\t\t\t\t<\/div>\n\t\t\t\t<\/div>\n\t\t\t\t\t<\/div>\n\t\t\t\t<\/div>\n\t\t<div class=\"elementor-element elementor-element-9a01792 elementor-hidden-desktop elementor-hidden-tablet e-flex e-con-boxed e-con e-parent\" data-id=\"9a01792\" data-element_type=\"container\" data-e-type=\"container\">\n\t\t\t\t\t<div class=\"e-con-inner\">\n\t\t<div class=\"elementor-element elementor-element-63708e4 e-con-full e-flex e-con e-child\" data-id=\"63708e4\" data-element_type=\"container\" data-e-type=\"container\" data-settings=\"{&quot;background_background&quot;:&quot;classic&quot;}\">\n\t\t\t\t<div class=\"elementor-element elementor-element-2d3137a elementor-widget elementor-widget-text-editor\" data-id=\"2d3137a\" data-element_type=\"widget\" data-e-type=\"widget\" data-widget_type=\"text-editor.default\">\n\t\t\t\t<div class=\"elementor-widget-container\">\n\t\t\t\t\t\t\t\t\t<p>Aplicaci\u00f3n<\/p>\t\t\t\t\t\t\t\t<\/div>\n\t\t\t\t<\/div>\n\t\t\t\t<div class=\"elementor-element elementor-element-5510b43 elementor-widget elementor-widget-heading\" data-id=\"5510b43\" data-element_type=\"widget\" data-e-type=\"widget\" data-widget_type=\"heading.default\">\n\t\t\t\t<div class=\"elementor-widget-container\">\n\t\t\t\t\t<h2 class=\"elementor-heading-title elementor-size-default\">Suministro de material esterilizado<\/h2>\t\t\t\t<\/div>\n\t\t\t\t<\/div>\n\t\t\t\t<\/div>\n\t\t<div class=\"elementor-element elementor-element-cdea996 e-con-full e-flex e-con e-child\" data-id=\"cdea996\" data-element_type=\"container\" data-e-type=\"container\">\n\t\t\t\t<div class=\"elementor-element elementor-element-63791f1 elementor-widget elementor-widget-image\" data-id=\"63791f1\" data-element_type=\"widget\" data-e-type=\"widget\" data-widget_type=\"image.default\">\n\t\t\t\t<div class=\"elementor-widget-container\">\n\t\t\t\t\t\t\t\t\t\t\t\t\t\t\t\t<a href=\"https:\/\/medicon.de\/es\/productos\/productos-de-mantenimiento-para-instrumental-quirurgico\/\" target=\"_blank\">\n\t\t\t\t\t\t\t<img fetchpriority=\"high\" decoding=\"async\" width=\"300\" height=\"300\" src=\"https:\/\/medicon.de\/wp-content\/uploads\/2022\/02\/BG_HB_Pflegemittel-300x300.png\" class=\"attachment-medium size-medium wp-image-11965\" alt=\"\" srcset=\"https:\/\/medicon.de\/wp-content\/uploads\/2022\/02\/BG_HB_Pflegemittel-300x300.png 300w, https:\/\/medicon.de\/wp-content\/uploads\/2022\/02\/BG_HB_Pflegemittel-100x100.png 100w, https:\/\/medicon.de\/wp-content\/uploads\/2022\/02\/BG_HB_Pflegemittel-400x400.png 400w, https:\/\/medicon.de\/wp-content\/uploads\/2022\/02\/BG_HB_Pflegemittel-150x150.png 150w, https:\/\/medicon.de\/wp-content\/uploads\/2022\/02\/BG_HB_Pflegemittel.png 500w\" sizes=\"(max-width: 300px) 100vw, 300px\" \/>\t\t\t\t\t\t\t\t<\/a>\n\t\t\t\t\t\t\t\t\t\t\t\t\t\t\t<\/div>\n\t\t\t\t<\/div>\n\t\t\t\t<div class=\"elementor-element elementor-element-3ce290a elementor-widget elementor-widget-text-editor\" data-id=\"3ce290a\" data-element_type=\"widget\" data-e-type=\"widget\" data-widget_type=\"text-editor.default\">\n\t\t\t\t<div class=\"elementor-widget-container\">\n\t\t\t\t\t\t\t\t\t<p>Otros<\/p>\t\t\t\t\t\t\t\t<\/div>\n\t\t\t\t<\/div>\n\t\t\t\t<div class=\"elementor-element elementor-element-f66c664 elementor-widget elementor-widget-text-editor\" data-id=\"f66c664\" data-element_type=\"widget\" data-e-type=\"widget\" data-widget_type=\"text-editor.default\">\n\t\t\t\t<div class=\"elementor-widget-container\">\n\t\t\t\t\t\t\t\t\t<p>Productos de mantenimiento para instrumental quir\u00fargico<\/p>\t\t\t\t\t\t\t\t<\/div>\n\t\t\t\t<\/div>\n\t\t\t\t<\/div>\n\t\t<div class=\"elementor-element elementor-element-088f9bc e-con-full e-flex e-con e-child\" data-id=\"088f9bc\" data-element_type=\"container\" data-e-type=\"container\">\n\t\t\t\t<div class=\"elementor-element elementor-element-c236029 elementor-widget elementor-widget-image\" data-id=\"c236029\" data-element_type=\"widget\" data-e-type=\"widget\" data-widget_type=\"image.default\">\n\t\t\t\t<div class=\"elementor-widget-container\">\n\t\t\t\t\t\t\t\t\t\t\t\t\t\t\t\t<a href=\"https:\/\/medicon.de\/es\/medicontainer\/\">\n\t\t\t\t\t\t\t<img decoding=\"async\" width=\"300\" height=\"297\" src=\"https:\/\/medicon.de\/wp-content\/uploads\/Containerturm-ohne-Schatten-300x297.png\" class=\"attachment-medium size-medium wp-image-112114\" alt=\"Drei gestapelte Sterilisationscontainer aus Metall des Systems MediconTainer mit Verschl\u00fcssen und farblichen Dichtungen\" srcset=\"https:\/\/medicon.de\/wp-content\/uploads\/Containerturm-ohne-Schatten-300x297.png 300w, https:\/\/medicon.de\/wp-content\/uploads\/Containerturm-ohne-Schatten-150x150.png 150w, https:\/\/medicon.de\/wp-content\/uploads\/Containerturm-ohne-Schatten.png 350w\" sizes=\"(max-width: 300px) 100vw, 300px\" \/>\t\t\t\t\t\t\t\t<\/a>\n\t\t\t\t\t\t\t\t\t\t\t\t\t\t\t<\/div>\n\t\t\t\t<\/div>\n\t\t\t\t<div class=\"elementor-element elementor-element-b62332e elementor-widget elementor-widget-text-editor\" data-id=\"b62332e\" data-element_type=\"widget\" data-e-type=\"widget\" data-widget_type=\"text-editor.default\">\n\t\t\t\t<div class=\"elementor-widget-container\">\n\t\t\t\t\t\t\t\t\t<p>Contenedor est\u00e9ril<\/p>\t\t\t\t\t\t\t\t<\/div>\n\t\t\t\t<\/div>\n\t\t\t\t<div class=\"elementor-element elementor-element-17f7252 elementor-widget elementor-widget-text-editor\" data-id=\"17f7252\" data-element_type=\"widget\" data-e-type=\"widget\" data-widget_type=\"text-editor.default\">\n\t\t\t\t<div class=\"elementor-widget-container\">\n\t\t\t\t\t\t\t\t\t<p>Sistema \u00abMEDICONTAINER\u00bb para el suministro y la eliminaci\u00f3n de productos est\u00e9riles<\/p>\t\t\t\t\t\t\t\t<\/div>\n\t\t\t\t<\/div>\n\t\t\t\t<\/div>\n\t\t\t\t\t<\/div>\n\t\t\t\t<\/div>\n\t\t<div class=\"elementor-element elementor-element-4a74fd6 e-flex e-con-boxed e-con e-parent\" data-id=\"4a74fd6\" data-element_type=\"container\" data-e-type=\"container\">\n\t\t\t\t\t<div class=\"e-con-inner\">\n\t\t<div class=\"elementor-element elementor-element-77fbd62 e-con-full e-flex e-con e-child\" data-id=\"77fbd62\" data-element_type=\"container\" data-e-type=\"container\">\n\t\t\t\t<div class=\"elementor-element elementor-element-fd3a298 elementor-widget elementor-widget-heading\" data-id=\"fd3a298\" data-element_type=\"widget\" data-e-type=\"widget\" data-widget_type=\"heading.default\">\n\t\t\t\t<div class=\"elementor-widget-container\">\n\t\t\t\t\t<h3 class=\"elementor-heading-title elementor-size-default\">Cat\u00e1logos especiales para suministro de material esterilizado<\/h3>\t\t\t\t<\/div>\n\t\t\t\t<\/div>\n\t\t\t\t<div class=\"elementor-element elementor-element-b1e9f47 elementor-widget elementor-widget-text-editor\" data-id=\"b1e9f47\" data-element_type=\"widget\" data-e-type=\"widget\" data-widget_type=\"text-editor.default\">\n\t\t\t\t<div class=\"elementor-widget-container\">\n\t\t\t\t\t\t\t\t\t<p>Haga clic en la imagen de la portada para abrir la publicaci\u00f3n y hojearla (los cat\u00e1logos se abren como publicaciones en l\u00ednea en una nueva ventana del navegador). <\/p>\t\t\t\t\t\t\t\t<\/div>\n\t\t\t\t<\/div>\n\t\t\t\t<div class=\"elementor-element elementor-element-c9cd3b0 elementor-widget elementor-widget-jet-listing-grid\" data-id=\"c9cd3b0\" data-element_type=\"widget\" data-e-type=\"widget\" data-settings=\"{&quot;columns&quot;:&quot;4&quot;,&quot;columns_tablet&quot;:&quot;3&quot;,&quot;columns_mobile&quot;:&quot;1&quot;}\" data-widget_type=\"jet-listing-grid.default\">\n\t\t\t\t<div class=\"elementor-widget-container\">\n\t\t\t\t\t<div class=\"jet-listing-grid jet-listing\"><div class=\"jet-listing-grid__items grid-col-desk-4 grid-col-tablet-3 grid-col-mobile-1 jet-listing-grid--21882 jet-equal-columns__wrapper\" data-queried-id=\"104377|WP_Post\" data-nav=\"{&quot;enabled&quot;:false,&quot;type&quot;:null,&quot;more_el&quot;:null,&quot;query&quot;:[],&quot;widget_settings&quot;:{&quot;lisitng_id&quot;:21882,&quot;posts_num&quot;:3,&quot;columns&quot;:4,&quot;columns_tablet&quot;:3,&quot;columns_mobile&quot;:1,&quot;column_min_width&quot;:240,&quot;column_min_width_tablet&quot;:240,&quot;column_min_width_mobile&quot;:240,&quot;inline_columns_css&quot;:false,&quot;is_archive_template&quot;:&quot;&quot;,&quot;post_status&quot;:[&quot;publish&quot;],&quot;use_random_posts_num&quot;:&quot;&quot;,&quot;max_posts_num&quot;:9,&quot;not_found_message&quot;:&quot;No hay cat\\u00e1logo\\\/folleto vinculado.&quot;,&quot;is_masonry&quot;:false,&quot;equal_columns_height&quot;:&quot;yes&quot;,&quot;use_load_more&quot;:&quot;&quot;,&quot;load_more_id&quot;:&quot;&quot;,&quot;load_more_type&quot;:&quot;click&quot;,&quot;load_more_offset&quot;:{&quot;unit&quot;:&quot;px&quot;,&quot;size&quot;:0,&quot;sizes&quot;:[]},&quot;use_custom_post_types&quot;:&quot;&quot;,&quot;custom_post_types&quot;:[],&quot;hide_widget_if&quot;:&quot;&quot;,&quot;carousel_enabled&quot;:&quot;&quot;,&quot;slides_to_scroll&quot;:&quot;2&quot;,&quot;arrows&quot;:&quot;true&quot;,&quot;arrow_icon&quot;:&quot;fa fa-angle-left&quot;,&quot;dots&quot;:&quot;&quot;,&quot;autoplay&quot;:&quot;true&quot;,&quot;pause_on_hover&quot;:&quot;true&quot;,&quot;autoplay_speed&quot;:5000,&quot;infinite&quot;:&quot;true&quot;,&quot;center_mode&quot;:&quot;&quot;,&quot;effect&quot;:&quot;fade&quot;,&quot;speed&quot;:500,&quot;inject_alternative_items&quot;:&quot;&quot;,&quot;injection_items&quot;:[],&quot;scroll_slider_enabled&quot;:&quot;&quot;,&quot;scroll_slider_on&quot;:[&quot;desktop&quot;,&quot;tablet&quot;,&quot;mobile&quot;],&quot;custom_query&quot;:false,&quot;custom_query_id&quot;:&quot;&quot;,&quot;_element_id&quot;:&quot;&quot;,&quot;collapse_first_last_gap&quot;:false,&quot;list_tag_selection&quot;:&quot;&quot;,&quot;list_items_wrapper_tag&quot;:&quot;div&quot;,&quot;list_item_tag&quot;:&quot;div&quot;,&quot;empty_items_wrapper_tag&quot;:&quot;div&quot;}}\" data-page=\"1\" data-pages=\"1\" data-listing-source=\"posts\" data-listing-id=\"21882\" data-query-id=\"\"><div class=\"jet-listing-grid__item jet-listing-dynamic-post-21205 jet-equal-columns\" data-post-id=\"21205\"  >\t\t<div data-elementor-type=\"jet-listing-items\" data-elementor-id=\"29329\" class=\"elementor elementor-29329 elementor-21882 elementor-21882\" data-elementor-post-type=\"jet-engine\">\n\t\t\t\t<div class=\"elementor-element elementor-element-58ca52b jedv-enabled--yes WPRocketSafeList e-flex e-con-boxed e-con e-parent\" data-id=\"58ca52b\" data-element_type=\"container\" data-e-type=\"container\">\n\t\t\t\t\t<div class=\"e-con-inner\">\n\t\t<div class=\"elementor-element elementor-element-bea2ee9 e-con-full e-flex e-con e-child\" data-id=\"bea2ee9\" data-element_type=\"container\" data-e-type=\"container\">\n\t\t\t\t<div class=\"elementor-element elementor-element-9e1eb2f matomo_download elementor-widget elementor-widget-image\" data-id=\"9e1eb2f\" data-element_type=\"widget\" data-e-type=\"widget\" data-widget_type=\"image.default\">\n\t\t\t\t<div class=\"elementor-widget-container\">\n\t\t\t\t\t\t\t\t\t\t\t\t<figure class=\"wp-caption\">\n\t\t\t\t\t\t\t\t\t\t\t<a href=\"https:\/\/medicon.de\/publications\/450.00.03_Hauptkatalog\/\" target=\"_blank\" data-track-content=\"\" data-content-piece=\"Katalog\" rel=\"noreferrer noopener\">\n\t\t\t\t\t\t\t<img decoding=\"async\" width=\"500\" height=\"650\" src=\"https:\/\/medicon.de\/wp-content\/uploads\/2022\/04\/450.00.03_Hauptkatalog.jpg\" class=\"attachment-full size-full wp-image-68895\" alt=\"Hauptkatalog von Medicon mit dem Slogan \u201ethe art of surgery\u201c, bunten Figuren und abstrakter Kunst in menschlicher Silhouette.\" srcset=\"https:\/\/medicon.de\/wp-content\/uploads\/2022\/04\/450.00.03_Hauptkatalog.jpg 500w, https:\/\/medicon.de\/wp-content\/uploads\/2022\/04\/450.00.03_Hauptkatalog-231x300.jpg 231w\" sizes=\"(max-width: 500px) 100vw, 500px\" \/>\t\t\t\t\t\t\t\t<\/a>\n\t\t\t\t\t\t\t\t\t\t\t<figcaption class=\"widget-image-caption wp-caption-text\">Medicon Hauptkatalog<\/figcaption>\n\t\t\t\t\t\t\t\t\t\t<\/figure>\n\t\t\t\t\t\t\t\t\t<\/div>\n\t\t\t\t<\/div>\n\t\t\t\t<\/div>\n\t\t\t\t\t<\/div>\n\t\t\t\t<\/div>\n\t\t\t\t<\/div>\n\t\t<\/div><div class=\"jet-listing-grid__item jet-listing-dynamic-post-111084 jet-equal-columns\" data-post-id=\"111084\"  >\t\t<div data-elementor-type=\"jet-listing-items\" data-elementor-id=\"29329\" class=\"elementor elementor-29329 elementor-21882 elementor-21882\" data-elementor-post-type=\"jet-engine\">\n\t\t\t\t<div class=\"elementor-element elementor-element-58ca52b jedv-enabled--yes WPRocketSafeList e-flex e-con-boxed e-con e-parent\" data-id=\"58ca52b\" data-element_type=\"container\" data-e-type=\"container\">\n\t\t\t\t\t<div class=\"e-con-inner\">\n\t\t<div class=\"elementor-element elementor-element-bea2ee9 e-con-full e-flex e-con e-child\" data-id=\"bea2ee9\" data-element_type=\"container\" data-e-type=\"container\">\n\t\t\t\t<div class=\"elementor-element elementor-element-9e1eb2f matomo_download elementor-widget elementor-widget-image\" data-id=\"9e1eb2f\" data-element_type=\"widget\" data-e-type=\"widget\" data-widget_type=\"image.default\">\n\t\t\t\t<div class=\"elementor-widget-container\">\n\t\t\t\t\t\t\t\t\t\t\t\t<figure class=\"wp-caption\">\n\t\t\t\t\t\t\t\t\t\t\t<a href=\"https:\/\/medicon.de\/publications\/453.38.02_MediconTainer\/\" target=\"_blank\" data-track-content=\"\" data-content-piece=\"Katalog\" rel=\"noreferrer noopener\">\n\t\t\t\t\t\t\t<img loading=\"lazy\" decoding=\"async\" width=\"500\" height=\"707\" src=\"https:\/\/medicon.de\/wp-content\/uploads\/MediconTainer.png\" class=\"attachment-full size-full wp-image-112265\" alt=\"Drei gestapelte Sterilisationscontainer aus Metall des Systems MediconTainer mit Verschl\u00fcssen und farblichen Dichtungen vor rotem Hintergrund\" srcset=\"https:\/\/medicon.de\/wp-content\/uploads\/MediconTainer.png 500w, https:\/\/medicon.de\/wp-content\/uploads\/MediconTainer-212x300.png 212w\" sizes=\"(max-width: 500px) 100vw, 500px\" \/>\t\t\t\t\t\t\t\t<\/a>\n\t\t\t\t\t\t\t\t\t\t\t<figcaption class=\"widget-image-caption wp-caption-text\">MediconTainer<\/figcaption>\n\t\t\t\t\t\t\t\t\t\t<\/figure>\n\t\t\t\t\t\t\t\t\t<\/div>\n\t\t\t\t<\/div>\n\t\t\t\t<\/div>\n\t\t\t\t\t<\/div>\n\t\t\t\t<\/div>\n\t\t\t\t<\/div>\n\t\t<\/div><\/div><\/div>\t\t\t\t<\/div>\n\t\t\t\t<\/div>\n\t\t\t\t<\/div>\n\t\t\t\t\t<\/div>\n\t\t\t\t<\/div>\n\t\t\t\t<\/div>\n\t\t","protected":false},"excerpt":{"rendered":"<p>Otros Productos de mantenimiento para instrumental quir\u00fargico Aplicaci\u00f3n Suministro de material esterilizado Contenedor est\u00e9ril Sistema \u00abMEDICONTAINER\u00bb para el suministro y la eliminaci\u00f3n de productos est\u00e9riles Aplicaci\u00f3n Suministro de material esterilizado Otros Productos de mantenimiento para instrumental quir\u00fargico Contenedor est\u00e9ril Sistema \u00abMEDICONTAINER\u00bb para el suministro y la eliminaci\u00f3n de productos est\u00e9riles Cat\u00e1logos especiales para suministro de [&hellip;]<\/p>\n","protected":false},"author":3,"featured_media":0,"parent":0,"menu_order":0,"comment_status":"closed","ping_status":"closed","template":"","meta":{"_acf_changed":false,"postBodyCss":"","postBodyMargin":[],"postBodyPadding":[],"postBodyBackground":{"backgroundType":"classic","gradient":""},"footnotes":"","_links_to":"","_links_to_target":""},"business_unit":[],"fachgebiet":[],"class_list":["post-104377","page","type-page","status-publish","hentry"],"acf":[],"_links":{"self":[{"href":"https:\/\/medicon.de\/es\/wp-json\/wp\/v2\/pages\/104377","targetHints":{"allow":["GET"]}}],"collection":[{"href":"https:\/\/medicon.de\/es\/wp-json\/wp\/v2\/pages"}],"about":[{"href":"https:\/\/medicon.de\/es\/wp-json\/wp\/v2\/types\/page"}],"author":[{"embeddable":true,"href":"https:\/\/medicon.de\/es\/wp-json\/wp\/v2\/users\/3"}],"replies":[{"embeddable":true,"href":"https:\/\/medicon.de\/es\/wp-json\/wp\/v2\/comments?post=104377"}],"version-history":[{"count":25,"href":"https:\/\/medicon.de\/es\/wp-json\/wp\/v2\/pages\/104377\/revisions"}],"predecessor-version":[{"id":112260,"href":"https:\/\/medicon.de\/es\/wp-json\/wp\/v2\/pages\/104377\/revisions\/112260"}],"wp:attachment":[{"href":"https:\/\/medicon.de\/es\/wp-json\/wp\/v2\/media?parent=104377"}],"wp:term":[{"taxonomy":"business_unit","embeddable":true,"href":"https:\/\/medicon.de\/es\/wp-json\/wp\/v2\/business_unit?post=104377"},{"taxonomy":"fachgebiet","embeddable":true,"href":"https:\/\/medicon.de\/es\/wp-json\/wp\/v2\/fachgebiet?post=104377"}],"curies":[{"name":"wp","href":"https:\/\/api.w.org\/{rel}","templated":true}]}}