{"id":104393,"date":"2025-10-30T08:46:41","date_gmt":"2025-10-30T07:46:41","guid":{"rendered":"https:\/\/medicon.de\/instrumentos-orl\/"},"modified":"2026-02-13T08:02:29","modified_gmt":"2026-02-13T07:02:29","slug":"instrumentos-orl","status":"publish","type":"page","link":"https:\/\/medicon.de\/es\/instrumentos-orl\/","title":{"rendered":"Instrumentos ORL"},"content":{"rendered":"\t\t<div data-elementor-type=\"wp-page\" data-elementor-id=\"104393\" class=\"elementor elementor-104393 elementor-102704\" data-elementor-post-type=\"page\">\n\t\t\t\t<div class=\"elementor-element elementor-element-a69e55f e-flex e-con-boxed e-con e-parent\" data-id=\"a69e55f\" data-element_type=\"container\" data-e-type=\"container\">\n\t\t\t\t\t<div class=\"e-con-inner\">\n\t\t<a class=\"elementor-element elementor-element-39f5983 e-con-full mobile-clean e-flex e-con e-child\" data-id=\"39f5983\" data-element_type=\"container\" data-e-type=\"container\" data-settings=\"{&quot;background_background&quot;:&quot;classic&quot;}\" href=\"https:\/\/medicon.de\/es\/productos\/laringoscopios\/\">\n\t\t\t\t<div class=\"elementor-element elementor-element-93b1252 elementor-widget elementor-widget-text-editor\" data-id=\"93b1252\" data-element_type=\"widget\" data-e-type=\"widget\" data-widget_type=\"text-editor.default\">\n\t\t\t\t<div class=\"elementor-widget-container\">\n\t\t\t\t\t\t\t\t\t<p>Instrumentos, Otros<\/p>\t\t\t\t\t\t\t\t<\/div>\n\t\t\t\t<\/div>\n\t\t\t\t<div class=\"elementor-element elementor-element-d55ed2f elementor-widget elementor-widget-text-editor\" data-id=\"d55ed2f\" data-element_type=\"widget\" data-e-type=\"widget\" data-widget_type=\"text-editor.default\">\n\t\t\t\t<div class=\"elementor-widget-container\">\n\t\t\t\t\t\t\t\t\t<p>Laringoscopios<\/p>\t\t\t\t\t\t\t\t<\/div>\n\t\t\t\t<\/div>\n\t\t\t\t<\/a>\n\t\t<a class=\"elementor-element elementor-element-fcb25a8 e-con-full e-flex e-con e-child\" data-id=\"fcb25a8\" data-element_type=\"container\" data-e-type=\"container\" data-settings=\"{&quot;background_background&quot;:&quot;classic&quot;}\" href=\"https:\/\/medicon.de\/es\/productos\/laringoscopios\/\">\n\t\t\t\t<\/a>\n\t\t<div class=\"elementor-element elementor-element-a51f94e e-con-full e-flex e-con e-child\" data-id=\"a51f94e\" data-element_type=\"container\" data-e-type=\"container\" data-settings=\"{&quot;background_background&quot;:&quot;classic&quot;}\">\n\t\t\t\t<div class=\"elementor-element elementor-element-ab2c641 elementor-widget elementor-widget-text-editor\" data-id=\"ab2c641\" data-element_type=\"widget\" data-e-type=\"widget\" data-widget_type=\"text-editor.default\">\n\t\t\t\t<div class=\"elementor-widget-container\">\n\t\t\t\t\t\t\t\t\t<p>Aplicaci\u00f3n<\/p>\t\t\t\t\t\t\t\t<\/div>\n\t\t\t\t<\/div>\n\t\t\t\t<div class=\"elementor-element elementor-element-866ce24 elementor-widget elementor-widget-heading\" data-id=\"866ce24\" data-element_type=\"widget\" data-e-type=\"widget\" data-widget_type=\"heading.default\">\n\t\t\t\t<div class=\"elementor-widget-container\">\n\t\t\t\t\t<h1 class=\"elementor-heading-title elementor-size-default\">Instrumentos ORL<\/h1>\t\t\t\t<\/div>\n\t\t\t\t<\/div>\n\t\t\t\t<\/div>\n\t\t\t\t\t<\/div>\n\t\t\t\t<\/div>\n\t\t<div class=\"elementor-element elementor-element-afab0d5 elementor-hidden-desktop elementor-hidden-tablet elementor-hidden-mobile e-flex e-con-boxed e-con e-parent\" data-id=\"afab0d5\" data-element_type=\"container\" data-e-type=\"container\">\n\t\t\t\t\t<div class=\"e-con-inner\">\n\t\t<div class=\"elementor-element elementor-element-552d350 e-con-full e-flex e-con e-child\" data-id=\"552d350\" data-element_type=\"container\" data-e-type=\"container\" data-settings=\"{&quot;background_background&quot;:&quot;classic&quot;}\">\n\t\t\t\t<div class=\"elementor-element elementor-element-a2c4e6b elementor-widget elementor-widget-text-editor\" data-id=\"a2c4e6b\" data-element_type=\"widget\" data-e-type=\"widget\" data-widget_type=\"text-editor.default\">\n\t\t\t\t<div class=\"elementor-widget-container\">\n\t\t\t\t\t\t\t\t\t<p>Aplicaci\u00f3n<\/p>\t\t\t\t\t\t\t\t<\/div>\n\t\t\t\t<\/div>\n\t\t\t\t<div class=\"elementor-element elementor-element-9f4edad elementor-widget elementor-widget-heading\" data-id=\"9f4edad\" data-element_type=\"widget\" data-e-type=\"widget\" data-widget_type=\"heading.default\">\n\t\t\t\t<div class=\"elementor-widget-container\">\n\t\t\t\t\t<div class=\"elementor-heading-title elementor-size-default\">Instrumentos ORL<\/div>\t\t\t\t<\/div>\n\t\t\t\t<\/div>\n\t\t\t\t<\/div>\n\t\t<div class=\"elementor-element elementor-element-305cc81 e-con-full e-flex e-con e-child\" data-id=\"305cc81\" data-element_type=\"container\" data-e-type=\"container\">\n\t\t\t\t<div class=\"elementor-element elementor-element-7329953 elementor-widget elementor-widget-image\" data-id=\"7329953\" data-element_type=\"widget\" data-e-type=\"widget\" data-widget_type=\"image.default\">\n\t\t\t\t<div class=\"elementor-widget-container\">\n\t\t\t\t\t\t\t\t\t\t\t\t\t\t\t\t<a href=\"https:\/\/medicon.de\/es\/productos\/laringoscopios\/\">\n\t\t\t\t\t\t\t<img fetchpriority=\"high\" decoding=\"async\" width=\"500\" height=\"500\" src=\"https:\/\/medicon.de\/wp-content\/uploads\/LaryngoskopSpatel.png\" class=\"attachment-large size-large wp-image-104392\" alt=\"Gebogene Laryngoskop-Klinge zur Atemwegssicherung\" srcset=\"https:\/\/medicon.de\/wp-content\/uploads\/LaryngoskopSpatel.png 500w, https:\/\/medicon.de\/wp-content\/uploads\/LaryngoskopSpatel-300x300.png 300w, https:\/\/medicon.de\/wp-content\/uploads\/LaryngoskopSpatel-150x150.png 150w\" sizes=\"(max-width: 500px) 100vw, 500px\" \/>\t\t\t\t\t\t\t\t<\/a>\n\t\t\t\t\t\t\t\t\t\t\t\t\t\t\t<\/div>\n\t\t\t\t<\/div>\n\t\t\t\t<div class=\"elementor-element elementor-element-f2fdb97 elementor-widget elementor-widget-text-editor\" data-id=\"f2fdb97\" data-element_type=\"widget\" data-e-type=\"widget\" data-widget_type=\"text-editor.default\">\n\t\t\t\t<div class=\"elementor-widget-container\">\n\t\t\t\t\t\t\t\t\t<p>Instrumentos, Otros<\/p>\t\t\t\t\t\t\t\t<\/div>\n\t\t\t\t<\/div>\n\t\t\t\t<div class=\"elementor-element elementor-element-85ee7c1 elementor-widget elementor-widget-text-editor\" data-id=\"85ee7c1\" data-element_type=\"widget\" data-e-type=\"widget\" data-widget_type=\"text-editor.default\">\n\t\t\t\t<div class=\"elementor-widget-container\">\n\t\t\t\t\t\t\t\t\t<p>Laringoscopios<\/p>\t\t\t\t\t\t\t\t<\/div>\n\t\t\t\t<\/div>\n\t\t\t\t<\/div>\n\t\t\t\t\t<\/div>\n\t\t\t\t<\/div>\n\t\t<div class=\"elementor-element elementor-element-9f7a758 e-flex e-con-boxed e-con e-parent\" data-id=\"9f7a758\" data-element_type=\"container\" data-e-type=\"container\">\n\t\t\t\t\t<div class=\"e-con-inner\">\n\t\t<div class=\"elementor-element elementor-element-11a761f e-con-full e-flex e-con e-child\" data-id=\"11a761f\" data-element_type=\"container\" data-e-type=\"container\">\n\t\t\t\t<div class=\"elementor-element elementor-element-3472937 elementor-widget elementor-widget-heading\" data-id=\"3472937\" data-element_type=\"widget\" data-e-type=\"widget\" data-widget_type=\"heading.default\">\n\t\t\t\t<div class=\"elementor-widget-container\">\n\t\t\t\t\t<h3 class=\"elementor-heading-title elementor-size-default\">Cat\u00e1logos especiales para instrumentos ORL<\/h3>\t\t\t\t<\/div>\n\t\t\t\t<\/div>\n\t\t\t\t<div class=\"elementor-element elementor-element-a6bd330 elementor-widget elementor-widget-text-editor\" data-id=\"a6bd330\" data-element_type=\"widget\" data-e-type=\"widget\" data-widget_type=\"text-editor.default\">\n\t\t\t\t<div class=\"elementor-widget-container\">\n\t\t\t\t\t\t\t\t\t<p>Haga clic en la imagen de la portada para abrir la publicaci\u00f3n y hojearla (los cat\u00e1logos se abren como publicaciones en l\u00ednea en una nueva ventana del navegador). <\/p>\t\t\t\t\t\t\t\t<\/div>\n\t\t\t\t<\/div>\n\t\t\t\t<div class=\"elementor-element elementor-element-007d932 elementor-widget elementor-widget-jet-listing-grid\" data-id=\"007d932\" data-element_type=\"widget\" data-e-type=\"widget\" data-settings=\"{&quot;columns&quot;:&quot;4&quot;,&quot;columns_tablet&quot;:&quot;3&quot;,&quot;columns_mobile&quot;:&quot;1&quot;}\" data-widget_type=\"jet-listing-grid.default\">\n\t\t\t\t<div class=\"elementor-widget-container\">\n\t\t\t\t\t<div class=\"jet-listing-grid jet-listing\"><div class=\"jet-listing-grid__items grid-col-desk-4 grid-col-tablet-3 grid-col-mobile-1 jet-listing-grid--21882 jet-equal-columns__wrapper\" data-queried-id=\"104393|WP_Post\" data-nav=\"{&quot;enabled&quot;:false,&quot;type&quot;:null,&quot;more_el&quot;:null,&quot;query&quot;:[],&quot;widget_settings&quot;:{&quot;lisitng_id&quot;:21882,&quot;posts_num&quot;:3,&quot;columns&quot;:4,&quot;columns_tablet&quot;:3,&quot;columns_mobile&quot;:1,&quot;column_min_width&quot;:240,&quot;column_min_width_tablet&quot;:240,&quot;column_min_width_mobile&quot;:240,&quot;inline_columns_css&quot;:false,&quot;is_archive_template&quot;:&quot;&quot;,&quot;post_status&quot;:[&quot;publish&quot;],&quot;use_random_posts_num&quot;:&quot;&quot;,&quot;max_posts_num&quot;:9,&quot;not_found_message&quot;:&quot;No hay cat\\u00e1logo\\\/folleto vinculado.&quot;,&quot;is_masonry&quot;:false,&quot;equal_columns_height&quot;:&quot;yes&quot;,&quot;use_load_more&quot;:&quot;&quot;,&quot;load_more_id&quot;:&quot;&quot;,&quot;load_more_type&quot;:&quot;click&quot;,&quot;load_more_offset&quot;:null,&quot;use_custom_post_types&quot;:&quot;&quot;,&quot;custom_post_types&quot;:[],&quot;hide_widget_if&quot;:&quot;&quot;,&quot;carousel_enabled&quot;:&quot;&quot;,&quot;slides_to_scroll&quot;:&quot;1&quot;,&quot;arrows&quot;:&quot;true&quot;,&quot;arrow_icon&quot;:&quot;fa fa-angle-left&quot;,&quot;dots&quot;:&quot;&quot;,&quot;autoplay&quot;:&quot;true&quot;,&quot;pause_on_hover&quot;:&quot;true&quot;,&quot;autoplay_speed&quot;:5000,&quot;infinite&quot;:&quot;true&quot;,&quot;center_mode&quot;:&quot;&quot;,&quot;effect&quot;:&quot;slide&quot;,&quot;speed&quot;:500,&quot;inject_alternative_items&quot;:&quot;&quot;,&quot;injection_items&quot;:[],&quot;scroll_slider_enabled&quot;:&quot;&quot;,&quot;scroll_slider_on&quot;:[&quot;desktop&quot;,&quot;tablet&quot;,&quot;mobile&quot;],&quot;custom_query&quot;:false,&quot;custom_query_id&quot;:&quot;&quot;,&quot;_element_id&quot;:&quot;&quot;,&quot;collapse_first_last_gap&quot;:false,&quot;list_tag_selection&quot;:&quot;&quot;,&quot;list_items_wrapper_tag&quot;:&quot;div&quot;,&quot;list_item_tag&quot;:&quot;div&quot;,&quot;empty_items_wrapper_tag&quot;:&quot;div&quot;}}\" data-page=\"1\" data-pages=\"1\" data-listing-source=\"posts\" data-listing-id=\"21882\" data-query-id=\"\"><div class=\"jet-listing-grid__item jet-listing-dynamic-post-21228 jet-equal-columns\" data-post-id=\"21228\"  >\t\t<div data-elementor-type=\"jet-listing-items\" data-elementor-id=\"29329\" class=\"elementor elementor-29329 elementor-21882 elementor-21882\" data-elementor-post-type=\"jet-engine\">\n\t\t\t\t<div class=\"elementor-element elementor-element-58ca52b jedv-enabled--yes WPRocketSafeList e-flex e-con-boxed e-con e-parent\" data-id=\"58ca52b\" data-element_type=\"container\" data-e-type=\"container\">\n\t\t\t\t\t<div class=\"e-con-inner\">\n\t\t<div class=\"elementor-element elementor-element-bea2ee9 e-con-full e-flex e-con e-child\" data-id=\"bea2ee9\" data-element_type=\"container\" data-e-type=\"container\">\n\t\t\t\t<div class=\"elementor-element elementor-element-9e1eb2f matomo_download elementor-widget elementor-widget-image\" data-id=\"9e1eb2f\" data-element_type=\"widget\" data-e-type=\"widget\" data-widget_type=\"image.default\">\n\t\t\t\t<div class=\"elementor-widget-container\">\n\t\t\t\t\t\t\t\t\t\t\t\t<figure class=\"wp-caption\">\n\t\t\t\t\t\t\t\t\t\t\t<a href=\"https:\/\/medicon.de\/publications\/450.00.37_ENT\/\" target=\"_blank\" data-track-content=\"\" data-content-piece=\"Katalog\" rel=\"noreferrer noopener\">\n\t\t\t\t\t\t\t<img decoding=\"async\" width=\"500\" height=\"707\" src=\"https:\/\/medicon.de\/wp-content\/uploads\/2022\/04\/450.00.37_ENT_Katalog.jpg\" class=\"attachment-full size-full wp-image-68793\" alt=\"Titelbild einer medizinischen Brosch\u00fcre mit dem Titel \u201eENT Surgery\u201c. Die Abk\u00fcrzung steht f\u00fcr \u201eEar, Nose, and Throat\u201c (HNO in Deutsch, ORL in Franz\u00f6sisch). Das Design zeigt moderne, abstrahierte Skulpturen sowie eine grafische Darstellung des menschlichen Kopfes mit Fokus auf den Geh\u00f6rgang. Linien und Pfeile visualisieren den Schallweg zum Ohr. Oben links ist ein Bild mit chirurgischen Instrumenten zu sehen. Unten befindet sich das Logo von \u201emedicon Instrumente \u2013 the art of surgery\u201c.\" srcset=\"https:\/\/medicon.de\/wp-content\/uploads\/2022\/04\/450.00.37_ENT_Katalog.jpg 500w, https:\/\/medicon.de\/wp-content\/uploads\/2022\/04\/450.00.37_ENT_Katalog-212x300.jpg 212w\" sizes=\"(max-width: 500px) 100vw, 500px\" \/>\t\t\t\t\t\t\t\t<\/a>\n\t\t\t\t\t\t\t\t\t\t\t<figcaption class=\"widget-image-caption wp-caption-text\">Instrumente f\u00fcr die Hals-Nasen-Ohren Chirurgie<\/figcaption>\n\t\t\t\t\t\t\t\t\t\t<\/figure>\n\t\t\t\t\t\t\t\t\t<\/div>\n\t\t\t\t<\/div>\n\t\t\t\t<\/div>\n\t\t\t\t\t<\/div>\n\t\t\t\t<\/div>\n\t\t\t\t<\/div>\n\t\t<\/div><div class=\"jet-listing-grid__item jet-listing-dynamic-post-111769 jet-equal-columns\" data-post-id=\"111769\"  >\t\t<div data-elementor-type=\"jet-listing-items\" data-elementor-id=\"29329\" class=\"elementor elementor-29329 elementor-21882 elementor-21882\" data-elementor-post-type=\"jet-engine\">\n\t\t\t\t<div class=\"elementor-element elementor-element-58ca52b jedv-enabled--yes WPRocketSafeList e-flex e-con-boxed e-con e-parent\" data-id=\"58ca52b\" data-element_type=\"container\" data-e-type=\"container\">\n\t\t\t\t\t<div class=\"e-con-inner\">\n\t\t<div class=\"elementor-element elementor-element-bea2ee9 e-con-full e-flex e-con e-child\" data-id=\"bea2ee9\" data-element_type=\"container\" data-e-type=\"container\">\n\t\t\t\t<div class=\"elementor-element elementor-element-9e1eb2f matomo_download elementor-widget elementor-widget-image\" data-id=\"9e1eb2f\" data-element_type=\"widget\" data-e-type=\"widget\" data-widget_type=\"image.default\">\n\t\t\t\t<div class=\"elementor-widget-container\">\n\t\t\t\t\t\t\t\t\t\t\t\t<figure class=\"wp-caption\">\n\t\t\t\t\t\t\t\t\t\t\t<a href=\"https:\/\/medicon.de\/publications\/450.00.46_Sinuskopie\/\" target=\"_blank\" data-track-content=\"\" data-content-piece=\"Katalog\" rel=\"noreferrer noopener\">\n\t\t\t\t\t\t\t<img decoding=\"async\" width=\"500\" height=\"654\" src=\"https:\/\/medicon.de\/wp-content\/uploads\/2022\/04\/450.00.46_Sinuskopie.jpg\" class=\"attachment-full size-full wp-image-68736\" alt=\"Die abgebildete Titelseite zeigt den Titel \u201eSinuskopie\u201c in gro\u00dfer Schrift, darunter in kleiner grauer Schrift die \u00dcbersetzungen: Nasennebenh\u00f6hlen-Chirurgie Paranasal Sinuses Surgery Cirug\u00eda del seno paranasal Chirurgie du sinus nasal Chirurgia per il seno paranasale Oben rechts ist eine Grafik mit einem menschlichen Gesicht, bei dem die Nasennebenh\u00f6hlen farblich hervorgehoben sind (rot, blau, gr\u00fcn, gelb), und chirurgische Instrumente im Hintergrund. Der obere Bereich zeigt ein blaues Band mit dem Wort \u201eInstruments\u201c links.\" srcset=\"https:\/\/medicon.de\/wp-content\/uploads\/2022\/04\/450.00.46_Sinuskopie.jpg 500w, https:\/\/medicon.de\/wp-content\/uploads\/2022\/04\/450.00.46_Sinuskopie-229x300.jpg 229w\" sizes=\"(max-width: 500px) 100vw, 500px\" \/>\t\t\t\t\t\t\t\t<\/a>\n\t\t\t\t\t\t\t\t\t\t\t<figcaption class=\"widget-image-caption wp-caption-text\">Sinuscopia &#8211; Cirug\u00eda de los senos paranasales<\/figcaption>\n\t\t\t\t\t\t\t\t\t\t<\/figure>\n\t\t\t\t\t\t\t\t\t<\/div>\n\t\t\t\t<\/div>\n\t\t\t\t<\/div>\n\t\t\t\t\t<\/div>\n\t\t\t\t<\/div>\n\t\t\t\t<\/div>\n\t\t<\/div><div class=\"jet-listing-grid__item jet-listing-dynamic-post-21229 jet-equal-columns\" data-post-id=\"21229\"  >\t\t<div data-elementor-type=\"jet-listing-items\" data-elementor-id=\"29329\" class=\"elementor elementor-29329 elementor-21882 elementor-21882\" data-elementor-post-type=\"jet-engine\">\n\t\t\t\t<div class=\"elementor-element elementor-element-58ca52b jedv-enabled--yes WPRocketSafeList e-flex e-con-boxed e-con e-parent\" data-id=\"58ca52b\" data-element_type=\"container\" data-e-type=\"container\">\n\t\t\t\t\t<div class=\"e-con-inner\">\n\t\t<div class=\"elementor-element elementor-element-bea2ee9 e-con-full e-flex e-con e-child\" data-id=\"bea2ee9\" data-element_type=\"container\" data-e-type=\"container\">\n\t\t\t\t<div class=\"elementor-element elementor-element-9e1eb2f matomo_download elementor-widget elementor-widget-image\" data-id=\"9e1eb2f\" data-element_type=\"widget\" data-e-type=\"widget\" data-widget_type=\"image.default\">\n\t\t\t\t<div class=\"elementor-widget-container\">\n\t\t\t\t\t\t\t\t\t\t\t\t<figure class=\"wp-caption\">\n\t\t\t\t\t\t\t\t\t\t\t<a href=\"https:\/\/medicon.de\/publications\/451.02.51_HNO_Basis_Siebe\/\" target=\"_blank\" data-track-content=\"\" data-content-piece=\"Katalog\" rel=\"noreferrer noopener\">\n\t\t\t\t\t\t\t<img loading=\"lazy\" decoding=\"async\" width=\"500\" height=\"655\" src=\"https:\/\/medicon.de\/wp-content\/uploads\/2022\/04\/45102.51_HNO_BasisSiebe.jpg\" class=\"attachment-full size-full wp-image-68761\" alt=\"Titelseite einer Brosch\u00fcre mit dem Titel \u201eHNO BASIS SIEBE Dr. Matthias W. Winter\u201c. Oben links ist eine stilisierte Weltkarte in Blaut\u00f6nen mit Koordinatenangaben zu sehen. Rechts oben befindet sich ein quadratisches Bild mit einem seitlichen Profil eines menschlichen Kopfes in T\u00fcrkisfarben, das die Nasen- und Rachenregion sowie das Innenohr schematisch beleuchtet darstellt. Unter dem Titel steht ein mehrsprachiger Text, der Instrumentensets f\u00fcr die HNO-Chirurgie beschreibt. Unten mittig ist das \u201emedicon\u201c-Logo in Rot platziert.\" srcset=\"https:\/\/medicon.de\/wp-content\/uploads\/2022\/04\/45102.51_HNO_BasisSiebe.jpg 500w, https:\/\/medicon.de\/wp-content\/uploads\/2022\/04\/45102.51_HNO_BasisSiebe-229x300.jpg 229w\" sizes=\"(max-width: 500px) 100vw, 500px\" \/>\t\t\t\t\t\t\t\t<\/a>\n\t\t\t\t\t\t\t\t\t\t\t<figcaption class=\"widget-image-caption wp-caption-text\">HNO Basis Siebe &#8211; Instrumentensets f\u00fcr die HNO-Chirurgie<\/figcaption>\n\t\t\t\t\t\t\t\t\t\t<\/figure>\n\t\t\t\t\t\t\t\t\t<\/div>\n\t\t\t\t<\/div>\n\t\t\t\t<\/div>\n\t\t\t\t\t<\/div>\n\t\t\t\t<\/div>\n\t\t\t\t<\/div>\n\t\t<\/div><\/div><\/div>\t\t\t\t<\/div>\n\t\t\t\t<\/div>\n\t\t\t\t<\/div>\n\t\t\t\t\t<\/div>\n\t\t\t\t<\/div>\n\t\t\t\t<\/div>\n\t\t","protected":false},"excerpt":{"rendered":"<p>Instrumentos, Otros Laringoscopios Aplicaci\u00f3n Instrumentos ORL Aplicaci\u00f3n Instrumentos ORL Instrumentos, Otros Laringoscopios Cat\u00e1logos especiales para instrumentos ORL Haga clic en la imagen de la portada para abrir la publicaci\u00f3n y hojearla (los cat\u00e1logos se abren como publicaciones en l\u00ednea en una nueva ventana del navegador).<\/p>\n","protected":false},"author":3,"featured_media":0,"parent":0,"menu_order":0,"comment_status":"closed","ping_status":"closed","template":"","meta":{"_acf_changed":false,"postBodyCss":"","postBodyMargin":[],"postBodyPadding":[],"postBodyBackground":{"backgroundType":"classic","gradient":""},"footnotes":"","_links_to":"","_links_to_target":""},"business_unit":[],"fachgebiet":[],"class_list":["post-104393","page","type-page","status-publish","hentry"],"acf":[],"_links":{"self":[{"href":"https:\/\/medicon.de\/es\/wp-json\/wp\/v2\/pages\/104393","targetHints":{"allow":["GET"]}}],"collection":[{"href":"https:\/\/medicon.de\/es\/wp-json\/wp\/v2\/pages"}],"about":[{"href":"https:\/\/medicon.de\/es\/wp-json\/wp\/v2\/types\/page"}],"author":[{"embeddable":true,"href":"https:\/\/medicon.de\/es\/wp-json\/wp\/v2\/users\/3"}],"replies":[{"embeddable":true,"href":"https:\/\/medicon.de\/es\/wp-json\/wp\/v2\/comments?post=104393"}],"version-history":[{"count":17,"href":"https:\/\/medicon.de\/es\/wp-json\/wp\/v2\/pages\/104393\/revisions"}],"predecessor-version":[{"id":110763,"href":"https:\/\/medicon.de\/es\/wp-json\/wp\/v2\/pages\/104393\/revisions\/110763"}],"wp:attachment":[{"href":"https:\/\/medicon.de\/es\/wp-json\/wp\/v2\/media?parent=104393"}],"wp:term":[{"taxonomy":"business_unit","embeddable":true,"href":"https:\/\/medicon.de\/es\/wp-json\/wp\/v2\/business_unit?post=104393"},{"taxonomy":"fachgebiet","embeddable":true,"href":"https:\/\/medicon.de\/es\/wp-json\/wp\/v2\/fachgebiet?post=104393"}],"curies":[{"name":"wp","href":"https:\/\/api.w.org\/{rel}","templated":true}]}}