{"id":104445,"date":"2025-11-04T10:41:23","date_gmt":"2025-11-04T09:41:23","guid":{"rendered":"https:\/\/medicon.de\/orthodontics\/"},"modified":"2026-02-16T07:03:44","modified_gmt":"2026-02-16T06:03:44","slug":"orthodontics","status":"publish","type":"page","link":"https:\/\/medicon.de\/es\/orthodontics\/","title":{"rendered":"Orthodontics"},"content":{"rendered":"\t\t<div data-elementor-type=\"wp-page\" data-elementor-id=\"104445\" class=\"elementor elementor-104445 elementor-102943\" data-elementor-post-type=\"page\">\n\t\t\t\t<div class=\"elementor-element elementor-element-9dce06d elementor-hidden-mobile e-flex e-con-boxed e-con e-parent\" data-id=\"9dce06d\" data-element_type=\"container\" data-e-type=\"container\" data-settings=\"{&quot;background_background&quot;:&quot;classic&quot;}\">\n\t\t\t\t\t<div class=\"e-con-inner\">\n\t\t<div class=\"elementor-element elementor-element-283db0d e-grid e-con-full e-con e-child\" data-id=\"283db0d\" data-element_type=\"container\" data-e-type=\"container\">\n\t\t<div class=\"elementor-element elementor-element-3765bd0 e-con-full e-grid div2 e-con e-child\" data-id=\"3765bd0\" data-element_type=\"container\" data-e-type=\"container\">\n\t\t<a class=\"elementor-element elementor-element-11717a1 e-con-full e-flex e-con e-child\" data-id=\"11717a1\" data-element_type=\"container\" data-e-type=\"container\" data-settings=\"{&quot;background_background&quot;:&quot;classic&quot;}\" href=\"https:\/\/medicon.de\/es\/productos\/anchor-screws-aarhus\/\">\n\t\t\t\t<div class=\"elementor-element elementor-element-ae09571 elementor-widget elementor-widget-text-editor\" data-id=\"ae09571\" data-element_type=\"widget\" data-e-type=\"widget\" data-widget_type=\"text-editor.default\">\n\t\t\t\t<div class=\"elementor-widget-container\">\n\t\t\t\t\t\t\t\t\t<p>Implantes<\/p>\t\t\t\t\t\t\t\t<\/div>\n\t\t\t\t<\/div>\n\t\t\t\t<div class=\"elementor-element elementor-element-4eb905e elementor-widget elementor-widget-text-editor\" data-id=\"4eb905e\" data-element_type=\"widget\" data-e-type=\"widget\" data-widget_type=\"text-editor.default\">\n\t\t\t\t<div class=\"elementor-widget-container\">\n\t\t\t\t\t\t\t\t\t<p>Aarhus tormillos de anclaje<\/p>\t\t\t\t\t\t\t\t<\/div>\n\t\t\t\t<\/div>\n\t\t\t\t<\/a>\n\t\t<div class=\"elementor-element elementor-element-ddc4587 e-con-full e-flex e-con e-child\" data-id=\"ddc4587\" data-element_type=\"container\" data-e-type=\"container\" data-settings=\"{&quot;background_background&quot;:&quot;classic&quot;}\">\n\t\t\t\t<div class=\"elementor-element elementor-element-36c5c8a elementor-widget elementor-widget-image\" data-id=\"36c5c8a\" data-element_type=\"widget\" data-e-type=\"widget\" data-widget_type=\"image.default\">\n\t\t\t\t<div class=\"elementor-widget-container\">\n\t\t\t\t\t\t\t\t\t\t\t\t\t\t\t\t<a href=\"https:\/\/medicon.de\/es\/productos\/anchor-screws-aarhus\/\" target=\"_blank\">\n\t\t\t\t\t\t\t<img fetchpriority=\"high\" decoding=\"async\" width=\"244\" height=\"300\" src=\"https:\/\/medicon.de\/wp-content\/uploads\/Aarhus_600x737-244x300.png\" class=\"attachment-medium size-medium wp-image-104403\" alt=\"Schematische Darstellung von Zahnimplantaten und Einschraubrichtungen im Kiefer\" srcset=\"https:\/\/medicon.de\/wp-content\/uploads\/Aarhus_600x737-244x300.png 244w, https:\/\/medicon.de\/wp-content\/uploads\/Aarhus_600x737.png 600w\" sizes=\"(max-width: 244px) 100vw, 244px\" \/>\t\t\t\t\t\t\t\t<\/a>\n\t\t\t\t\t\t\t\t\t\t\t\t\t\t\t<\/div>\n\t\t\t\t<\/div>\n\t\t\t\t<\/div>\n\t\t\t\t<\/div>\n\t\t<div class=\"elementor-element elementor-element-48f1948 e-con-full div1 e-flex e-con e-child\" data-id=\"48f1948\" data-element_type=\"container\" data-e-type=\"container\" data-settings=\"{&quot;background_background&quot;:&quot;classic&quot;}\">\n\t\t<div class=\"elementor-element elementor-element-792b07c e-con-full e-flex e-con e-child\" data-id=\"792b07c\" data-element_type=\"container\" data-e-type=\"container\" data-settings=\"{&quot;background_background&quot;:&quot;classic&quot;}\">\n\t\t\t\t<div class=\"elementor-element elementor-element-4b9a10f elementor-widget elementor-widget-text-editor\" data-id=\"4b9a10f\" data-element_type=\"widget\" data-e-type=\"widget\" data-widget_type=\"text-editor.default\">\n\t\t\t\t<div class=\"elementor-widget-container\">\n\t\t\t\t\t\t\t\t\t<p>Aplicaci\u00f3n<\/p>\t\t\t\t\t\t\t\t<\/div>\n\t\t\t\t<\/div>\n\t\t\t\t<div class=\"elementor-element elementor-element-dc2781d elementor-widget elementor-widget-heading\" data-id=\"dc2781d\" data-element_type=\"widget\" data-e-type=\"widget\" data-widget_type=\"heading.default\">\n\t\t\t\t<div class=\"elementor-widget-container\">\n\t\t\t\t\t<h1 class=\"elementor-heading-title elementor-size-default\">Orthodontics<\/h1>\t\t\t\t<\/div>\n\t\t\t\t<\/div>\n\t\t\t\t<\/div>\n\t\t\t\t<\/div>\n\t\t<div class=\"elementor-element elementor-element-97aece0 e-con-full e-grid div3 e-con e-child\" data-id=\"97aece0\" data-element_type=\"container\" data-e-type=\"container\" data-settings=\"{&quot;background_background&quot;:&quot;classic&quot;}\">\n\t\t<a class=\"elementor-element elementor-element-8cfd678 e-con-full e-flex e-con e-child\" data-id=\"8cfd678\" data-element_type=\"container\" data-e-type=\"container\" data-settings=\"{&quot;background_background&quot;:&quot;classic&quot;}\" href=\"https:\/\/medicon.de\/es\/productos\/verankerungssystem-aa-rpe-fuer-die-knochenfixierte-gaumennahterweiterung\/\">\n\t\t\t\t<div class=\"elementor-element elementor-element-5ca8108 elementor-widget elementor-widget-text-editor\" data-id=\"5ca8108\" data-element_type=\"widget\" data-e-type=\"widget\" data-widget_type=\"text-editor.default\">\n\t\t\t\t<div class=\"elementor-widget-container\">\n\t\t\t\t\t\t\t\t\t<p>Implantes<\/p>\t\t\t\t\t\t\t\t<\/div>\n\t\t\t\t<\/div>\n\t\t\t\t<div class=\"elementor-element elementor-element-4d1eeb3 elementor-widget elementor-widget-text-editor\" data-id=\"4d1eeb3\" data-element_type=\"widget\" data-e-type=\"widget\" data-widget_type=\"text-editor.default\">\n\t\t\t\t<div class=\"elementor-widget-container\">\n\t\t\t\t\t\t\t\t\t<p>Sistema \u00ab\u00c5-RPE\u00bb para la expansi\u00f3n palatina con anclaje \u00f3seo<\/p>\t\t\t\t\t\t\t\t<\/div>\n\t\t\t\t<\/div>\n\t\t\t\t<\/a>\n\t\t<div class=\"elementor-element elementor-element-f19cf1c e-con-full e-flex e-con e-child\" data-id=\"f19cf1c\" data-element_type=\"container\" data-e-type=\"container\" data-settings=\"{&quot;background_background&quot;:&quot;classic&quot;}\">\n\t\t\t\t<div class=\"elementor-element elementor-element-4e05cde elementor-widget elementor-widget-image\" data-id=\"4e05cde\" data-element_type=\"widget\" data-e-type=\"widget\" data-widget_type=\"image.default\">\n\t\t\t\t<div class=\"elementor-widget-container\">\n\t\t\t\t\t\t\t\t\t\t\t\t\t\t\t\t<a href=\"https:\/\/medicon.de\/es\/productos\/verankerungssystem-aa-rpe-fuer-die-knochenfixierte-gaumennahterweiterung\/\" target=\"_blank\">\n\t\t\t\t\t\t\t<img decoding=\"async\" width=\"272\" height=\"271\" src=\"https:\/\/medicon.de\/wp-content\/uploads\/2022\/02\/BG_HB_ARPE.png\" class=\"attachment-medium size-medium wp-image-11993\" alt=\"\" srcset=\"https:\/\/medicon.de\/wp-content\/uploads\/2022\/02\/BG_HB_ARPE.png 272w, https:\/\/medicon.de\/wp-content\/uploads\/2022\/02\/BG_HB_ARPE-100x100.png 100w, https:\/\/medicon.de\/wp-content\/uploads\/2022\/02\/BG_HB_ARPE-150x150.png 150w\" sizes=\"(max-width: 272px) 100vw, 272px\" \/>\t\t\t\t\t\t\t\t<\/a>\n\t\t\t\t\t\t\t\t\t\t\t\t\t\t\t<\/div>\n\t\t\t\t<\/div>\n\t\t\t\t<\/div>\n\t\t\t\t<\/div>\n\t\t\t\t<\/div>\n\t\t\t\t\t<\/div>\n\t\t\t\t<\/div>\n\t\t<div class=\"elementor-element elementor-element-fd8a6db elementor-hidden-desktop elementor-hidden-tablet e-flex e-con-boxed e-con e-parent\" data-id=\"fd8a6db\" data-element_type=\"container\" data-e-type=\"container\">\n\t\t\t\t\t<div class=\"e-con-inner\">\n\t\t<div class=\"elementor-element elementor-element-a78668c e-con-full e-flex e-con e-child\" data-id=\"a78668c\" data-element_type=\"container\" data-e-type=\"container\" data-settings=\"{&quot;background_background&quot;:&quot;classic&quot;}\">\n\t\t\t\t<div class=\"elementor-element elementor-element-d30dd51 elementor-widget elementor-widget-text-editor\" data-id=\"d30dd51\" data-element_type=\"widget\" data-e-type=\"widget\" data-widget_type=\"text-editor.default\">\n\t\t\t\t<div class=\"elementor-widget-container\">\n\t\t\t\t\t\t\t\t\t<p>Aplicaci\u00f3n<\/p>\t\t\t\t\t\t\t\t<\/div>\n\t\t\t\t<\/div>\n\t\t\t\t<div class=\"elementor-element elementor-element-77a4160 elementor-widget elementor-widget-heading\" data-id=\"77a4160\" data-element_type=\"widget\" data-e-type=\"widget\" data-widget_type=\"heading.default\">\n\t\t\t\t<div class=\"elementor-widget-container\">\n\t\t\t\t\t<div class=\"elementor-heading-title elementor-size-default\">Orthodontics<\/div>\t\t\t\t<\/div>\n\t\t\t\t<\/div>\n\t\t\t\t<\/div>\n\t\t<div class=\"elementor-element elementor-element-b79b282 e-con-full e-flex e-con e-child\" data-id=\"b79b282\" data-element_type=\"container\" data-e-type=\"container\">\n\t\t\t\t<div class=\"elementor-element elementor-element-f633033 elementor-widget elementor-widget-image\" data-id=\"f633033\" data-element_type=\"widget\" data-e-type=\"widget\" data-widget_type=\"image.default\">\n\t\t\t\t<div class=\"elementor-widget-container\">\n\t\t\t\t\t\t\t\t\t\t\t\t\t\t\t\t<a href=\"https:\/\/medicon.de\/es\/productos\/anchor-screws-aarhus\/\" target=\"_blank\">\n\t\t\t\t\t\t\t<img fetchpriority=\"high\" decoding=\"async\" width=\"244\" height=\"300\" src=\"https:\/\/medicon.de\/wp-content\/uploads\/Aarhus_600x737-244x300.png\" class=\"attachment-medium size-medium wp-image-104403\" alt=\"Schematische Darstellung von Zahnimplantaten und Einschraubrichtungen im Kiefer\" srcset=\"https:\/\/medicon.de\/wp-content\/uploads\/Aarhus_600x737-244x300.png 244w, https:\/\/medicon.de\/wp-content\/uploads\/Aarhus_600x737.png 600w\" sizes=\"(max-width: 244px) 100vw, 244px\" \/>\t\t\t\t\t\t\t\t<\/a>\n\t\t\t\t\t\t\t\t\t\t\t\t\t\t\t<\/div>\n\t\t\t\t<\/div>\n\t\t\t\t<div class=\"elementor-element elementor-element-27872ed elementor-widget elementor-widget-text-editor\" data-id=\"27872ed\" data-element_type=\"widget\" data-e-type=\"widget\" data-widget_type=\"text-editor.default\">\n\t\t\t\t<div class=\"elementor-widget-container\">\n\t\t\t\t\t\t\t\t\t<p>Implantes<\/p>\t\t\t\t\t\t\t\t<\/div>\n\t\t\t\t<\/div>\n\t\t\t\t<div class=\"elementor-element elementor-element-2cdaabe elementor-widget elementor-widget-text-editor\" data-id=\"2cdaabe\" data-element_type=\"widget\" data-e-type=\"widget\" data-widget_type=\"text-editor.default\">\n\t\t\t\t<div class=\"elementor-widget-container\">\n\t\t\t\t\t\t\t\t\t<p>Aarhus tormillos de anclaje<\/p>\t\t\t\t\t\t\t\t<\/div>\n\t\t\t\t<\/div>\n\t\t\t\t<\/div>\n\t\t<div class=\"elementor-element elementor-element-6cf10f6 e-con-full e-flex e-con e-child\" data-id=\"6cf10f6\" data-element_type=\"container\" data-e-type=\"container\">\n\t\t\t\t<div class=\"elementor-element elementor-element-5277357 elementor-widget elementor-widget-image\" data-id=\"5277357\" data-element_type=\"widget\" data-e-type=\"widget\" data-widget_type=\"image.default\">\n\t\t\t\t<div class=\"elementor-widget-container\">\n\t\t\t\t\t\t\t\t\t\t\t\t\t\t\t\t<a href=\"https:\/\/medicon.de\/es\/productos\/verankerungssystem-aa-rpe-fuer-die-knochenfixierte-gaumennahterweiterung\/\" target=\"_blank\">\n\t\t\t\t\t\t\t<img decoding=\"async\" width=\"272\" height=\"271\" src=\"https:\/\/medicon.de\/wp-content\/uploads\/2022\/02\/BG_HB_ARPE.png\" class=\"attachment-medium size-medium wp-image-11993\" alt=\"\" srcset=\"https:\/\/medicon.de\/wp-content\/uploads\/2022\/02\/BG_HB_ARPE.png 272w, https:\/\/medicon.de\/wp-content\/uploads\/2022\/02\/BG_HB_ARPE-100x100.png 100w, https:\/\/medicon.de\/wp-content\/uploads\/2022\/02\/BG_HB_ARPE-150x150.png 150w\" sizes=\"(max-width: 272px) 100vw, 272px\" \/>\t\t\t\t\t\t\t\t<\/a>\n\t\t\t\t\t\t\t\t\t\t\t\t\t\t\t<\/div>\n\t\t\t\t<\/div>\n\t\t\t\t<div class=\"elementor-element elementor-element-03dcc60 elementor-widget elementor-widget-text-editor\" data-id=\"03dcc60\" data-element_type=\"widget\" data-e-type=\"widget\" data-widget_type=\"text-editor.default\">\n\t\t\t\t<div class=\"elementor-widget-container\">\n\t\t\t\t\t\t\t\t\t<p>Implantes<\/p>\t\t\t\t\t\t\t\t<\/div>\n\t\t\t\t<\/div>\n\t\t\t\t<div class=\"elementor-element elementor-element-c29e957 elementor-widget elementor-widget-text-editor\" data-id=\"c29e957\" data-element_type=\"widget\" data-e-type=\"widget\" data-widget_type=\"text-editor.default\">\n\t\t\t\t<div class=\"elementor-widget-container\">\n\t\t\t\t\t\t\t\t\t<p>Sistema \u00ab\u00c5-RPE\u00bb para la expansi\u00f3n palatina con anclaje \u00f3seo<\/p>\t\t\t\t\t\t\t\t<\/div>\n\t\t\t\t<\/div>\n\t\t\t\t<\/div>\n\t\t\t\t\t<\/div>\n\t\t\t\t<\/div>\n\t\t<div class=\"elementor-element elementor-element-be2a20b e-flex e-con-boxed e-con e-parent\" data-id=\"be2a20b\" data-element_type=\"container\" data-e-type=\"container\">\n\t\t\t\t\t<div class=\"e-con-inner\">\n\t\t<div class=\"elementor-element elementor-element-35705b2 e-con-full e-flex e-con e-child\" data-id=\"35705b2\" data-element_type=\"container\" data-e-type=\"container\">\n\t\t\t\t<div class=\"elementor-element elementor-element-b9a36c6 elementor-widget elementor-widget-heading\" data-id=\"b9a36c6\" data-element_type=\"widget\" data-e-type=\"widget\" data-widget_type=\"heading.default\">\n\t\t\t\t<div class=\"elementor-widget-container\">\n\t\t\t\t\t<h3 class=\"elementor-heading-title elementor-size-default\">Cat\u00e1logos especiales para orthodontics<\/h3>\t\t\t\t<\/div>\n\t\t\t\t<\/div>\n\t\t\t\t<div class=\"elementor-element elementor-element-634245d elementor-widget elementor-widget-text-editor\" data-id=\"634245d\" data-element_type=\"widget\" data-e-type=\"widget\" data-widget_type=\"text-editor.default\">\n\t\t\t\t<div class=\"elementor-widget-container\">\n\t\t\t\t\t\t\t\t\t<p>Haga clic en la imagen de la portada para abrir la publicaci\u00f3n y hojearla (los cat\u00e1logos se abren como publicaciones en l\u00ednea en una nueva ventana del navegador). <\/p>\t\t\t\t\t\t\t\t<\/div>\n\t\t\t\t<\/div>\n\t\t\t\t<div class=\"elementor-element elementor-element-fb371e4 elementor-widget elementor-widget-jet-listing-grid\" data-id=\"fb371e4\" data-element_type=\"widget\" data-e-type=\"widget\" data-settings=\"{&quot;columns&quot;:&quot;4&quot;,&quot;columns_tablet&quot;:&quot;3&quot;,&quot;columns_mobile&quot;:&quot;1&quot;}\" data-widget_type=\"jet-listing-grid.default\">\n\t\t\t\t<div class=\"elementor-widget-container\">\n\t\t\t\t\t<div class=\"jet-listing-grid jet-listing\"><div class=\"jet-listing-grid__items grid-col-desk-4 grid-col-tablet-3 grid-col-mobile-1 jet-listing-grid--21882 jet-equal-columns__wrapper\" data-queried-id=\"104445|WP_Post\" data-nav=\"{&quot;enabled&quot;:false,&quot;type&quot;:null,&quot;more_el&quot;:null,&quot;query&quot;:[],&quot;widget_settings&quot;:{&quot;lisitng_id&quot;:21882,&quot;posts_num&quot;:10,&quot;columns&quot;:4,&quot;columns_tablet&quot;:3,&quot;columns_mobile&quot;:1,&quot;column_min_width&quot;:240,&quot;column_min_width_tablet&quot;:240,&quot;column_min_width_mobile&quot;:240,&quot;inline_columns_css&quot;:false,&quot;is_archive_template&quot;:&quot;&quot;,&quot;post_status&quot;:[&quot;publish&quot;],&quot;use_random_posts_num&quot;:&quot;&quot;,&quot;max_posts_num&quot;:9,&quot;not_found_message&quot;:&quot;No hay cat\\u00e1logo\\\/folleto vinculado.&quot;,&quot;is_masonry&quot;:false,&quot;equal_columns_height&quot;:&quot;yes&quot;,&quot;use_load_more&quot;:&quot;&quot;,&quot;load_more_id&quot;:&quot;&quot;,&quot;load_more_type&quot;:&quot;click&quot;,&quot;load_more_offset&quot;:null,&quot;use_custom_post_types&quot;:&quot;&quot;,&quot;custom_post_types&quot;:[],&quot;hide_widget_if&quot;:&quot;&quot;,&quot;carousel_enabled&quot;:&quot;&quot;,&quot;slides_to_scroll&quot;:&quot;1&quot;,&quot;arrows&quot;:&quot;true&quot;,&quot;arrow_icon&quot;:&quot;fa fa-angle-left&quot;,&quot;dots&quot;:&quot;&quot;,&quot;autoplay&quot;:&quot;true&quot;,&quot;pause_on_hover&quot;:&quot;true&quot;,&quot;autoplay_speed&quot;:5000,&quot;infinite&quot;:&quot;true&quot;,&quot;center_mode&quot;:&quot;&quot;,&quot;effect&quot;:&quot;slide&quot;,&quot;speed&quot;:500,&quot;inject_alternative_items&quot;:&quot;&quot;,&quot;injection_items&quot;:[],&quot;scroll_slider_enabled&quot;:&quot;&quot;,&quot;scroll_slider_on&quot;:[&quot;desktop&quot;,&quot;tablet&quot;,&quot;mobile&quot;],&quot;custom_query&quot;:false,&quot;custom_query_id&quot;:&quot;&quot;,&quot;_element_id&quot;:&quot;&quot;,&quot;collapse_first_last_gap&quot;:false,&quot;list_tag_selection&quot;:&quot;&quot;,&quot;list_items_wrapper_tag&quot;:&quot;div&quot;,&quot;list_item_tag&quot;:&quot;div&quot;,&quot;empty_items_wrapper_tag&quot;:&quot;div&quot;}}\" data-page=\"1\" data-pages=\"1\" data-listing-source=\"posts\" data-listing-id=\"21882\" data-query-id=\"\"><div class=\"jet-listing-grid__item jet-listing-dynamic-post-22551 jet-equal-columns\" data-post-id=\"22551\"  >\t\t<div data-elementor-type=\"jet-listing-items\" data-elementor-id=\"29329\" class=\"elementor elementor-29329 elementor-21882 elementor-21882\" data-elementor-post-type=\"jet-engine\">\n\t\t\t\t<div class=\"elementor-element elementor-element-58ca52b jedv-enabled--yes WPRocketSafeList e-flex e-con-boxed e-con e-parent\" data-id=\"58ca52b\" data-element_type=\"container\" data-e-type=\"container\">\n\t\t\t\t\t<div class=\"e-con-inner\">\n\t\t<div class=\"elementor-element elementor-element-bea2ee9 e-con-full e-flex e-con e-child\" data-id=\"bea2ee9\" data-element_type=\"container\" data-e-type=\"container\">\n\t\t\t\t<div class=\"elementor-element elementor-element-9e1eb2f matomo_download elementor-widget elementor-widget-image\" data-id=\"9e1eb2f\" data-element_type=\"widget\" data-e-type=\"widget\" data-widget_type=\"image.default\">\n\t\t\t\t<div class=\"elementor-widget-container\">\n\t\t\t\t\t\t\t\t\t\t\t\t<figure class=\"wp-caption\">\n\t\t\t\t\t\t\t\t\t\t\t<a href=\"https:\/\/medicon.de\/publications\/451.09.34_Aarhus\/\" target=\"_blank\" data-track-content=\"\" data-content-piece=\"Katalog\" rel=\"noreferrer noopener\">\n\t\t\t\t\t\t\t<img decoding=\"async\" width=\"500\" height=\"670\" src=\"https:\/\/medicon.de\/wp-content\/uploads\/2022\/04\/451.09.34_Aarhus_Mini_Implant.png\" class=\"attachment-full size-full wp-image-68620\" alt=\"Werbeplakat f\u00fcr das Aarhus Mini-Implant Anchoring System von Medicon Instrumente. Im oberen Bereich ist ein blau eingef\u00e4rbtes Bild eines Implantats im Mund zu sehen. Daneben befindet sich ein oranger Bereich mit einem Foto des Geb\u00e4udes der Universit\u00e4t Aarhus in D\u00e4nemark. Darunter ist eine schematische Zeichnung eines Zahnbogens mit eingezeichneten Mini-Implantaten zu sehen. Der Text &#039;Aarhus Mini-Implant&#039; ist in der Bildmitte platziert, darunter das Medicon-Instrumente-Logo mit dem Slogan &#039;the art of surgery&#039;.\" srcset=\"https:\/\/medicon.de\/wp-content\/uploads\/2022\/04\/451.09.34_Aarhus_Mini_Implant.png 500w, https:\/\/medicon.de\/wp-content\/uploads\/2022\/04\/451.09.34_Aarhus_Mini_Implant-224x300.png 224w\" sizes=\"(max-width: 500px) 100vw, 500px\" \/>\t\t\t\t\t\t\t\t<\/a>\n\t\t\t\t\t\t\t\t\t\t\t<figcaption class=\"widget-image-caption wp-caption-text\">Aarhus Mini Implant Anchorage System<\/figcaption>\n\t\t\t\t\t\t\t\t\t\t<\/figure>\n\t\t\t\t\t\t\t\t\t<\/div>\n\t\t\t\t<\/div>\n\t\t\t\t<\/div>\n\t\t\t\t\t<\/div>\n\t\t\t\t<\/div>\n\t\t\t\t<\/div>\n\t\t<\/div><div class=\"jet-listing-grid__item jet-listing-dynamic-post-21246 jet-equal-columns\" data-post-id=\"21246\"  >\t\t<div data-elementor-type=\"jet-listing-items\" data-elementor-id=\"29329\" class=\"elementor elementor-29329 elementor-21882 elementor-21882\" data-elementor-post-type=\"jet-engine\">\n\t\t\t\t<div class=\"elementor-element elementor-element-58ca52b jedv-enabled--yes WPRocketSafeList e-flex e-con-boxed e-con e-parent\" data-id=\"58ca52b\" data-element_type=\"container\" data-e-type=\"container\">\n\t\t\t\t\t<div class=\"e-con-inner\">\n\t\t<div class=\"elementor-element elementor-element-bea2ee9 e-con-full e-flex e-con e-child\" data-id=\"bea2ee9\" data-element_type=\"container\" data-e-type=\"container\">\n\t\t\t\t<div class=\"elementor-element elementor-element-9e1eb2f matomo_download elementor-widget elementor-widget-image\" data-id=\"9e1eb2f\" data-element_type=\"widget\" data-e-type=\"widget\" data-widget_type=\"image.default\">\n\t\t\t\t<div class=\"elementor-widget-container\">\n\t\t\t\t\t\t\t\t\t\t\t\t<figure class=\"wp-caption\">\n\t\t\t\t\t\t\t\t\t\t<img loading=\"lazy\" decoding=\"async\" width=\"500\" height=\"644\" src=\"https:\/\/medicon.de\/wp-content\/uploads\/2024\/06\/451.03.41_ARPE.jpg\" class=\"attachment-full size-full wp-image-68628\" alt=\"Werbeplakat f\u00fcr das ARPE-System (Aarhus Rapid Palatal Expansion) von Medicon, einem System zur knochenverankerten Gaumennahterweiterung. Das Bild zeigt im oberen Bereich eine Nahaufnahme des Gaumens mit eingesetzten Schrauben und kieferorthop\u00e4dischem Ger\u00e4t. Darunter ist der Text in mehreren Sprachen zu sehen, der das System beschreibt.\" srcset=\"https:\/\/medicon.de\/wp-content\/uploads\/2024\/06\/451.03.41_ARPE.jpg 500w, https:\/\/medicon.de\/wp-content\/uploads\/2024\/06\/451.03.41_ARPE-233x300.jpg 233w\" sizes=\"(max-width: 500px) 100vw, 500px\" \/>\t\t\t\t\t\t\t\t\t\t\t<figcaption class=\"widget-image-caption wp-caption-text\">\u00c5RPE &#8211; Aarhus Rapid Palatal Expansion<\/figcaption>\n\t\t\t\t\t\t\t\t\t\t<\/figure>\n\t\t\t\t\t\t\t\t\t<\/div>\n\t\t\t\t<\/div>\n\t\t\t\t<\/div>\n\t\t\t\t\t<\/div>\n\t\t\t\t<\/div>\n\t\t\t\t<\/div>\n\t\t<\/div><\/div><\/div>\t\t\t\t<\/div>\n\t\t\t\t<\/div>\n\t\t\t\t<\/div>\n\t\t\t\t\t<\/div>\n\t\t\t\t<\/div>\n\t\t\t\t<\/div>\n\t\t","protected":false},"excerpt":{"rendered":"<p>Implantes Aarhus tormillos de anclaje Aplicaci\u00f3n Orthodontics Implantes Sistema \u00ab\u00c5-RPE\u00bb para la expansi\u00f3n palatina con anclaje \u00f3seo Aplicaci\u00f3n Orthodontics Implantes Aarhus tormillos de anclaje Implantes Sistema \u00ab\u00c5-RPE\u00bb para la expansi\u00f3n palatina con anclaje \u00f3seo Cat\u00e1logos especiales para orthodontics Haga clic en la imagen de la portada para abrir la publicaci\u00f3n y hojearla (los cat\u00e1logos se [&hellip;]<\/p>\n","protected":false},"author":3,"featured_media":0,"parent":0,"menu_order":0,"comment_status":"closed","ping_status":"closed","template":"","meta":{"_acf_changed":false,"postBodyCss":"","postBodyMargin":[],"postBodyPadding":[],"postBodyBackground":{"backgroundType":"classic","gradient":""},"footnotes":"","_links_to":"","_links_to_target":""},"business_unit":[],"fachgebiet":[],"class_list":["post-104445","page","type-page","status-publish","hentry"],"acf":[],"_links":{"self":[{"href":"https:\/\/medicon.de\/es\/wp-json\/wp\/v2\/pages\/104445","targetHints":{"allow":["GET"]}}],"collection":[{"href":"https:\/\/medicon.de\/es\/wp-json\/wp\/v2\/pages"}],"about":[{"href":"https:\/\/medicon.de\/es\/wp-json\/wp\/v2\/types\/page"}],"author":[{"embeddable":true,"href":"https:\/\/medicon.de\/es\/wp-json\/wp\/v2\/users\/3"}],"replies":[{"embeddable":true,"href":"https:\/\/medicon.de\/es\/wp-json\/wp\/v2\/comments?post=104445"}],"version-history":[{"count":10,"href":"https:\/\/medicon.de\/es\/wp-json\/wp\/v2\/pages\/104445\/revisions"}],"predecessor-version":[{"id":110901,"href":"https:\/\/medicon.de\/es\/wp-json\/wp\/v2\/pages\/104445\/revisions\/110901"}],"wp:attachment":[{"href":"https:\/\/medicon.de\/es\/wp-json\/wp\/v2\/media?parent=104445"}],"wp:term":[{"taxonomy":"business_unit","embeddable":true,"href":"https:\/\/medicon.de\/es\/wp-json\/wp\/v2\/business_unit?post=104445"},{"taxonomy":"fachgebiet","embeddable":true,"href":"https:\/\/medicon.de\/es\/wp-json\/wp\/v2\/fachgebiet?post=104445"}],"curies":[{"name":"wp","href":"https:\/\/api.w.org\/{rel}","templated":true}]}}