{"id":104455,"date":"2025-10-29T11:00:06","date_gmt":"2025-10-29T10:00:06","guid":{"rendered":"https:\/\/medicon.de\/liposuction\/"},"modified":"2026-02-13T11:49:50","modified_gmt":"2026-02-13T10:49:50","slug":"liposuction","status":"publish","type":"page","link":"https:\/\/medicon.de\/es\/liposuction\/","title":{"rendered":"Liposuction"},"content":{"rendered":"\t\t<div data-elementor-type=\"wp-page\" data-elementor-id=\"104455\" class=\"elementor elementor-104455 elementor-102597\" data-elementor-post-type=\"page\">\n\t\t\t\t<div class=\"elementor-element elementor-element-ced6d47 elementor-hidden-mobile e-flex e-con-boxed e-con e-parent\" data-id=\"ced6d47\" data-element_type=\"container\" data-e-type=\"container\" data-settings=\"{&quot;background_background&quot;:&quot;classic&quot;}\">\n\t\t\t\t\t<div class=\"e-con-inner\">\n\t\t<div class=\"elementor-element elementor-element-bd106ec e-grid e-con-full e-con e-child\" data-id=\"bd106ec\" data-element_type=\"container\" data-e-type=\"container\">\n\t\t<div class=\"elementor-element elementor-element-e36a472 e-con-full e-grid div2 e-con e-child\" data-id=\"e36a472\" data-element_type=\"container\" data-e-type=\"container\">\n\t\t<a class=\"elementor-element elementor-element-de17930 e-con-full e-flex e-con e-child\" data-id=\"de17930\" data-element_type=\"container\" data-e-type=\"container\" data-settings=\"{&quot;background_background&quot;:&quot;classic&quot;}\" href=\"https:\/\/medicon.de\/es\/productos\/eigenfettbehandlung\/\">\n\t\t\t\t<div class=\"elementor-element elementor-element-9b35834 elementor-widget elementor-widget-text-editor\" data-id=\"9b35834\" data-element_type=\"widget\" data-e-type=\"widget\" data-widget_type=\"text-editor.default\">\n\t\t\t\t<div class=\"elementor-widget-container\">\n\t\t\t\t\t\t\t\t\t<p>Instrumentos<\/p>\t\t\t\t\t\t\t\t<\/div>\n\t\t\t\t<\/div>\n\t\t\t\t<div class=\"elementor-element elementor-element-799d607 elementor-widget elementor-widget-text-editor\" data-id=\"799d607\" data-element_type=\"widget\" data-e-type=\"widget\" data-widget_type=\"text-editor.default\">\n\t\t\t\t<div class=\"elementor-widget-container\">\n\t\t\t\t\t\t\t\t\t<p>Tratamiento de grasa aut\u00f3loga<\/p>\t\t\t\t\t\t\t\t<\/div>\n\t\t\t\t<\/div>\n\t\t\t\t<\/a>\n\t\t<div class=\"elementor-element elementor-element-919cbae e-con-full e-flex e-con e-child\" data-id=\"919cbae\" data-element_type=\"container\" data-e-type=\"container\" data-settings=\"{&quot;background_background&quot;:&quot;classic&quot;}\">\n\t\t\t\t<div class=\"elementor-element elementor-element-62c02d1 elementor-widget elementor-widget-image\" data-id=\"62c02d1\" data-element_type=\"widget\" data-e-type=\"widget\" data-widget_type=\"image.default\">\n\t\t\t\t<div class=\"elementor-widget-container\">\n\t\t\t\t\t\t\t\t\t\t\t\t\t\t\t\t<a href=\"https:\/\/medicon.de\/es\/productos\/eigenfettbehandlung\/\" target=\"_blank\">\n\t\t\t\t\t\t\t<img fetchpriority=\"high\" decoding=\"async\" width=\"300\" height=\"300\" src=\"https:\/\/medicon.de\/wp-content\/uploads\/2022\/02\/BG_HB_Eigenfett-300x300.png\" class=\"attachment-medium size-medium wp-image-11933\" alt=\"\" srcset=\"https:\/\/medicon.de\/wp-content\/uploads\/2022\/02\/BG_HB_Eigenfett-300x300.png 300w, https:\/\/medicon.de\/wp-content\/uploads\/2022\/02\/BG_HB_Eigenfett-100x100.png 100w, https:\/\/medicon.de\/wp-content\/uploads\/2022\/02\/BG_HB_Eigenfett-400x400.png 400w, https:\/\/medicon.de\/wp-content\/uploads\/2022\/02\/BG_HB_Eigenfett-150x150.png 150w, https:\/\/medicon.de\/wp-content\/uploads\/2022\/02\/BG_HB_Eigenfett.png 500w\" sizes=\"(max-width: 300px) 100vw, 300px\" \/>\t\t\t\t\t\t\t\t<\/a>\n\t\t\t\t\t\t\t\t\t\t\t\t\t\t\t<\/div>\n\t\t\t\t<\/div>\n\t\t\t\t<\/div>\n\t\t\t\t<\/div>\n\t\t<div class=\"elementor-element elementor-element-3edbd19 e-con-full div1 e-flex e-con e-child\" data-id=\"3edbd19\" data-element_type=\"container\" data-e-type=\"container\" data-settings=\"{&quot;background_background&quot;:&quot;classic&quot;}\">\n\t\t<div class=\"elementor-element elementor-element-a198f7f e-con-full e-flex e-con e-child\" data-id=\"a198f7f\" data-element_type=\"container\" data-e-type=\"container\" data-settings=\"{&quot;background_background&quot;:&quot;classic&quot;}\">\n\t\t\t\t<div class=\"elementor-element elementor-element-7bba97c elementor-widget elementor-widget-text-editor\" data-id=\"7bba97c\" data-element_type=\"widget\" data-e-type=\"widget\" data-widget_type=\"text-editor.default\">\n\t\t\t\t<div class=\"elementor-widget-container\">\n\t\t\t\t\t\t\t\t\t<p>Aplicaci\u00f3n<\/p>\t\t\t\t\t\t\t\t<\/div>\n\t\t\t\t<\/div>\n\t\t\t\t<div class=\"elementor-element elementor-element-307c8bd elementor-widget elementor-widget-heading\" data-id=\"307c8bd\" data-element_type=\"widget\" data-e-type=\"widget\" data-widget_type=\"heading.default\">\n\t\t\t\t<div class=\"elementor-widget-container\">\n\t\t\t\t\t<h1 class=\"elementor-heading-title elementor-size-default\">Liposuction<\/h1>\t\t\t\t<\/div>\n\t\t\t\t<\/div>\n\t\t\t\t<\/div>\n\t\t\t\t<\/div>\n\t\t<div class=\"elementor-element elementor-element-22caecd e-con-full e-grid div3 e-con e-child\" data-id=\"22caecd\" data-element_type=\"container\" data-e-type=\"container\" data-settings=\"{&quot;background_background&quot;:&quot;classic&quot;}\">\n\t\t<a class=\"elementor-element elementor-element-b5dbb54 e-con-full e-flex e-con e-child\" data-id=\"b5dbb54\" data-element_type=\"container\" data-e-type=\"container\" data-settings=\"{&quot;background_background&quot;:&quot;classic&quot;}\" href=\"https:\/\/medicon.de\/es\/productos\/saldanha-solz-separador-abdominal-para-la-lipoabdominoplastia\/\">\n\t\t\t\t<div class=\"elementor-element elementor-element-e508e4e elementor-widget elementor-widget-text-editor\" data-id=\"e508e4e\" data-element_type=\"widget\" data-e-type=\"widget\" data-widget_type=\"text-editor.default\">\n\t\t\t\t<div class=\"elementor-widget-container\">\n\t\t\t\t\t\t\t\t\t<p>Instrumentos<\/p>\t\t\t\t\t\t\t\t<\/div>\n\t\t\t\t<\/div>\n\t\t\t\t<div class=\"elementor-element elementor-element-4232b62 elementor-widget elementor-widget-text-editor\" data-id=\"4232b62\" data-element_type=\"widget\" data-e-type=\"widget\" data-widget_type=\"text-editor.default\">\n\t\t\t\t<div class=\"elementor-widget-container\">\n\t\t\t\t\t\t\t\t\t<p>Retractor abdominal Saldanha-Solz para lipoabdominoplastia<\/p>\t\t\t\t\t\t\t\t<\/div>\n\t\t\t\t<\/div>\n\t\t\t\t<\/a>\n\t\t<div class=\"elementor-element elementor-element-6dbabd9 e-con-full e-flex e-con e-child\" data-id=\"6dbabd9\" data-element_type=\"container\" data-e-type=\"container\" data-settings=\"{&quot;background_background&quot;:&quot;classic&quot;}\">\n\t\t\t\t<div class=\"elementor-element elementor-element-b612e33 elementor-widget elementor-widget-image\" data-id=\"b612e33\" data-element_type=\"widget\" data-e-type=\"widget\" data-widget_type=\"image.default\">\n\t\t\t\t<div class=\"elementor-widget-container\">\n\t\t\t\t\t\t\t\t\t\t\t\t\t\t\t\t<a href=\"https:\/\/medicon.de\/es\/productos\/saldanha-solz-separador-abdominal-para-la-lipoabdominoplastia\/\" target=\"_blank\">\n\t\t\t\t\t\t\t<img decoding=\"async\" width=\"228\" height=\"300\" src=\"https:\/\/medicon.de\/wp-content\/uploads\/2023\/02\/Medicon-Abdominal_Retractor_for_Lipoabdominoplasty-228x300.jpg\" class=\"attachment-medium size-medium wp-image-36703\" alt=\"\" srcset=\"https:\/\/medicon.de\/wp-content\/uploads\/2023\/02\/Medicon-Abdominal_Retractor_for_Lipoabdominoplasty-228x300.jpg 228w, https:\/\/medicon.de\/wp-content\/uploads\/2023\/02\/Medicon-Abdominal_Retractor_for_Lipoabdominoplasty-600x790.jpg 600w, https:\/\/medicon.de\/wp-content\/uploads\/2023\/02\/Medicon-Abdominal_Retractor_for_Lipoabdominoplasty-778x1024.jpg 778w, https:\/\/medicon.de\/wp-content\/uploads\/2023\/02\/Medicon-Abdominal_Retractor_for_Lipoabdominoplasty-768x1011.jpg 768w, https:\/\/medicon.de\/wp-content\/uploads\/2023\/02\/Medicon-Abdominal_Retractor_for_Lipoabdominoplasty.jpg 800w\" sizes=\"(max-width: 228px) 100vw, 228px\" \/>\t\t\t\t\t\t\t\t<\/a>\n\t\t\t\t\t\t\t\t\t\t\t\t\t\t\t<\/div>\n\t\t\t\t<\/div>\n\t\t\t\t<\/div>\n\t\t\t\t<\/div>\n\t\t\t\t<\/div>\n\t\t\t\t\t<\/div>\n\t\t\t\t<\/div>\n\t\t<div class=\"elementor-element elementor-element-5e26fe4 elementor-hidden-desktop elementor-hidden-tablet e-flex e-con-boxed e-con e-parent\" data-id=\"5e26fe4\" data-element_type=\"container\" data-e-type=\"container\">\n\t\t\t\t\t<div class=\"e-con-inner\">\n\t\t<div class=\"elementor-element elementor-element-0757774 e-con-full e-flex e-con e-child\" data-id=\"0757774\" data-element_type=\"container\" data-e-type=\"container\" data-settings=\"{&quot;background_background&quot;:&quot;classic&quot;}\">\n\t\t\t\t<div class=\"elementor-element elementor-element-da40f70 elementor-widget elementor-widget-text-editor\" data-id=\"da40f70\" data-element_type=\"widget\" data-e-type=\"widget\" data-widget_type=\"text-editor.default\">\n\t\t\t\t<div class=\"elementor-widget-container\">\n\t\t\t\t\t\t\t\t\t<p>Aplicaci\u00f3n<\/p>\t\t\t\t\t\t\t\t<\/div>\n\t\t\t\t<\/div>\n\t\t\t\t<div class=\"elementor-element elementor-element-a0a972f elementor-widget elementor-widget-heading\" data-id=\"a0a972f\" data-element_type=\"widget\" data-e-type=\"widget\" data-widget_type=\"heading.default\">\n\t\t\t\t<div class=\"elementor-widget-container\">\n\t\t\t\t\t<div class=\"elementor-heading-title elementor-size-default\">Liposuction<\/div>\t\t\t\t<\/div>\n\t\t\t\t<\/div>\n\t\t\t\t<\/div>\n\t\t<div class=\"elementor-element elementor-element-664eb03 e-con-full e-flex e-con e-child\" data-id=\"664eb03\" data-element_type=\"container\" data-e-type=\"container\">\n\t\t\t\t<div class=\"elementor-element elementor-element-ad7d828 elementor-widget elementor-widget-image\" data-id=\"ad7d828\" data-element_type=\"widget\" data-e-type=\"widget\" data-widget_type=\"image.default\">\n\t\t\t\t<div class=\"elementor-widget-container\">\n\t\t\t\t\t\t\t\t\t\t\t\t\t\t\t\t<a href=\"https:\/\/medicon.de\/es\/productos\/eigenfettbehandlung\/\" target=\"_blank\">\n\t\t\t\t\t\t\t<img fetchpriority=\"high\" decoding=\"async\" width=\"300\" height=\"300\" src=\"https:\/\/medicon.de\/wp-content\/uploads\/2022\/02\/BG_HB_Eigenfett-300x300.png\" class=\"attachment-medium size-medium wp-image-11933\" alt=\"\" srcset=\"https:\/\/medicon.de\/wp-content\/uploads\/2022\/02\/BG_HB_Eigenfett-300x300.png 300w, https:\/\/medicon.de\/wp-content\/uploads\/2022\/02\/BG_HB_Eigenfett-100x100.png 100w, https:\/\/medicon.de\/wp-content\/uploads\/2022\/02\/BG_HB_Eigenfett-400x400.png 400w, https:\/\/medicon.de\/wp-content\/uploads\/2022\/02\/BG_HB_Eigenfett-150x150.png 150w, https:\/\/medicon.de\/wp-content\/uploads\/2022\/02\/BG_HB_Eigenfett.png 500w\" sizes=\"(max-width: 300px) 100vw, 300px\" \/>\t\t\t\t\t\t\t\t<\/a>\n\t\t\t\t\t\t\t\t\t\t\t\t\t\t\t<\/div>\n\t\t\t\t<\/div>\n\t\t\t\t<div class=\"elementor-element elementor-element-893977e elementor-widget elementor-widget-text-editor\" data-id=\"893977e\" data-element_type=\"widget\" data-e-type=\"widget\" data-widget_type=\"text-editor.default\">\n\t\t\t\t<div class=\"elementor-widget-container\">\n\t\t\t\t\t\t\t\t\t<p>Instrumentos<\/p>\t\t\t\t\t\t\t\t<\/div>\n\t\t\t\t<\/div>\n\t\t\t\t<div class=\"elementor-element elementor-element-4ab227e elementor-widget elementor-widget-text-editor\" data-id=\"4ab227e\" data-element_type=\"widget\" data-e-type=\"widget\" data-widget_type=\"text-editor.default\">\n\t\t\t\t<div class=\"elementor-widget-container\">\n\t\t\t\t\t\t\t\t\t<p>Tratamiento de grasa aut\u00f3loga<\/p>\t\t\t\t\t\t\t\t<\/div>\n\t\t\t\t<\/div>\n\t\t\t\t<\/div>\n\t\t<div class=\"elementor-element elementor-element-d2f70fc e-con-full e-flex e-con e-child\" data-id=\"d2f70fc\" data-element_type=\"container\" data-e-type=\"container\">\n\t\t\t\t<div class=\"elementor-element elementor-element-d49a314 elementor-widget elementor-widget-image\" data-id=\"d49a314\" data-element_type=\"widget\" data-e-type=\"widget\" data-widget_type=\"image.default\">\n\t\t\t\t<div class=\"elementor-widget-container\">\n\t\t\t\t\t\t\t\t\t\t\t\t\t\t\t\t<a href=\"https:\/\/medicon.de\/es\/productos\/saldanha-solz-separador-abdominal-para-la-lipoabdominoplastia\/\" target=\"_blank\">\n\t\t\t\t\t\t\t<img decoding=\"async\" width=\"228\" height=\"300\" src=\"https:\/\/medicon.de\/wp-content\/uploads\/2023\/02\/Medicon-Abdominal_Retractor_for_Lipoabdominoplasty-228x300.jpg\" class=\"attachment-medium size-medium wp-image-36703\" alt=\"\" srcset=\"https:\/\/medicon.de\/wp-content\/uploads\/2023\/02\/Medicon-Abdominal_Retractor_for_Lipoabdominoplasty-228x300.jpg 228w, https:\/\/medicon.de\/wp-content\/uploads\/2023\/02\/Medicon-Abdominal_Retractor_for_Lipoabdominoplasty-600x790.jpg 600w, https:\/\/medicon.de\/wp-content\/uploads\/2023\/02\/Medicon-Abdominal_Retractor_for_Lipoabdominoplasty-778x1024.jpg 778w, https:\/\/medicon.de\/wp-content\/uploads\/2023\/02\/Medicon-Abdominal_Retractor_for_Lipoabdominoplasty-768x1011.jpg 768w, https:\/\/medicon.de\/wp-content\/uploads\/2023\/02\/Medicon-Abdominal_Retractor_for_Lipoabdominoplasty.jpg 800w\" sizes=\"(max-width: 228px) 100vw, 228px\" \/>\t\t\t\t\t\t\t\t<\/a>\n\t\t\t\t\t\t\t\t\t\t\t\t\t\t\t<\/div>\n\t\t\t\t<\/div>\n\t\t\t\t<div class=\"elementor-element elementor-element-e983d42 elementor-widget elementor-widget-text-editor\" data-id=\"e983d42\" data-element_type=\"widget\" data-e-type=\"widget\" data-widget_type=\"text-editor.default\">\n\t\t\t\t<div class=\"elementor-widget-container\">\n\t\t\t\t\t\t\t\t\t<p>Instrumentos<\/p>\t\t\t\t\t\t\t\t<\/div>\n\t\t\t\t<\/div>\n\t\t\t\t<div class=\"elementor-element elementor-element-cd84fc7 elementor-widget elementor-widget-text-editor\" data-id=\"cd84fc7\" data-element_type=\"widget\" data-e-type=\"widget\" data-widget_type=\"text-editor.default\">\n\t\t\t\t<div class=\"elementor-widget-container\">\n\t\t\t\t\t\t\t\t\t<p>Retractor abdominal Saldanha-Solz para lipoabdominoplastia<\/p>\t\t\t\t\t\t\t\t<\/div>\n\t\t\t\t<\/div>\n\t\t\t\t<\/div>\n\t\t\t\t\t<\/div>\n\t\t\t\t<\/div>\n\t\t<div class=\"elementor-element elementor-element-2ad566d e-flex e-con-boxed e-con e-parent\" data-id=\"2ad566d\" data-element_type=\"container\" data-e-type=\"container\">\n\t\t\t\t\t<div class=\"e-con-inner\">\n\t\t<div class=\"elementor-element elementor-element-6cf6138 e-con-full e-flex e-con e-child\" data-id=\"6cf6138\" data-element_type=\"container\" data-e-type=\"container\">\n\t\t\t\t<div class=\"elementor-element elementor-element-f497b56 elementor-widget elementor-widget-heading\" data-id=\"f497b56\" data-element_type=\"widget\" data-e-type=\"widget\" data-widget_type=\"heading.default\">\n\t\t\t\t<div class=\"elementor-widget-container\">\n\t\t\t\t\t<h3 class=\"elementor-heading-title elementor-size-default\">Cat\u00e1logos especiales para liposuction<\/h3>\t\t\t\t<\/div>\n\t\t\t\t<\/div>\n\t\t\t\t<div class=\"elementor-element elementor-element-0bd12b2 elementor-widget elementor-widget-text-editor\" data-id=\"0bd12b2\" data-element_type=\"widget\" data-e-type=\"widget\" data-widget_type=\"text-editor.default\">\n\t\t\t\t<div class=\"elementor-widget-container\">\n\t\t\t\t\t\t\t\t\t<p>Haga clic en la imagen de la portada para abrir la publicaci\u00f3n y hojearla (los cat\u00e1logos se abren como publicaciones en l\u00ednea en una nueva ventana del navegador). <\/p>\t\t\t\t\t\t\t\t<\/div>\n\t\t\t\t<\/div>\n\t\t\t\t<div class=\"elementor-element elementor-element-b7e11e9 elementor-widget elementor-widget-jet-listing-grid\" data-id=\"b7e11e9\" data-element_type=\"widget\" data-e-type=\"widget\" data-settings=\"{&quot;columns&quot;:&quot;4&quot;,&quot;columns_tablet&quot;:&quot;3&quot;,&quot;columns_mobile&quot;:&quot;1&quot;}\" data-widget_type=\"jet-listing-grid.default\">\n\t\t\t\t<div class=\"elementor-widget-container\">\n\t\t\t\t\t<div class=\"jet-listing-grid jet-listing\"><div class=\"jet-listing-grid__items grid-col-desk-4 grid-col-tablet-3 grid-col-mobile-1 jet-listing-grid--21882 jet-equal-columns__wrapper\" data-queried-id=\"104455|WP_Post\" data-nav=\"{&quot;enabled&quot;:false,&quot;type&quot;:null,&quot;more_el&quot;:null,&quot;query&quot;:[],&quot;widget_settings&quot;:{&quot;lisitng_id&quot;:21882,&quot;posts_num&quot;:3,&quot;columns&quot;:4,&quot;columns_tablet&quot;:3,&quot;columns_mobile&quot;:1,&quot;column_min_width&quot;:240,&quot;column_min_width_tablet&quot;:240,&quot;column_min_width_mobile&quot;:240,&quot;inline_columns_css&quot;:false,&quot;is_archive_template&quot;:&quot;&quot;,&quot;post_status&quot;:[&quot;publish&quot;],&quot;use_random_posts_num&quot;:&quot;&quot;,&quot;max_posts_num&quot;:9,&quot;not_found_message&quot;:&quot;No hay cat\\u00e1logo\\\/folleto vinculado.&quot;,&quot;is_masonry&quot;:false,&quot;equal_columns_height&quot;:&quot;yes&quot;,&quot;use_load_more&quot;:&quot;&quot;,&quot;load_more_id&quot;:&quot;&quot;,&quot;load_more_type&quot;:&quot;click&quot;,&quot;load_more_offset&quot;:null,&quot;use_custom_post_types&quot;:&quot;&quot;,&quot;custom_post_types&quot;:[],&quot;hide_widget_if&quot;:&quot;&quot;,&quot;carousel_enabled&quot;:&quot;&quot;,&quot;slides_to_scroll&quot;:&quot;1&quot;,&quot;arrows&quot;:&quot;true&quot;,&quot;arrow_icon&quot;:&quot;fa fa-angle-left&quot;,&quot;dots&quot;:&quot;&quot;,&quot;autoplay&quot;:&quot;true&quot;,&quot;pause_on_hover&quot;:&quot;true&quot;,&quot;autoplay_speed&quot;:5000,&quot;infinite&quot;:&quot;true&quot;,&quot;center_mode&quot;:&quot;&quot;,&quot;effect&quot;:&quot;slide&quot;,&quot;speed&quot;:500,&quot;inject_alternative_items&quot;:&quot;&quot;,&quot;injection_items&quot;:[],&quot;scroll_slider_enabled&quot;:&quot;&quot;,&quot;scroll_slider_on&quot;:[&quot;desktop&quot;,&quot;tablet&quot;,&quot;mobile&quot;],&quot;custom_query&quot;:false,&quot;custom_query_id&quot;:&quot;&quot;,&quot;_element_id&quot;:&quot;&quot;,&quot;collapse_first_last_gap&quot;:false,&quot;list_tag_selection&quot;:&quot;&quot;,&quot;list_items_wrapper_tag&quot;:&quot;div&quot;,&quot;list_item_tag&quot;:&quot;div&quot;,&quot;empty_items_wrapper_tag&quot;:&quot;div&quot;}}\" data-page=\"1\" data-pages=\"1\" data-listing-source=\"posts\" data-listing-id=\"21882\" data-query-id=\"\"><div class=\"jet-listing-grid__item jet-listing-dynamic-post-69813 jet-equal-columns\" data-post-id=\"69813\"  >\t\t<div data-elementor-type=\"jet-listing-items\" data-elementor-id=\"29329\" class=\"elementor elementor-29329 elementor-21882 elementor-21882\" data-elementor-post-type=\"jet-engine\">\n\t\t\t\t<div class=\"elementor-element elementor-element-58ca52b jedv-enabled--yes WPRocketSafeList e-flex e-con-boxed e-con e-parent\" data-id=\"58ca52b\" data-element_type=\"container\" data-e-type=\"container\">\n\t\t\t\t\t<div class=\"e-con-inner\">\n\t\t<div class=\"elementor-element elementor-element-bea2ee9 e-con-full e-flex e-con e-child\" data-id=\"bea2ee9\" data-element_type=\"container\" data-e-type=\"container\">\n\t\t\t\t<div class=\"elementor-element elementor-element-9e1eb2f matomo_download elementor-widget elementor-widget-image\" data-id=\"9e1eb2f\" data-element_type=\"widget\" data-e-type=\"widget\" data-widget_type=\"image.default\">\n\t\t\t\t<div class=\"elementor-widget-container\">\n\t\t\t\t\t\t\t\t\t\t\t\t<figure class=\"wp-caption\">\n\t\t\t\t\t\t\t\t\t\t\t<a href=\"https:\/\/medicon.de\/publications\/450.00.60_Plastic_Surgery\/\" target=\"_blank\" data-track-content=\"\" data-content-piece=\"Katalog\" rel=\"noreferrer noopener\">\n\t\t\t\t\t\t\t<img decoding=\"async\" width=\"500\" height=\"643\" src=\"https:\/\/medicon.de\/wp-content\/uploads\/2022\/04\/450.00.60_Plastic_Surgery.jpg\" class=\"attachment-full size-full wp-image-69086\" alt=\"Katalog Plastic Surgery. Titelbild einer Medicon-Brosch\u00fcre zum Thema plastische Chirurgie mit Weltkarte, menschlichem R\u00fccken und dekorativem Schmuckelement.\" srcset=\"https:\/\/medicon.de\/wp-content\/uploads\/2022\/04\/450.00.60_Plastic_Surgery.jpg 500w, https:\/\/medicon.de\/wp-content\/uploads\/2022\/04\/450.00.60_Plastic_Surgery-233x300.jpg 233w\" sizes=\"(max-width: 500px) 100vw, 500px\" \/>\t\t\t\t\t\t\t\t<\/a>\n\t\t\t\t\t\t\t\t\t\t\t<figcaption class=\"widget-image-caption wp-caption-text\">Plastic Surgery &#8211; Instrumente f\u00fcr die plastische Chirurgie<\/figcaption>\n\t\t\t\t\t\t\t\t\t\t<\/figure>\n\t\t\t\t\t\t\t\t\t<\/div>\n\t\t\t\t<\/div>\n\t\t\t\t<\/div>\n\t\t\t\t\t<\/div>\n\t\t\t\t<\/div>\n\t\t\t\t<\/div>\n\t\t<\/div><div class=\"jet-listing-grid__item jet-listing-dynamic-post-21221 jet-equal-columns\" data-post-id=\"21221\"  >\t\t<div data-elementor-type=\"jet-listing-items\" data-elementor-id=\"29329\" class=\"elementor elementor-29329 elementor-21882 elementor-21882\" data-elementor-post-type=\"jet-engine\">\n\t\t\t\t<div class=\"elementor-element elementor-element-58ca52b jedv-enabled--yes WPRocketSafeList e-flex e-con-boxed e-con e-parent\" data-id=\"58ca52b\" data-element_type=\"container\" data-e-type=\"container\">\n\t\t\t\t\t<div class=\"e-con-inner\">\n\t\t<div class=\"elementor-element elementor-element-bea2ee9 e-con-full e-flex e-con e-child\" data-id=\"bea2ee9\" data-element_type=\"container\" data-e-type=\"container\">\n\t\t\t\t<div class=\"elementor-element elementor-element-9e1eb2f matomo_download elementor-widget elementor-widget-image\" data-id=\"9e1eb2f\" data-element_type=\"widget\" data-e-type=\"widget\" data-widget_type=\"image.default\">\n\t\t\t\t<div class=\"elementor-widget-container\">\n\t\t\t\t\t\t\t\t\t\t\t\t<figure class=\"wp-caption\">\n\t\t\t\t\t\t\t\t\t\t\t<a href=\"https:\/\/medicon.de\/publications\/451.03.82_Liposuction\/\" target=\"_blank\" data-track-content=\"\" data-content-piece=\"Katalog\" rel=\"noreferrer noopener\">\n\t\t\t\t\t\t\t<img loading=\"lazy\" decoding=\"async\" width=\"500\" height=\"652\" src=\"https:\/\/medicon.de\/wp-content\/uploads\/2022\/04\/451.03.82_Liposuction.jpg\" class=\"attachment-full size-full wp-image-68801\" alt=\"Titelbild einer Produktbrosch\u00fcre mit dem Thema \u201eLiposuction\u201c. Es zeigt eine stilisierte Darstellung eines Gesichts mit betonten Lippen und einem medizinischen Eingriff im Hintergrund. Der Text informiert \u00fcber Instrumente zur Infiltration und Fettabsaugung in mehreren Sprachen. Unten befindet sich das Logo von \u201emedicon Instrumente \u2013 the art of surgery\u201c.\" srcset=\"https:\/\/medicon.de\/wp-content\/uploads\/2022\/04\/451.03.82_Liposuction.jpg 500w, https:\/\/medicon.de\/wp-content\/uploads\/2022\/04\/451.03.82_Liposuction-230x300.jpg 230w\" sizes=\"(max-width: 500px) 100vw, 500px\" \/>\t\t\t\t\t\t\t\t<\/a>\n\t\t\t\t\t\t\t\t\t\t\t<figcaption class=\"widget-image-caption wp-caption-text\">Liposuction &#8211; Instrumente f\u00fcr die Infiltration und Fettabsaugung<\/figcaption>\n\t\t\t\t\t\t\t\t\t\t<\/figure>\n\t\t\t\t\t\t\t\t\t<\/div>\n\t\t\t\t<\/div>\n\t\t\t\t<\/div>\n\t\t\t\t\t<\/div>\n\t\t\t\t<\/div>\n\t\t\t\t<\/div>\n\t\t<\/div><\/div><\/div>\t\t\t\t<\/div>\n\t\t\t\t<\/div>\n\t\t\t\t<\/div>\n\t\t\t\t\t<\/div>\n\t\t\t\t<\/div>\n\t\t\t\t<\/div>\n\t\t","protected":false},"excerpt":{"rendered":"<p>Instrumentos Tratamiento de grasa aut\u00f3loga Aplicaci\u00f3n Liposuction Instrumentos Retractor abdominal Saldanha-Solz para lipoabdominoplastia Aplicaci\u00f3n Liposuction Instrumentos Tratamiento de grasa aut\u00f3loga Instrumentos Retractor abdominal Saldanha-Solz para lipoabdominoplastia Cat\u00e1logos especiales para liposuction Haga clic en la imagen de la portada para abrir la publicaci\u00f3n y hojearla (los cat\u00e1logos se abren como publicaciones en l\u00ednea en una nueva [&hellip;]<\/p>\n","protected":false},"author":3,"featured_media":0,"parent":0,"menu_order":0,"comment_status":"closed","ping_status":"closed","template":"","meta":{"_acf_changed":false,"postBodyCss":"","postBodyMargin":[],"postBodyPadding":[],"postBodyBackground":{"backgroundType":"classic","gradient":""},"footnotes":"","_links_to":"","_links_to_target":""},"business_unit":[],"fachgebiet":[],"class_list":["post-104455","page","type-page","status-publish","hentry"],"acf":[],"_links":{"self":[{"href":"https:\/\/medicon.de\/es\/wp-json\/wp\/v2\/pages\/104455","targetHints":{"allow":["GET"]}}],"collection":[{"href":"https:\/\/medicon.de\/es\/wp-json\/wp\/v2\/pages"}],"about":[{"href":"https:\/\/medicon.de\/es\/wp-json\/wp\/v2\/types\/page"}],"author":[{"embeddable":true,"href":"https:\/\/medicon.de\/es\/wp-json\/wp\/v2\/users\/3"}],"replies":[{"embeddable":true,"href":"https:\/\/medicon.de\/es\/wp-json\/wp\/v2\/comments?post=104455"}],"version-history":[{"count":9,"href":"https:\/\/medicon.de\/es\/wp-json\/wp\/v2\/pages\/104455\/revisions"}],"predecessor-version":[{"id":110846,"href":"https:\/\/medicon.de\/es\/wp-json\/wp\/v2\/pages\/104455\/revisions\/110846"}],"wp:attachment":[{"href":"https:\/\/medicon.de\/es\/wp-json\/wp\/v2\/media?parent=104455"}],"wp:term":[{"taxonomy":"business_unit","embeddable":true,"href":"https:\/\/medicon.de\/es\/wp-json\/wp\/v2\/business_unit?post=104455"},{"taxonomy":"fachgebiet","embeddable":true,"href":"https:\/\/medicon.de\/es\/wp-json\/wp\/v2\/fachgebiet?post=104455"}],"curies":[{"name":"wp","href":"https:\/\/api.w.org\/{rel}","templated":true}]}}