{"id":104810,"date":"2025-11-11T12:07:22","date_gmt":"2025-11-11T11:07:22","guid":{"rendered":"https:\/\/medicon.de\/especialidad-quirurgica-cirugia-general\/"},"modified":"2026-03-13T17:56:34","modified_gmt":"2026-03-13T16:56:34","slug":"especialidad-quirurgica-cirugia-general","status":"publish","type":"page","link":"https:\/\/medicon.de\/es\/especialidad-quirurgica-cirugia-general\/","title":{"rendered":"Especialidad Quir\u00fargica Cirug\u00eda general"},"content":{"rendered":"\t\t<div data-elementor-type=\"wp-page\" data-elementor-id=\"104810\" class=\"elementor elementor-104810 elementor-103389\" data-elementor-post-type=\"page\">\n\t\t\t\t<div class=\"elementor-element elementor-element-2e8628c e-flex e-con-boxed e-con e-parent\" data-id=\"2e8628c\" data-element_type=\"container\" data-e-type=\"container\" data-settings=\"{&quot;background_background&quot;:&quot;classic&quot;}\">\n\t\t\t\t\t<div class=\"e-con-inner\">\n\t\t<div class=\"elementor-element elementor-element-3b242ba e-con-full e-flex e-con e-child\" data-id=\"3b242ba\" data-element_type=\"container\" data-e-type=\"container\" data-settings=\"{&quot;background_background&quot;:&quot;classic&quot;}\">\n\t\t\t\t<div class=\"elementor-element elementor-element-17721a0 elementor-widget elementor-widget-text-editor\" data-id=\"17721a0\" data-element_type=\"widget\" data-e-type=\"widget\" data-widget_type=\"text-editor.default\">\n\t\t\t\t<div class=\"elementor-widget-container\">\n\t\t\t\t\t\t\t\t\t<p>Especialidad quir\u00fargica<\/p>\t\t\t\t\t\t\t\t<\/div>\n\t\t\t\t<\/div>\n\t\t\t\t<div class=\"elementor-element elementor-element-1dcff26 elementor-widget elementor-widget-heading\" data-id=\"1dcff26\" data-element_type=\"widget\" data-e-type=\"widget\" data-widget_type=\"heading.default\">\n\t\t\t\t<div class=\"elementor-widget-container\">\n\t\t\t\t\t<h1 class=\"elementor-heading-title elementor-size-default\">Cirug\u00eda general<\/h1>\t\t\t\t<\/div>\n\t\t\t\t<\/div>\n\t\t\t\t<\/div>\n\t\t\t\t\t<\/div>\n\t\t\t\t<\/div>\n\t\t<div class=\"elementor-element elementor-element-65fe61a e-grid e-con-boxed e-con e-parent\" data-id=\"65fe61a\" data-element_type=\"container\" data-e-type=\"container\">\n\t\t\t\t\t<div class=\"e-con-inner\">\n\t\t<div class=\"elementor-element elementor-element-7863f12 e-con-full e-flex e-con e-child\" data-id=\"7863f12\" data-element_type=\"container\" data-e-type=\"container\">\n\t\t<a class=\"elementor-element elementor-element-d707b39 e-con-full e-flex e-con e-child\" data-id=\"d707b39\" data-element_type=\"container\" data-e-type=\"container\" data-settings=\"{&quot;background_background&quot;:&quot;classic&quot;}\" href=\"https:\/\/medicon.de\/es\/instrumentos-especiales-para-la-cirugia-general\/\">\n\t\t\t\t<div class=\"elementor-element elementor-element-d06086f elementor-widget elementor-widget-text-editor\" data-id=\"d06086f\" data-element_type=\"widget\" data-e-type=\"widget\" data-widget_type=\"text-editor.default\">\n\t\t\t\t<div class=\"elementor-widget-container\">\n\t\t\t\t\t\t\t\t\t<p>Instrumentos especiales para la cirug\u00eda general<\/p>\t\t\t\t\t\t\t\t<\/div>\n\t\t\t\t<\/div>\n\t\t\t\t<div class=\"elementor-element elementor-element-8d90a31 elementor-widget elementor-widget-text-editor\" data-id=\"8d90a31\" data-element_type=\"widget\" data-e-type=\"widget\" data-widget_type=\"text-editor.default\">\n\t\t\t\t<div class=\"elementor-widget-container\">\n\t\t\t\t\t\t\t\t\t<p>Instrumentos e implantes especiales interdisciplinarios.<\/p>\t\t\t\t\t\t\t\t<\/div>\n\t\t\t\t<\/div>\n\t\t\t\t<\/a>\n\t\t\t\t<\/div>\n\t\t<div class=\"elementor-element elementor-element-fb9f954 e-con-full e-flex e-con e-child\" data-id=\"fb9f954\" data-element_type=\"container\" data-e-type=\"container\">\n\t\t<a class=\"elementor-element elementor-element-5a46ec5 e-con-full e-flex e-con e-child\" data-id=\"5a46ec5\" data-element_type=\"container\" data-e-type=\"container\" data-settings=\"{&quot;background_background&quot;:&quot;classic&quot;}\" href=\"https:\/\/medicon.de\/es\/suministro-de-material-esterilizado\/\">\n\t\t\t\t<div class=\"elementor-element elementor-element-f80fb0b elementor-widget elementor-widget-text-editor\" data-id=\"f80fb0b\" data-element_type=\"widget\" data-e-type=\"widget\" data-widget_type=\"text-editor.default\">\n\t\t\t\t<div class=\"elementor-widget-container\">\n\t\t\t\t\t\t\t\t\t<p>Suministro de material esterilizado<\/p>\t\t\t\t\t\t\t\t<\/div>\n\t\t\t\t<\/div>\n\t\t\t\t<div class=\"elementor-element elementor-element-5441bfe elementor-widget elementor-widget-text-editor\" data-id=\"5441bfe\" data-element_type=\"widget\" data-e-type=\"widget\" data-widget_type=\"text-editor.default\">\n\t\t\t\t<div class=\"elementor-widget-container\">\n\t\t\t\t\t\t\t\t\t<p>Contenedores y productos de mantenimiento para instrumental quir\u00fargico<\/p>\t\t\t\t\t\t\t\t<\/div>\n\t\t\t\t<\/div>\n\t\t\t\t<\/a>\n\t\t\t\t<\/div>\n\t\t<div class=\"elementor-element elementor-element-f479deb e-con-full e-flex e-con e-child\" data-id=\"f479deb\" data-element_type=\"container\" data-e-type=\"container\">\n\t\t\t\t<\/div>\n\t\t\t\t\t<\/div>\n\t\t\t\t<\/div>\n\t\t<div class=\"elementor-element elementor-element-172f7bf e-flex e-con-boxed e-con e-parent\" data-id=\"172f7bf\" data-element_type=\"container\" data-e-type=\"container\">\n\t\t\t\t\t<div class=\"e-con-inner\">\n\t\t<div class=\"elementor-element elementor-element-bcd7057 e-con-full e-flex e-con e-child\" data-id=\"bcd7057\" data-element_type=\"container\" data-e-type=\"container\">\n\t\t\t\t<div class=\"elementor-element elementor-element-f892eca elementor-widget elementor-widget-heading\" data-id=\"f892eca\" data-element_type=\"widget\" data-e-type=\"widget\" data-widget_type=\"heading.default\">\n\t\t\t\t<div class=\"elementor-widget-container\">\n\t\t\t\t\t<h3 class=\"elementor-heading-title elementor-size-default\">Cat\u00e1logos especiales para instrumentos especiales de cirug\u00eda general<\/h3>\t\t\t\t<\/div>\n\t\t\t\t<\/div>\n\t\t\t\t<div class=\"elementor-element elementor-element-d7c0ab2 elementor-widget elementor-widget-text-editor\" data-id=\"d7c0ab2\" data-element_type=\"widget\" data-e-type=\"widget\" data-widget_type=\"text-editor.default\">\n\t\t\t\t<div class=\"elementor-widget-container\">\n\t\t\t\t\t\t\t\t\t<p>Haga clic en la imagen de la portada para abrir la publicaci\u00f3n y hojearla (los cat\u00e1logos se abren como publicaciones en l\u00ednea en una nueva ventana del navegador). <\/p>\t\t\t\t\t\t\t\t<\/div>\n\t\t\t\t<\/div>\n\t\t\t\t<div class=\"elementor-element elementor-element-bf6a652 elementor-widget elementor-widget-jet-listing-grid\" data-id=\"bf6a652\" data-element_type=\"widget\" data-e-type=\"widget\" data-settings=\"{&quot;columns&quot;:&quot;4&quot;,&quot;columns_tablet&quot;:&quot;3&quot;,&quot;columns_mobile&quot;:&quot;1&quot;}\" data-widget_type=\"jet-listing-grid.default\">\n\t\t\t\t<div class=\"elementor-widget-container\">\n\t\t\t\t\t<div class=\"jet-listing-grid jet-listing\"><div class=\"jet-listing-grid__items grid-col-desk-4 grid-col-tablet-3 grid-col-mobile-1 jet-listing-grid--21882 jet-equal-columns__wrapper\" data-queried-id=\"104810|WP_Post\" data-nav=\"{&quot;enabled&quot;:false,&quot;type&quot;:null,&quot;more_el&quot;:null,&quot;query&quot;:[],&quot;widget_settings&quot;:{&quot;lisitng_id&quot;:21882,&quot;posts_num&quot;:3,&quot;columns&quot;:4,&quot;columns_tablet&quot;:3,&quot;columns_mobile&quot;:1,&quot;column_min_width&quot;:240,&quot;column_min_width_tablet&quot;:240,&quot;column_min_width_mobile&quot;:240,&quot;inline_columns_css&quot;:false,&quot;is_archive_template&quot;:&quot;&quot;,&quot;post_status&quot;:[&quot;publish&quot;],&quot;use_random_posts_num&quot;:&quot;&quot;,&quot;max_posts_num&quot;:9,&quot;not_found_message&quot;:&quot;No hay cat\\u00e1logo\\\/folleto vinculado.&quot;,&quot;is_masonry&quot;:false,&quot;equal_columns_height&quot;:&quot;yes&quot;,&quot;use_load_more&quot;:&quot;&quot;,&quot;load_more_id&quot;:&quot;&quot;,&quot;load_more_type&quot;:&quot;click&quot;,&quot;load_more_offset&quot;:{&quot;unit&quot;:&quot;px&quot;,&quot;size&quot;:0,&quot;sizes&quot;:[]},&quot;use_custom_post_types&quot;:&quot;&quot;,&quot;custom_post_types&quot;:[],&quot;hide_widget_if&quot;:&quot;&quot;,&quot;carousel_enabled&quot;:&quot;&quot;,&quot;slides_to_scroll&quot;:&quot;2&quot;,&quot;arrows&quot;:&quot;true&quot;,&quot;arrow_icon&quot;:&quot;fa fa-angle-left&quot;,&quot;dots&quot;:&quot;&quot;,&quot;autoplay&quot;:&quot;true&quot;,&quot;pause_on_hover&quot;:&quot;true&quot;,&quot;autoplay_speed&quot;:5000,&quot;infinite&quot;:&quot;true&quot;,&quot;center_mode&quot;:&quot;&quot;,&quot;effect&quot;:&quot;fade&quot;,&quot;speed&quot;:500,&quot;inject_alternative_items&quot;:&quot;&quot;,&quot;injection_items&quot;:[],&quot;scroll_slider_enabled&quot;:&quot;&quot;,&quot;scroll_slider_on&quot;:[&quot;desktop&quot;,&quot;tablet&quot;,&quot;mobile&quot;],&quot;custom_query&quot;:false,&quot;custom_query_id&quot;:&quot;36&quot;,&quot;_element_id&quot;:&quot;&quot;,&quot;collapse_first_last_gap&quot;:false,&quot;list_tag_selection&quot;:&quot;&quot;,&quot;list_items_wrapper_tag&quot;:&quot;div&quot;,&quot;list_item_tag&quot;:&quot;div&quot;,&quot;empty_items_wrapper_tag&quot;:&quot;div&quot;}}\" data-page=\"1\" data-pages=\"1\" data-listing-source=\"posts\" data-listing-id=\"21882\" data-query-id=\"\"><div class=\"jet-listing-grid__item jet-listing-dynamic-post-21205 jet-equal-columns\" data-post-id=\"21205\"  >\t\t<div data-elementor-type=\"jet-listing-items\" data-elementor-id=\"29329\" class=\"elementor elementor-29329 elementor-21882 elementor-21882\" data-elementor-post-type=\"jet-engine\">\n\t\t\t\t<div class=\"elementor-element elementor-element-58ca52b jedv-enabled--yes WPRocketSafeList e-flex e-con-boxed e-con e-parent\" data-id=\"58ca52b\" data-element_type=\"container\" data-e-type=\"container\">\n\t\t\t\t\t<div class=\"e-con-inner\">\n\t\t<div class=\"elementor-element elementor-element-bea2ee9 e-con-full e-flex e-con e-child\" data-id=\"bea2ee9\" data-element_type=\"container\" data-e-type=\"container\">\n\t\t\t\t<div class=\"elementor-element elementor-element-9e1eb2f matomo_download elementor-widget elementor-widget-image\" data-id=\"9e1eb2f\" data-element_type=\"widget\" data-e-type=\"widget\" data-widget_type=\"image.default\">\n\t\t\t\t<div class=\"elementor-widget-container\">\n\t\t\t\t\t\t\t\t\t\t\t\t<figure class=\"wp-caption\">\n\t\t\t\t\t\t\t\t\t\t\t<a href=\"https:\/\/medicon.de\/publications\/450.00.03_Hauptkatalog\/\" target=\"_blank\" data-track-content=\"\" data-content-piece=\"Katalog\" rel=\"noreferrer noopener\">\n\t\t\t\t\t\t\t<img fetchpriority=\"high\" decoding=\"async\" width=\"500\" height=\"650\" src=\"https:\/\/medicon.de\/wp-content\/uploads\/2022\/04\/450.00.03_Hauptkatalog.jpg\" class=\"attachment-full size-full wp-image-68895\" alt=\"Hauptkatalog von Medicon mit dem Slogan \u201ethe art of surgery\u201c, bunten Figuren und abstrakter Kunst in menschlicher Silhouette.\" srcset=\"https:\/\/medicon.de\/wp-content\/uploads\/2022\/04\/450.00.03_Hauptkatalog.jpg 500w, https:\/\/medicon.de\/wp-content\/uploads\/2022\/04\/450.00.03_Hauptkatalog-231x300.jpg 231w\" sizes=\"(max-width: 500px) 100vw, 500px\" \/>\t\t\t\t\t\t\t\t<\/a>\n\t\t\t\t\t\t\t\t\t\t\t<figcaption class=\"widget-image-caption wp-caption-text\">Medicon Hauptkatalog<\/figcaption>\n\t\t\t\t\t\t\t\t\t\t<\/figure>\n\t\t\t\t\t\t\t\t\t<\/div>\n\t\t\t\t<\/div>\n\t\t\t\t<\/div>\n\t\t\t\t\t<\/div>\n\t\t\t\t<\/div>\n\t\t\t\t<\/div>\n\t\t<\/div><div class=\"jet-listing-grid__item jet-listing-dynamic-post-21204 jet-equal-columns\" data-post-id=\"21204\"  >\t\t<div data-elementor-type=\"jet-listing-items\" data-elementor-id=\"29329\" class=\"elementor elementor-29329 elementor-21882 elementor-21882\" data-elementor-post-type=\"jet-engine\">\n\t\t\t\t<div class=\"elementor-element elementor-element-58ca52b jedv-enabled--yes WPRocketSafeList e-flex e-con-boxed e-con e-parent\" data-id=\"58ca52b\" data-element_type=\"container\" data-e-type=\"container\">\n\t\t\t\t\t<div class=\"e-con-inner\">\n\t\t<div class=\"elementor-element elementor-element-bea2ee9 e-con-full e-flex e-con e-child\" data-id=\"bea2ee9\" data-element_type=\"container\" data-e-type=\"container\">\n\t\t\t\t<div class=\"elementor-element elementor-element-9e1eb2f matomo_download elementor-widget elementor-widget-image\" data-id=\"9e1eb2f\" data-element_type=\"widget\" data-e-type=\"widget\" data-widget_type=\"image.default\">\n\t\t\t\t<div class=\"elementor-widget-container\">\n\t\t\t\t\t\t\t\t\t\t\t\t<figure class=\"wp-caption\">\n\t\t\t\t\t\t\t\t\t\t\t<a href=\"https:\/\/medicon.de\/publications\/450.00.53_Cardio_Katalog\/\" target=\"_blank\" data-track-content=\"\" data-content-piece=\"Katalog\" rel=\"noreferrer noopener\">\n\t\t\t\t\t\t\t<img decoding=\"async\" width=\"500\" height=\"641\" src=\"https:\/\/medicon.de\/wp-content\/uploads\/2022\/04\/450.00.53_Cardio-Katalog.jpg\" class=\"attachment-full size-full wp-image-77902\" alt=\"Titelblatt f\u00fcr einen Katalog der medicon instrumente GmbH zum Thema Herzchirurgie. Im Vordergrund eine stilisierte Darstellung eines menschlichen Herzens in Gelb- und Oranget\u00f6nen mit einem roten, gebrochenen Herzsymbol davor. Im Hintergrund ein blaues EKG-Muster. Darunter mehrsprachiger Text zu Thorax-Herz-Gef\u00e4\u00df-Chirurgie.\" srcset=\"https:\/\/medicon.de\/wp-content\/uploads\/2022\/04\/450.00.53_Cardio-Katalog.jpg 500w, https:\/\/medicon.de\/wp-content\/uploads\/2022\/04\/450.00.53_Cardio-Katalog-234x300.jpg 234w, https:\/\/medicon.de\/wp-content\/uploads\/2022\/04\/450.00.53_Cardio-Katalog-200x256.jpg 200w\" sizes=\"(max-width: 500px) 100vw, 500px\" \/>\t\t\t\t\t\t\t\t<\/a>\n\t\t\t\t\t\t\t\t\t\t\t<figcaption class=\"widget-image-caption wp-caption-text\">Cardio &#8211; Thorax-Herz-Gef\u00e4\u00df-Chirurgie<\/figcaption>\n\t\t\t\t\t\t\t\t\t\t<\/figure>\n\t\t\t\t\t\t\t\t\t<\/div>\n\t\t\t\t<\/div>\n\t\t\t\t<\/div>\n\t\t\t\t\t<\/div>\n\t\t\t\t<\/div>\n\t\t\t\t<\/div>\n\t\t<\/div><div class=\"jet-listing-grid__item jet-listing-dynamic-post-21203 jet-equal-columns\" data-post-id=\"21203\"  >\t\t<div data-elementor-type=\"jet-listing-items\" data-elementor-id=\"29329\" class=\"elementor elementor-29329 elementor-21882 elementor-21882\" data-elementor-post-type=\"jet-engine\">\n\t\t\t\t<div class=\"elementor-element elementor-element-58ca52b jedv-enabled--yes WPRocketSafeList e-flex e-con-boxed e-con e-parent\" data-id=\"58ca52b\" data-element_type=\"container\" data-e-type=\"container\">\n\t\t\t\t\t<div class=\"e-con-inner\">\n\t\t<div class=\"elementor-element elementor-element-bea2ee9 e-con-full e-flex e-con e-child\" data-id=\"bea2ee9\" data-element_type=\"container\" data-e-type=\"container\">\n\t\t\t\t<div class=\"elementor-element elementor-element-9e1eb2f matomo_download elementor-widget elementor-widget-image\" data-id=\"9e1eb2f\" data-element_type=\"widget\" data-e-type=\"widget\" data-widget_type=\"image.default\">\n\t\t\t\t<div class=\"elementor-widget-container\">\n\t\t\t\t\t\t\t\t\t\t\t\t<figure class=\"wp-caption\">\n\t\t\t\t\t\t\t\t\t\t\t<a href=\"https:\/\/medicon.de\/publications\/450.00.63_Orthopaedie\/\" target=\"_blank\" data-track-content=\"\" data-content-piece=\"Katalog\" rel=\"noreferrer noopener\">\n\t\t\t\t\t\t\t<img decoding=\"async\" width=\"500\" height=\"659\" src=\"https:\/\/medicon.de\/wp-content\/uploads\/2022\/04\/450.00.63_Othopaedics-1.jpg\" class=\"attachment-full size-full wp-image-68721\" alt=\"Diese Titelseite pr\u00e4sentiert das Thema Orthopaedics (Orthop\u00e4die). Das Bild zeigt eine Hand mit Knochen, an denen chirurgische Implantate wie eine Platte und Schrauben angebracht sind. Im Hintergrund sind schemenhaft menschliche Figuren skizziert, und die Farbt\u00f6ne sind haupts\u00e4chlich rot und beige. Oben links befindet sich ein blauer Streifen mit einer Weltkarte und Koordinaten (47\u00b0 57&#039; 31.4&#039;&#039; N, 8\u00b0 46&#039; 58.6&#039;&#039; E), die vermutlich den Standort von Medicon in Deutschland angeben. Unten mittig ist das Medicon-Logo in roter Schrift zu sehen.\" srcset=\"https:\/\/medicon.de\/wp-content\/uploads\/2022\/04\/450.00.63_Othopaedics-1.jpg 500w, https:\/\/medicon.de\/wp-content\/uploads\/2022\/04\/450.00.63_Othopaedics-1-228x300.jpg 228w\" sizes=\"(max-width: 500px) 100vw, 500px\" \/>\t\t\t\t\t\t\t\t<\/a>\n\t\t\t\t\t\t\t\t\t\t\t<figcaption class=\"widget-image-caption wp-caption-text\">Orthopaedics &#8211; Implantate und Instrumente<\/figcaption>\n\t\t\t\t\t\t\t\t\t\t<\/figure>\n\t\t\t\t\t\t\t\t\t<\/div>\n\t\t\t\t<\/div>\n\t\t\t\t<\/div>\n\t\t\t\t\t<\/div>\n\t\t\t\t<\/div>\n\t\t\t\t<\/div>\n\t\t<\/div><\/div><\/div>\t\t\t\t<\/div>\n\t\t\t\t<\/div>\n\t\t\t\t<\/div>\n\t\t\t\t\t<\/div>\n\t\t\t\t<\/div>\n\t\t\t\t<\/div>\n\t\t","protected":false},"excerpt":{"rendered":"<p>Especialidad quir\u00fargica Cirug\u00eda general Instrumentos especiales para la cirug\u00eda general Instrumentos e implantes especiales interdisciplinarios. Suministro de material esterilizado Contenedores y productos de mantenimiento para instrumental quir\u00fargico Cat\u00e1logos especiales para instrumentos especiales de cirug\u00eda general Haga clic en la imagen de la portada para abrir la publicaci\u00f3n y hojearla (los cat\u00e1logos se abren como publicaciones [&hellip;]<\/p>\n","protected":false},"author":3,"featured_media":0,"parent":0,"menu_order":0,"comment_status":"closed","ping_status":"closed","template":"","meta":{"_acf_changed":false,"postBodyCss":"","postBodyMargin":[],"postBodyPadding":[],"postBodyBackground":{"backgroundType":"classic","gradient":""},"footnotes":"","_links_to":"","_links_to_target":""},"business_unit":[],"fachgebiet":[369],"class_list":["post-104810","page","type-page","status-publish","hentry","fachgebiet-cirugia-general"],"acf":[],"_links":{"self":[{"href":"https:\/\/medicon.de\/es\/wp-json\/wp\/v2\/pages\/104810","targetHints":{"allow":["GET"]}}],"collection":[{"href":"https:\/\/medicon.de\/es\/wp-json\/wp\/v2\/pages"}],"about":[{"href":"https:\/\/medicon.de\/es\/wp-json\/wp\/v2\/types\/page"}],"author":[{"embeddable":true,"href":"https:\/\/medicon.de\/es\/wp-json\/wp\/v2\/users\/3"}],"replies":[{"embeddable":true,"href":"https:\/\/medicon.de\/es\/wp-json\/wp\/v2\/comments?post=104810"}],"version-history":[{"count":24,"href":"https:\/\/medicon.de\/es\/wp-json\/wp\/v2\/pages\/104810\/revisions"}],"predecessor-version":[{"id":112106,"href":"https:\/\/medicon.de\/es\/wp-json\/wp\/v2\/pages\/104810\/revisions\/112106"}],"wp:attachment":[{"href":"https:\/\/medicon.de\/es\/wp-json\/wp\/v2\/media?parent=104810"}],"wp:term":[{"taxonomy":"business_unit","embeddable":true,"href":"https:\/\/medicon.de\/es\/wp-json\/wp\/v2\/business_unit?post=104810"},{"taxonomy":"fachgebiet","embeddable":true,"href":"https:\/\/medicon.de\/es\/wp-json\/wp\/v2\/fachgebiet?post=104810"}],"curies":[{"name":"wp","href":"https:\/\/api.w.org\/{rel}","templated":true}]}}