{"id":104821,"date":"2025-11-19T12:08:11","date_gmt":"2025-11-19T11:08:11","guid":{"rendered":"https:\/\/medicon.de\/especialidad-quirurgica-ortorinolaringologia\/"},"modified":"2026-01-22T14:02:14","modified_gmt":"2026-01-22T13:02:14","slug":"especialidad-quirurgica-ortorinolaringologia","status":"publish","type":"page","link":"https:\/\/medicon.de\/es\/especialidad-quirurgica-ortorinolaringologia\/","title":{"rendered":"Especialidad quir\u00fargica Ortorinolaringolog\u00eda"},"content":{"rendered":"\t\t<div data-elementor-type=\"wp-page\" data-elementor-id=\"104821\" class=\"elementor elementor-104821 elementor-104344\" data-elementor-post-type=\"page\">\n\t\t\t\t<div class=\"elementor-element elementor-element-571c219 e-flex e-con-boxed e-con e-parent\" data-id=\"571c219\" data-element_type=\"container\" data-e-type=\"container\" data-settings=\"{&quot;background_background&quot;:&quot;classic&quot;}\">\n\t\t\t\t\t<div class=\"e-con-inner\">\n\t\t<div class=\"elementor-element elementor-element-ec7514a e-con-full e-flex e-con e-child\" data-id=\"ec7514a\" data-element_type=\"container\" data-e-type=\"container\" data-settings=\"{&quot;background_background&quot;:&quot;classic&quot;}\">\n\t\t\t\t<div class=\"elementor-element elementor-element-6596c5b elementor-widget elementor-widget-text-editor\" data-id=\"6596c5b\" data-element_type=\"widget\" data-e-type=\"widget\" data-widget_type=\"text-editor.default\">\n\t\t\t\t<div class=\"elementor-widget-container\">\n\t\t\t\t\t\t\t\t\t<p>Especialidad quir\u00fargica<\/p>\t\t\t\t\t\t\t\t<\/div>\n\t\t\t\t<\/div>\n\t\t\t\t<div class=\"elementor-element elementor-element-fbd2d8e elementor-widget elementor-widget-heading\" data-id=\"fbd2d8e\" data-element_type=\"widget\" data-e-type=\"widget\" data-widget_type=\"heading.default\">\n\t\t\t\t<div class=\"elementor-widget-container\">\n\t\t\t\t\t<h1 class=\"elementor-heading-title elementor-size-default\">Ortorinolaringolog\u00eda<\/h1>\t\t\t\t<\/div>\n\t\t\t\t<\/div>\n\t\t\t\t<\/div>\n\t\t\t\t\t<\/div>\n\t\t\t\t<\/div>\n\t\t<div class=\"elementor-element elementor-element-0988e93 e-grid e-con-boxed e-con e-parent\" data-id=\"0988e93\" data-element_type=\"container\" data-e-type=\"container\">\n\t\t\t\t\t<div class=\"e-con-inner\">\n\t\t<div class=\"elementor-element elementor-element-9e4d242 e-con-full e-flex e-con e-child\" data-id=\"9e4d242\" data-element_type=\"container\" data-e-type=\"container\">\n\t\t<a class=\"elementor-element elementor-element-0544992 e-con-full e-flex e-con e-child\" data-id=\"0544992\" data-element_type=\"container\" data-e-type=\"container\" data-settings=\"{&quot;background_background&quot;:&quot;classic&quot;}\" href=\"https:\/\/medicon.de\/es\/rinoplastia-moderna\/\">\n\t\t\t\t<div class=\"elementor-element elementor-element-53ee6d9 elementor-widget elementor-widget-text-editor\" data-id=\"53ee6d9\" data-element_type=\"widget\" data-e-type=\"widget\" data-widget_type=\"text-editor.default\">\n\t\t\t\t<div class=\"elementor-widget-container\">\n\t\t\t\t\t\t\t\t\t<p>Rinoplastia moderna<\/p>\t\t\t\t\t\t\t\t<\/div>\n\t\t\t\t<\/div>\n\t\t\t\t<div class=\"elementor-element elementor-element-adaa2df elementor-widget elementor-widget-text-editor\" data-id=\"adaa2df\" data-element_type=\"widget\" data-e-type=\"widget\" data-widget_type=\"text-editor.default\">\n\t\t\t\t<div class=\"elementor-widget-container\">\n\t\t\t\t\t\t\t\t\t<p>Juegos de instrumentos e instrumentos especiales para la correcci\u00f3n de la nariz.<\/p>\t\t\t\t\t\t\t\t<\/div>\n\t\t\t\t<\/div>\n\t\t\t\t<\/a>\n\t\t\t\t<\/div>\n\t\t<div class=\"elementor-element elementor-element-cd56ce6 e-con-full e-flex e-con e-child\" data-id=\"cd56ce6\" data-element_type=\"container\" data-e-type=\"container\">\n\t\t<a class=\"elementor-element elementor-element-4efabe5 e-con-full e-flex e-con e-child\" data-id=\"4efabe5\" data-element_type=\"container\" data-e-type=\"container\" data-settings=\"{&quot;background_background&quot;:&quot;classic&quot;}\" href=\"https:\/\/medicon.de\/es\/cirugia-plastica-auricular\/\">\n\t\t\t\t<div class=\"elementor-element elementor-element-2c83055 elementor-widget elementor-widget-text-editor\" data-id=\"2c83055\" data-element_type=\"widget\" data-e-type=\"widget\" data-widget_type=\"text-editor.default\">\n\t\t\t\t<div class=\"elementor-widget-container\">\n\t\t\t\t\t\t\t\t\t<p>Cirug\u00eda pl\u00e1stica auricular<\/p>\t\t\t\t\t\t\t\t<\/div>\n\t\t\t\t<\/div>\n\t\t\t\t<div class=\"elementor-element elementor-element-0bc83ed elementor-widget elementor-widget-text-editor\" data-id=\"0bc83ed\" data-element_type=\"widget\" data-e-type=\"widget\" data-widget_type=\"text-editor.default\">\n\t\t\t\t<div class=\"elementor-widget-container\">\n\t\t\t\t\t\t\t\t\t<p>Modelo de entrenamiento y juego de instrumentos para la reconstrucci\u00f3n auricular.<\/p>\t\t\t\t\t\t\t\t<\/div>\n\t\t\t\t<\/div>\n\t\t\t\t<\/a>\n\t\t\t\t<\/div>\n\t\t<div class=\"elementor-element elementor-element-b7b1652 e-con-full e-flex e-con e-child\" data-id=\"b7b1652\" data-element_type=\"container\" data-e-type=\"container\">\n\t\t<a class=\"elementor-element elementor-element-960c685 e-con-full e-flex e-con e-child\" data-id=\"960c685\" data-element_type=\"container\" data-e-type=\"container\" data-settings=\"{&quot;background_background&quot;:&quot;classic&quot;}\" href=\"https:\/\/medicon.de\/es\/lp_epiplating-2\/\">\n\t\t\t\t<div class=\"elementor-element elementor-element-ffd7d3b elementor-widget elementor-widget-text-editor\" data-id=\"ffd7d3b\" data-element_type=\"widget\" data-e-type=\"widget\" data-widget_type=\"text-editor.default\">\n\t\t\t\t<div class=\"elementor-widget-container\">\n\t\t\t\t\t\t\t\t\t<p>Epiplating<\/p>\t\t\t\t\t\t\t\t<\/div>\n\t\t\t\t<\/div>\n\t\t\t\t<div class=\"elementor-element elementor-element-4c5f584 elementor-widget elementor-widget-text-editor\" data-id=\"4c5f584\" data-element_type=\"widget\" data-e-type=\"widget\" data-widget_type=\"text-editor.default\">\n\t\t\t\t<div class=\"elementor-widget-container\">\n\t\t\t\t\t\t\t\t\t<p>Sistema de placas de titanio para la fi jaci\u00f3n \u00f3sea de ep\u00edtesis<\/p>\t\t\t\t\t\t\t\t<\/div>\n\t\t\t\t<\/div>\n\t\t\t\t<\/a>\n\t\t\t\t<\/div>\n\t\t\t\t\t<\/div>\n\t\t\t\t<\/div>\n\t\t<div class=\"elementor-element elementor-element-376b2b1 e-grid e-con-boxed e-con e-parent\" data-id=\"376b2b1\" data-element_type=\"container\" data-e-type=\"container\">\n\t\t\t\t\t<div class=\"e-con-inner\">\n\t\t<div class=\"elementor-element elementor-element-1d67f64 e-con-full e-flex e-con e-child\" data-id=\"1d67f64\" data-element_type=\"container\" data-e-type=\"container\">\n\t\t<a class=\"elementor-element elementor-element-7e1da8a e-con-full e-flex e-con e-child\" data-id=\"7e1da8a\" data-element_type=\"container\" data-e-type=\"container\" data-settings=\"{&quot;background_background&quot;:&quot;classic&quot;}\" href=\"https:\/\/medicon.de\/es\/instrumentos-orl\/\">\n\t\t\t\t<div class=\"elementor-element elementor-element-82f071c elementor-widget elementor-widget-text-editor\" data-id=\"82f071c\" data-element_type=\"widget\" data-e-type=\"widget\" data-widget_type=\"text-editor.default\">\n\t\t\t\t<div class=\"elementor-widget-container\">\n\t\t\t\t\t\t\t\t\t<p>Instrumentos ORL<\/p>\t\t\t\t\t\t\t\t<\/div>\n\t\t\t\t<\/div>\n\t\t\t\t<div class=\"elementor-element elementor-element-e831582 elementor-widget elementor-widget-text-editor\" data-id=\"e831582\" data-element_type=\"widget\" data-e-type=\"widget\" data-widget_type=\"text-editor.default\">\n\t\t\t\t<div class=\"elementor-widget-container\">\n\t\t\t\t\t\t\t\t\t<p>Laringoscopios de fibra \u00f3ptica con mangos y amplia gama de accesorios.<\/p>\t\t\t\t\t\t\t\t<\/div>\n\t\t\t\t<\/div>\n\t\t\t\t<\/a>\n\t\t\t\t<\/div>\n\t\t\t\t\t<\/div>\n\t\t\t\t<\/div>\n\t\t<div class=\"elementor-element elementor-element-64fc8d8 e-flex e-con-boxed e-con e-parent\" data-id=\"64fc8d8\" data-element_type=\"container\" data-e-type=\"container\">\n\t\t\t\t\t<div class=\"e-con-inner\">\n\t\t<div class=\"elementor-element elementor-element-8e7b3ba e-con-full e-flex e-con e-child\" data-id=\"8e7b3ba\" data-element_type=\"container\" data-e-type=\"container\">\n\t\t\t\t<div class=\"elementor-element elementor-element-f294f63 elementor-widget elementor-widget-heading\" data-id=\"f294f63\" data-element_type=\"widget\" data-e-type=\"widget\" data-widget_type=\"heading.default\">\n\t\t\t\t<div class=\"elementor-widget-container\">\n\t\t\t\t\t<h3 class=\"elementor-heading-title elementor-size-default\">Cat\u00e1logos especiales para quir\u00fargica otorinolaringolog\u00eda<\/h3>\t\t\t\t<\/div>\n\t\t\t\t<\/div>\n\t\t\t\t<div class=\"elementor-element elementor-element-4b06206 elementor-widget elementor-widget-text-editor\" data-id=\"4b06206\" data-element_type=\"widget\" data-e-type=\"widget\" data-widget_type=\"text-editor.default\">\n\t\t\t\t<div class=\"elementor-widget-container\">\n\t\t\t\t\t\t\t\t\t<p>Haga clic en la imagen de la portada para abrir la publicaci\u00f3n y hojearla (los cat\u00e1logos se abren como publicaciones en l\u00ednea en una nueva ventana del navegador). <\/p>\t\t\t\t\t\t\t\t<\/div>\n\t\t\t\t<\/div>\n\t\t\t\t<div class=\"elementor-element elementor-element-166b495 elementor-widget elementor-widget-jet-listing-grid\" data-id=\"166b495\" data-element_type=\"widget\" data-e-type=\"widget\" data-settings=\"{&quot;columns&quot;:&quot;4&quot;,&quot;columns_tablet&quot;:&quot;3&quot;,&quot;columns_mobile&quot;:&quot;1&quot;}\" data-widget_type=\"jet-listing-grid.default\">\n\t\t\t\t<div class=\"elementor-widget-container\">\n\t\t\t\t\t<div class=\"jet-listing-grid jet-listing\"><div class=\"jet-listing-grid__items grid-col-desk-4 grid-col-tablet-3 grid-col-mobile-1 jet-listing-grid--21882 jet-equal-columns__wrapper\" data-queried-id=\"104821|WP_Post\" data-nav=\"{&quot;enabled&quot;:false,&quot;type&quot;:null,&quot;more_el&quot;:null,&quot;query&quot;:[],&quot;widget_settings&quot;:{&quot;lisitng_id&quot;:21882,&quot;posts_num&quot;:3,&quot;columns&quot;:4,&quot;columns_tablet&quot;:3,&quot;columns_mobile&quot;:1,&quot;column_min_width&quot;:240,&quot;column_min_width_tablet&quot;:240,&quot;column_min_width_mobile&quot;:240,&quot;inline_columns_css&quot;:false,&quot;is_archive_template&quot;:&quot;&quot;,&quot;post_status&quot;:[&quot;publish&quot;],&quot;use_random_posts_num&quot;:&quot;&quot;,&quot;max_posts_num&quot;:9,&quot;not_found_message&quot;:&quot;No hay cat\\u00e1logo\\\/folleto vinculado.&quot;,&quot;is_masonry&quot;:false,&quot;equal_columns_height&quot;:&quot;yes&quot;,&quot;use_load_more&quot;:&quot;&quot;,&quot;load_more_id&quot;:&quot;&quot;,&quot;load_more_type&quot;:&quot;click&quot;,&quot;load_more_offset&quot;:{&quot;unit&quot;:&quot;px&quot;,&quot;size&quot;:0,&quot;sizes&quot;:[]},&quot;use_custom_post_types&quot;:&quot;&quot;,&quot;custom_post_types&quot;:[],&quot;hide_widget_if&quot;:&quot;&quot;,&quot;carousel_enabled&quot;:&quot;&quot;,&quot;slides_to_scroll&quot;:&quot;2&quot;,&quot;arrows&quot;:&quot;true&quot;,&quot;arrow_icon&quot;:&quot;fa fa-angle-left&quot;,&quot;dots&quot;:&quot;&quot;,&quot;autoplay&quot;:&quot;true&quot;,&quot;pause_on_hover&quot;:&quot;true&quot;,&quot;autoplay_speed&quot;:5000,&quot;infinite&quot;:&quot;true&quot;,&quot;center_mode&quot;:&quot;&quot;,&quot;effect&quot;:&quot;fade&quot;,&quot;speed&quot;:500,&quot;inject_alternative_items&quot;:&quot;&quot;,&quot;injection_items&quot;:[],&quot;scroll_slider_enabled&quot;:&quot;&quot;,&quot;scroll_slider_on&quot;:[&quot;desktop&quot;,&quot;tablet&quot;,&quot;mobile&quot;],&quot;custom_query&quot;:false,&quot;custom_query_id&quot;:&quot;&quot;,&quot;_element_id&quot;:&quot;&quot;,&quot;collapse_first_last_gap&quot;:false,&quot;list_tag_selection&quot;:&quot;&quot;,&quot;list_items_wrapper_tag&quot;:&quot;div&quot;,&quot;list_item_tag&quot;:&quot;div&quot;,&quot;empty_items_wrapper_tag&quot;:&quot;div&quot;}}\" data-page=\"1\" data-pages=\"1\" data-listing-source=\"posts\" data-listing-id=\"21882\" data-query-id=\"\"><div class=\"jet-listing-grid__item jet-listing-dynamic-post-21228 jet-equal-columns\" data-post-id=\"21228\"  >\t\t<div data-elementor-type=\"jet-listing-items\" data-elementor-id=\"29329\" class=\"elementor elementor-29329 elementor-21882 elementor-21882\" data-elementor-post-type=\"jet-engine\">\n\t\t\t\t<div class=\"elementor-element elementor-element-58ca52b jedv-enabled--yes WPRocketSafeList e-flex e-con-boxed e-con e-parent\" data-id=\"58ca52b\" data-element_type=\"container\" data-e-type=\"container\">\n\t\t\t\t\t<div class=\"e-con-inner\">\n\t\t<div class=\"elementor-element elementor-element-bea2ee9 e-con-full e-flex e-con e-child\" data-id=\"bea2ee9\" data-element_type=\"container\" data-e-type=\"container\">\n\t\t\t\t<div class=\"elementor-element elementor-element-9e1eb2f matomo_download elementor-widget elementor-widget-image\" data-id=\"9e1eb2f\" data-element_type=\"widget\" data-e-type=\"widget\" data-widget_type=\"image.default\">\n\t\t\t\t<div class=\"elementor-widget-container\">\n\t\t\t\t\t\t\t\t\t\t\t\t<figure class=\"wp-caption\">\n\t\t\t\t\t\t\t\t\t\t\t<a href=\"https:\/\/medicon.de\/publications\/450.00.37_ENT\/\" target=\"_blank\" data-track-content=\"\" data-content-piece=\"Katalog\" rel=\"noreferrer noopener\">\n\t\t\t\t\t\t\t<img fetchpriority=\"high\" decoding=\"async\" width=\"500\" height=\"707\" src=\"https:\/\/medicon.de\/wp-content\/uploads\/2022\/04\/450.00.37_ENT_Katalog.jpg\" class=\"attachment-full size-full wp-image-68793\" alt=\"Titelbild einer medizinischen Brosch\u00fcre mit dem Titel \u201eENT Surgery\u201c. Die Abk\u00fcrzung steht f\u00fcr \u201eEar, Nose, and Throat\u201c (HNO in Deutsch, ORL in Franz\u00f6sisch). Das Design zeigt moderne, abstrahierte Skulpturen sowie eine grafische Darstellung des menschlichen Kopfes mit Fokus auf den Geh\u00f6rgang. Linien und Pfeile visualisieren den Schallweg zum Ohr. Oben links ist ein Bild mit chirurgischen Instrumenten zu sehen. Unten befindet sich das Logo von \u201emedicon Instrumente \u2013 the art of surgery\u201c.\" srcset=\"https:\/\/medicon.de\/wp-content\/uploads\/2022\/04\/450.00.37_ENT_Katalog.jpg 500w, https:\/\/medicon.de\/wp-content\/uploads\/2022\/04\/450.00.37_ENT_Katalog-212x300.jpg 212w\" sizes=\"(max-width: 500px) 100vw, 500px\" \/>\t\t\t\t\t\t\t\t<\/a>\n\t\t\t\t\t\t\t\t\t\t\t<figcaption class=\"widget-image-caption wp-caption-text\">Instrumente f\u00fcr die Hals-Nasen-Ohren Chirurgie<\/figcaption>\n\t\t\t\t\t\t\t\t\t\t<\/figure>\n\t\t\t\t\t\t\t\t\t<\/div>\n\t\t\t\t<\/div>\n\t\t\t\t<\/div>\n\t\t\t\t\t<\/div>\n\t\t\t\t<\/div>\n\t\t\t\t<\/div>\n\t\t<\/div><div class=\"jet-listing-grid__item jet-listing-dynamic-post-111769 jet-equal-columns\" data-post-id=\"111769\"  >\t\t<div data-elementor-type=\"jet-listing-items\" data-elementor-id=\"29329\" class=\"elementor elementor-29329 elementor-21882 elementor-21882\" data-elementor-post-type=\"jet-engine\">\n\t\t\t\t<div class=\"elementor-element elementor-element-58ca52b jedv-enabled--yes WPRocketSafeList e-flex e-con-boxed e-con e-parent\" data-id=\"58ca52b\" data-element_type=\"container\" data-e-type=\"container\">\n\t\t\t\t\t<div class=\"e-con-inner\">\n\t\t<div class=\"elementor-element elementor-element-bea2ee9 e-con-full e-flex e-con e-child\" data-id=\"bea2ee9\" data-element_type=\"container\" data-e-type=\"container\">\n\t\t\t\t<div class=\"elementor-element elementor-element-9e1eb2f matomo_download elementor-widget elementor-widget-image\" data-id=\"9e1eb2f\" data-element_type=\"widget\" data-e-type=\"widget\" data-widget_type=\"image.default\">\n\t\t\t\t<div class=\"elementor-widget-container\">\n\t\t\t\t\t\t\t\t\t\t\t\t<figure class=\"wp-caption\">\n\t\t\t\t\t\t\t\t\t\t\t<a href=\"https:\/\/medicon.de\/publications\/450.00.46_Sinuskopie\/\" target=\"_blank\" data-track-content=\"\" data-content-piece=\"Katalog\" rel=\"noreferrer noopener\">\n\t\t\t\t\t\t\t<img decoding=\"async\" width=\"500\" height=\"654\" src=\"https:\/\/medicon.de\/wp-content\/uploads\/2022\/04\/450.00.46_Sinuskopie.jpg\" class=\"attachment-full size-full wp-image-68736\" alt=\"Die abgebildete Titelseite zeigt den Titel \u201eSinuskopie\u201c in gro\u00dfer Schrift, darunter in kleiner grauer Schrift die \u00dcbersetzungen: Nasennebenh\u00f6hlen-Chirurgie Paranasal Sinuses Surgery Cirug\u00eda del seno paranasal Chirurgie du sinus nasal Chirurgia per il seno paranasale Oben rechts ist eine Grafik mit einem menschlichen Gesicht, bei dem die Nasennebenh\u00f6hlen farblich hervorgehoben sind (rot, blau, gr\u00fcn, gelb), und chirurgische Instrumente im Hintergrund. Der obere Bereich zeigt ein blaues Band mit dem Wort \u201eInstruments\u201c links.\" srcset=\"https:\/\/medicon.de\/wp-content\/uploads\/2022\/04\/450.00.46_Sinuskopie.jpg 500w, https:\/\/medicon.de\/wp-content\/uploads\/2022\/04\/450.00.46_Sinuskopie-229x300.jpg 229w\" sizes=\"(max-width: 500px) 100vw, 500px\" \/>\t\t\t\t\t\t\t\t<\/a>\n\t\t\t\t\t\t\t\t\t\t\t<figcaption class=\"widget-image-caption wp-caption-text\">Sinuscopia &#8211; Cirug\u00eda de los senos paranasales<\/figcaption>\n\t\t\t\t\t\t\t\t\t\t<\/figure>\n\t\t\t\t\t\t\t\t\t<\/div>\n\t\t\t\t<\/div>\n\t\t\t\t<\/div>\n\t\t\t\t\t<\/div>\n\t\t\t\t<\/div>\n\t\t\t\t<\/div>\n\t\t<\/div><div class=\"jet-listing-grid__item jet-listing-dynamic-post-21229 jet-equal-columns\" data-post-id=\"21229\"  >\t\t<div data-elementor-type=\"jet-listing-items\" data-elementor-id=\"29329\" class=\"elementor elementor-29329 elementor-21882 elementor-21882\" data-elementor-post-type=\"jet-engine\">\n\t\t\t\t<div class=\"elementor-element elementor-element-58ca52b jedv-enabled--yes WPRocketSafeList e-flex e-con-boxed e-con e-parent\" data-id=\"58ca52b\" data-element_type=\"container\" data-e-type=\"container\">\n\t\t\t\t\t<div class=\"e-con-inner\">\n\t\t<div class=\"elementor-element elementor-element-bea2ee9 e-con-full e-flex e-con e-child\" data-id=\"bea2ee9\" data-element_type=\"container\" data-e-type=\"container\">\n\t\t\t\t<div class=\"elementor-element elementor-element-9e1eb2f matomo_download elementor-widget elementor-widget-image\" data-id=\"9e1eb2f\" data-element_type=\"widget\" data-e-type=\"widget\" data-widget_type=\"image.default\">\n\t\t\t\t<div class=\"elementor-widget-container\">\n\t\t\t\t\t\t\t\t\t\t\t\t<figure class=\"wp-caption\">\n\t\t\t\t\t\t\t\t\t\t\t<a href=\"https:\/\/medicon.de\/publications\/451.02.51_HNO_Basis_Siebe\/\" target=\"_blank\" data-track-content=\"\" data-content-piece=\"Katalog\" rel=\"noreferrer noopener\">\n\t\t\t\t\t\t\t<img decoding=\"async\" width=\"500\" height=\"655\" src=\"https:\/\/medicon.de\/wp-content\/uploads\/2022\/04\/45102.51_HNO_BasisSiebe.jpg\" class=\"attachment-full size-full wp-image-68761\" alt=\"Titelseite einer Brosch\u00fcre mit dem Titel \u201eHNO BASIS SIEBE Dr. Matthias W. Winter\u201c. Oben links ist eine stilisierte Weltkarte in Blaut\u00f6nen mit Koordinatenangaben zu sehen. Rechts oben befindet sich ein quadratisches Bild mit einem seitlichen Profil eines menschlichen Kopfes in T\u00fcrkisfarben, das die Nasen- und Rachenregion sowie das Innenohr schematisch beleuchtet darstellt. Unter dem Titel steht ein mehrsprachiger Text, der Instrumentensets f\u00fcr die HNO-Chirurgie beschreibt. Unten mittig ist das \u201emedicon\u201c-Logo in Rot platziert.\" srcset=\"https:\/\/medicon.de\/wp-content\/uploads\/2022\/04\/45102.51_HNO_BasisSiebe.jpg 500w, https:\/\/medicon.de\/wp-content\/uploads\/2022\/04\/45102.51_HNO_BasisSiebe-229x300.jpg 229w\" sizes=\"(max-width: 500px) 100vw, 500px\" \/>\t\t\t\t\t\t\t\t<\/a>\n\t\t\t\t\t\t\t\t\t\t\t<figcaption class=\"widget-image-caption wp-caption-text\">HNO Basis Siebe &#8211; Instrumentensets f\u00fcr die HNO-Chirurgie<\/figcaption>\n\t\t\t\t\t\t\t\t\t\t<\/figure>\n\t\t\t\t\t\t\t\t\t<\/div>\n\t\t\t\t<\/div>\n\t\t\t\t<\/div>\n\t\t\t\t\t<\/div>\n\t\t\t\t<\/div>\n\t\t\t\t<\/div>\n\t\t<\/div><\/div><\/div>\t\t\t\t<\/div>\n\t\t\t\t<\/div>\n\t\t\t\t<\/div>\n\t\t\t\t\t<\/div>\n\t\t\t\t<\/div>\n\t\t\t\t<\/div>\n\t\t","protected":false},"excerpt":{"rendered":"<p>Especialidad quir\u00fargica Ortorinolaringolog\u00eda Rinoplastia moderna Juegos de instrumentos e instrumentos especiales para la correcci\u00f3n de la nariz. Cirug\u00eda pl\u00e1stica auricular Modelo de entrenamiento y juego de instrumentos para la reconstrucci\u00f3n auricular. Epiplating Sistema de placas de titanio para la fi jaci\u00f3n \u00f3sea de ep\u00edtesis Instrumentos ORL Laringoscopios de fibra \u00f3ptica con mangos y amplia gama [&hellip;]<\/p>\n","protected":false},"author":3,"featured_media":0,"parent":0,"menu_order":0,"comment_status":"closed","ping_status":"closed","template":"","meta":{"_acf_changed":false,"postBodyCss":"","postBodyMargin":[],"postBodyPadding":[],"postBodyBackground":{"backgroundType":"classic","gradient":""},"footnotes":"","_links_to":"","_links_to_target":""},"business_unit":[],"fachgebiet":[],"class_list":["post-104821","page","type-page","status-publish","hentry"],"acf":[],"_links":{"self":[{"href":"https:\/\/medicon.de\/es\/wp-json\/wp\/v2\/pages\/104821","targetHints":{"allow":["GET"]}}],"collection":[{"href":"https:\/\/medicon.de\/es\/wp-json\/wp\/v2\/pages"}],"about":[{"href":"https:\/\/medicon.de\/es\/wp-json\/wp\/v2\/types\/page"}],"author":[{"embeddable":true,"href":"https:\/\/medicon.de\/es\/wp-json\/wp\/v2\/users\/3"}],"replies":[{"embeddable":true,"href":"https:\/\/medicon.de\/es\/wp-json\/wp\/v2\/comments?post=104821"}],"version-history":[{"count":14,"href":"https:\/\/medicon.de\/es\/wp-json\/wp\/v2\/pages\/104821\/revisions"}],"predecessor-version":[{"id":108144,"href":"https:\/\/medicon.de\/es\/wp-json\/wp\/v2\/pages\/104821\/revisions\/108144"}],"wp:attachment":[{"href":"https:\/\/medicon.de\/es\/wp-json\/wp\/v2\/media?parent=104821"}],"wp:term":[{"taxonomy":"business_unit","embeddable":true,"href":"https:\/\/medicon.de\/es\/wp-json\/wp\/v2\/business_unit?post=104821"},{"taxonomy":"fachgebiet","embeddable":true,"href":"https:\/\/medicon.de\/es\/wp-json\/wp\/v2\/fachgebiet?post=104821"}],"curies":[{"name":"wp","href":"https:\/\/api.w.org\/{rel}","templated":true}]}}