{"id":104851,"date":"2025-11-26T08:29:26","date_gmt":"2025-11-26T07:29:26","guid":{"rendered":"https:\/\/medicon.de\/especialidad-quirurgica-cirugia-neurologica-y-de-la-columna-vertebral\/"},"modified":"2026-01-23T10:57:51","modified_gmt":"2026-01-23T09:57:51","slug":"especialidad-quirurgica-cirugia-neurologica-y-de-la-columna-vertebral","status":"publish","type":"page","link":"https:\/\/medicon.de\/es\/especialidad-quirurgica-cirugia-neurologica-y-de-la-columna-vertebral\/","title":{"rendered":"Especialidad quir\u00fargica Cirug\u00eda neurol\u00f3gica y de la columna vertebral"},"content":{"rendered":"\t\t<div data-elementor-type=\"wp-page\" data-elementor-id=\"104851\" class=\"elementor elementor-104851 elementor-104759\" data-elementor-post-type=\"page\">\n\t\t\t\t<div class=\"elementor-element elementor-element-bc449f7 e-flex e-con-boxed e-con e-parent\" data-id=\"bc449f7\" data-element_type=\"container\" data-e-type=\"container\" data-settings=\"{&quot;background_background&quot;:&quot;classic&quot;}\">\n\t\t\t\t\t<div class=\"e-con-inner\">\n\t\t<div class=\"elementor-element elementor-element-1259589 e-con-full e-flex e-con e-child\" data-id=\"1259589\" data-element_type=\"container\" data-e-type=\"container\" data-settings=\"{&quot;background_background&quot;:&quot;classic&quot;}\">\n\t\t\t\t<div class=\"elementor-element elementor-element-54bc81f elementor-widget elementor-widget-text-editor\" data-id=\"54bc81f\" data-element_type=\"widget\" data-e-type=\"widget\" data-widget_type=\"text-editor.default\">\n\t\t\t\t<div class=\"elementor-widget-container\">\n\t\t\t\t\t\t\t\t\t<p>Especialidad quir\u00fargica<\/p>\t\t\t\t\t\t\t\t<\/div>\n\t\t\t\t<\/div>\n\t\t\t\t<div class=\"elementor-element elementor-element-366caee elementor-widget elementor-widget-heading\" data-id=\"366caee\" data-element_type=\"widget\" data-e-type=\"widget\" data-widget_type=\"heading.default\">\n\t\t\t\t<div class=\"elementor-widget-container\">\n\t\t\t\t\t<h1 class=\"elementor-heading-title elementor-size-default\">Cirug\u00eda neurol\u00f3gica y de la columna vertebral<\/h1>\t\t\t\t<\/div>\n\t\t\t\t<\/div>\n\t\t\t\t<\/div>\n\t\t\t\t\t<\/div>\n\t\t\t\t<\/div>\n\t\t<div class=\"elementor-element elementor-element-7dcd8ee e-grid e-con-boxed e-con e-parent\" data-id=\"7dcd8ee\" data-element_type=\"container\" data-e-type=\"container\">\n\t\t\t\t\t<div class=\"e-con-inner\">\n\t\t<div class=\"elementor-element elementor-element-8e7d790 e-con-full e-flex e-con e-child\" data-id=\"8e7d790\" data-element_type=\"container\" data-e-type=\"container\">\n\t\t<a class=\"elementor-element elementor-element-6ff9973 e-con-full e-flex e-con e-child\" data-id=\"6ff9973\" data-element_type=\"container\" data-e-type=\"container\" data-settings=\"{&quot;background_background&quot;:&quot;classic&quot;}\" href=\"https:\/\/medicon.de\/es\/columna-vertebral-cervical\/\">\n\t\t\t\t<div class=\"elementor-element elementor-element-393d8fb elementor-widget elementor-widget-text-editor\" data-id=\"393d8fb\" data-element_type=\"widget\" data-e-type=\"widget\" data-widget_type=\"text-editor.default\">\n\t\t\t\t<div class=\"elementor-widget-container\">\n\t\t\t\t\t\t\t\t\t<p>Columna vertebral cervical<\/p>\t\t\t\t\t\t\t\t<\/div>\n\t\t\t\t<\/div>\n\t\t\t\t<div class=\"elementor-element elementor-element-d4bd730 elementor-widget elementor-widget-text-editor\" data-id=\"d4bd730\" data-element_type=\"widget\" data-e-type=\"widget\" data-widget_type=\"text-editor.default\">\n\t\t\t\t<div class=\"elementor-widget-container\">\n\t\t\t\t\t\t\t\t\t<p>Implantes, instrumentos especiales y separadores para intervenciones en la columna cervical.<\/p>\t\t\t\t\t\t\t\t<\/div>\n\t\t\t\t<\/div>\n\t\t\t\t<\/a>\n\t\t\t\t<\/div>\n\t\t<div class=\"elementor-element elementor-element-399fa5a e-con-full e-flex e-con e-child\" data-id=\"399fa5a\" data-element_type=\"container\" data-e-type=\"container\">\n\t\t<a class=\"elementor-element elementor-element-55f1777 e-con-full e-flex e-con e-child\" data-id=\"55f1777\" data-element_type=\"container\" data-e-type=\"container\" data-settings=\"{&quot;background_background&quot;:&quot;classic&quot;}\" href=\"https:\/\/medicon.de\/es\/columna-toracica\/\">\n\t\t\t\t<div class=\"elementor-element elementor-element-41014c5 elementor-widget elementor-widget-text-editor\" data-id=\"41014c5\" data-element_type=\"widget\" data-e-type=\"widget\" data-widget_type=\"text-editor.default\">\n\t\t\t\t<div class=\"elementor-widget-container\">\n\t\t\t\t\t\t\t\t\t<p>Columna tor\u00e1cica<\/p>\t\t\t\t\t\t\t\t<\/div>\n\t\t\t\t<\/div>\n\t\t\t\t<div class=\"elementor-element elementor-element-e54677e elementor-widget elementor-widget-text-editor\" data-id=\"e54677e\" data-element_type=\"widget\" data-e-type=\"widget\" data-widget_type=\"text-editor.default\">\n\t\t\t\t<div class=\"elementor-widget-container\">\n\t\t\t\t\t\t\t\t\t<p>Implantes, instrumentos especiales y separadores para la cirug\u00eda de la columna tor\u00e1cica.<\/p>\t\t\t\t\t\t\t\t<\/div>\n\t\t\t\t<\/div>\n\t\t\t\t<\/a>\n\t\t\t\t<\/div>\n\t\t<div class=\"elementor-element elementor-element-618ae18 e-con-full e-flex e-con e-child\" data-id=\"618ae18\" data-element_type=\"container\" data-e-type=\"container\">\n\t\t<a class=\"elementor-element elementor-element-0caf831 e-con-full e-flex e-con e-child\" data-id=\"0caf831\" data-element_type=\"container\" data-e-type=\"container\" data-settings=\"{&quot;background_background&quot;:&quot;classic&quot;}\" href=\"https:\/\/medicon.de\/es\/columna-lumbar\/\">\n\t\t\t\t<div class=\"elementor-element elementor-element-95b679f elementor-widget elementor-widget-text-editor\" data-id=\"95b679f\" data-element_type=\"widget\" data-e-type=\"widget\" data-widget_type=\"text-editor.default\">\n\t\t\t\t<div class=\"elementor-widget-container\">\n\t\t\t\t\t\t\t\t\t<p>Columna lumbar<\/p>\t\t\t\t\t\t\t\t<\/div>\n\t\t\t\t<\/div>\n\t\t\t\t<div class=\"elementor-element elementor-element-5608d19 elementor-widget elementor-widget-text-editor\" data-id=\"5608d19\" data-element_type=\"widget\" data-e-type=\"widget\" data-widget_type=\"text-editor.default\">\n\t\t\t\t<div class=\"elementor-widget-container\">\n\t\t\t\t\t\t\t\t\t<p>Implantes, instrumentos especiales y separadores para intervenciones en la columna lumbar.<\/p>\t\t\t\t\t\t\t\t<\/div>\n\t\t\t\t<\/div>\n\t\t\t\t<\/a>\n\t\t\t\t<\/div>\n\t\t\t\t\t<\/div>\n\t\t\t\t<\/div>\n\t\t<div class=\"elementor-element elementor-element-f358072 e-grid e-con-boxed e-con e-parent\" data-id=\"f358072\" data-element_type=\"container\" data-e-type=\"container\">\n\t\t\t\t\t<div class=\"e-con-inner\">\n\t\t<div class=\"elementor-element elementor-element-f1719c3 e-con-full e-flex e-con e-child\" data-id=\"f1719c3\" data-element_type=\"container\" data-e-type=\"container\">\n\t\t<a class=\"elementor-element elementor-element-f001a1e e-con-full e-flex e-con e-child\" data-id=\"f001a1e\" data-element_type=\"container\" data-e-type=\"container\" data-settings=\"{&quot;background_background&quot;:&quot;classic&quot;}\" href=\"https:\/\/medicon.de\/es\/cranio_neuro\/\">\n\t\t\t\t<div class=\"elementor-element elementor-element-105fcc2 elementor-widget elementor-widget-text-editor\" data-id=\"105fcc2\" data-element_type=\"widget\" data-e-type=\"widget\" data-widget_type=\"text-editor.default\">\n\t\t\t\t<div class=\"elementor-widget-container\">\n\t\t\t\t\t\t\t\t\t<p>Cranio<\/p>\t\t\t\t\t\t\t\t<\/div>\n\t\t\t\t<\/div>\n\t\t\t\t<div class=\"elementor-element elementor-element-27ff558 elementor-widget elementor-widget-text-editor\" data-id=\"27ff558\" data-element_type=\"widget\" data-e-type=\"widget\" data-widget_type=\"text-editor.default\">\n\t\t\t\t<div class=\"elementor-widget-container\">\n\t\t\t\t\t\t\t\t\t<p>Implantes y pinzas saca-bocadas desmontables para intervenciones en el hueso craneal.<\/p>\t\t\t\t\t\t\t\t<\/div>\n\t\t\t\t<\/div>\n\t\t\t\t<\/a>\n\t\t\t\t<\/div>\n\t\t<div class=\"elementor-element elementor-element-52b0260 e-con-full e-flex e-con e-child\" data-id=\"52b0260\" data-element_type=\"container\" data-e-type=\"container\">\n\t\t<div class=\"elementor-element elementor-element-523bb7a e-con-full e-flex e-con e-child\" data-id=\"523bb7a\" data-element_type=\"container\" data-e-type=\"container\" data-settings=\"{&quot;background_background&quot;:&quot;classic&quot;}\">\n\t\t\t\t<\/div>\n\t\t\t\t<\/div>\n\t\t<div class=\"elementor-element elementor-element-786aeb5 e-con-full e-flex e-con e-child\" data-id=\"786aeb5\" data-element_type=\"container\" data-e-type=\"container\">\n\t\t<div class=\"elementor-element elementor-element-98f5411 e-con-full e-flex e-con e-child\" data-id=\"98f5411\" data-element_type=\"container\" data-e-type=\"container\" data-settings=\"{&quot;background_background&quot;:&quot;classic&quot;}\">\n\t\t\t\t<\/div>\n\t\t\t\t<\/div>\n\t\t\t\t\t<\/div>\n\t\t\t\t<\/div>\n\t\t<div class=\"elementor-element elementor-element-9e89396 e-flex e-con-boxed e-con e-parent\" data-id=\"9e89396\" data-element_type=\"container\" data-e-type=\"container\">\n\t\t\t\t\t<div class=\"e-con-inner\">\n\t\t<div class=\"elementor-element elementor-element-fab62c3 e-con-full e-flex e-con e-child\" data-id=\"fab62c3\" data-element_type=\"container\" data-e-type=\"container\">\n\t\t\t\t<div class=\"elementor-element elementor-element-d39bc36 elementor-widget elementor-widget-heading\" data-id=\"d39bc36\" data-element_type=\"widget\" data-e-type=\"widget\" data-widget_type=\"heading.default\">\n\t\t\t\t<div class=\"elementor-widget-container\">\n\t\t\t\t\t<h3 class=\"elementor-heading-title elementor-size-default\">Cat\u00e1logos especiales para cirug\u00eda neurol\u00f3gica y de la columna vertebral<\/h3>\t\t\t\t<\/div>\n\t\t\t\t<\/div>\n\t\t\t\t<div class=\"elementor-element elementor-element-cf0ebf9 elementor-widget elementor-widget-text-editor\" data-id=\"cf0ebf9\" data-element_type=\"widget\" data-e-type=\"widget\" data-widget_type=\"text-editor.default\">\n\t\t\t\t<div class=\"elementor-widget-container\">\n\t\t\t\t\t\t\t\t\t<p>Haga clic en la imagen de la portada para abrir la publicaci\u00f3n y hojearla (los cat\u00e1logos se abren como publicaciones en l\u00ednea en una nueva ventana del navegador).<\/p>\t\t\t\t\t\t\t\t<\/div>\n\t\t\t\t<\/div>\n\t\t\t\t<div class=\"elementor-element elementor-element-ee43698 elementor-widget elementor-widget-text-editor\" data-id=\"ee43698\" data-element_type=\"widget\" data-e-type=\"widget\" data-widget_type=\"text-editor.default\">\n\t\t\t\t<div class=\"elementor-widget-container\">\n\t\t\t\t\t\t\t\t\t<p>Cat\u00e1logo no vinculado.<\/p>\t\t\t\t\t\t\t\t<\/div>\n\t\t\t\t<\/div>\n\t\t\t\t<\/div>\n\t\t\t\t\t<\/div>\n\t\t\t\t<\/div>\n\t\t\t\t<\/div>\n\t\t","protected":false},"excerpt":{"rendered":"<p>Especialidad quir\u00fargica Cirug\u00eda neurol\u00f3gica y de la columna vertebral Columna vertebral cervical Implantes, instrumentos especiales y separadores para intervenciones en la columna cervical. Columna tor\u00e1cica Implantes, instrumentos especiales y separadores para la cirug\u00eda de la columna tor\u00e1cica. Columna lumbar Implantes, instrumentos especiales y separadores para intervenciones en la columna lumbar. Cranio Implantes y pinzas saca-bocadas [&hellip;]<\/p>\n","protected":false},"author":3,"featured_media":0,"parent":0,"menu_order":0,"comment_status":"closed","ping_status":"closed","template":"","meta":{"_acf_changed":false,"postBodyCss":"","postBodyMargin":[],"postBodyPadding":[],"postBodyBackground":{"backgroundType":"classic","gradient":""},"footnotes":"","_links_to":"","_links_to_target":""},"business_unit":[],"fachgebiet":[],"class_list":["post-104851","page","type-page","status-publish","hentry"],"acf":[],"_links":{"self":[{"href":"https:\/\/medicon.de\/es\/wp-json\/wp\/v2\/pages\/104851","targetHints":{"allow":["GET"]}}],"collection":[{"href":"https:\/\/medicon.de\/es\/wp-json\/wp\/v2\/pages"}],"about":[{"href":"https:\/\/medicon.de\/es\/wp-json\/wp\/v2\/types\/page"}],"author":[{"embeddable":true,"href":"https:\/\/medicon.de\/es\/wp-json\/wp\/v2\/users\/3"}],"replies":[{"embeddable":true,"href":"https:\/\/medicon.de\/es\/wp-json\/wp\/v2\/comments?post=104851"}],"version-history":[{"count":8,"href":"https:\/\/medicon.de\/es\/wp-json\/wp\/v2\/pages\/104851\/revisions"}],"predecessor-version":[{"id":108263,"href":"https:\/\/medicon.de\/es\/wp-json\/wp\/v2\/pages\/104851\/revisions\/108263"}],"wp:attachment":[{"href":"https:\/\/medicon.de\/es\/wp-json\/wp\/v2\/media?parent=104851"}],"wp:term":[{"taxonomy":"business_unit","embeddable":true,"href":"https:\/\/medicon.de\/es\/wp-json\/wp\/v2\/business_unit?post=104851"},{"taxonomy":"fachgebiet","embeddable":true,"href":"https:\/\/medicon.de\/es\/wp-json\/wp\/v2\/fachgebiet?post=104851"}],"curies":[{"name":"wp","href":"https:\/\/api.w.org\/{rel}","templated":true}]}}