{"id":29469,"date":"2021-12-01T11:29:09","date_gmt":"2021-12-01T10:29:09","guid":{"rendered":"https:\/\/medicon.de\/aviso-legal-y-descargo-de-responsabilidad\/"},"modified":"2026-04-01T08:36:19","modified_gmt":"2026-04-01T06:36:19","slug":"aviso-legal-y-descargo-de-responsabilidad","status":"publish","type":"page","link":"https:\/\/medicon.de\/es\/aviso-legal-y-descargo-de-responsabilidad\/","title":{"rendered":"Aviso legal y descargo de responsabilidad"},"content":{"rendered":"\t\t<div data-elementor-type=\"wp-page\" data-elementor-id=\"29469\" class=\"elementor elementor-29469 elementor-3840\" data-elementor-post-type=\"page\">\n\t\t\t\t\t\t<section class=\"elementor-section elementor-top-section elementor-element elementor-element-9d9c7b8 elementor-section-full_width elementor-section-height-default elementor-section-height-default\" data-id=\"9d9c7b8\" data-element_type=\"section\" data-e-type=\"section\" data-settings=\"{&quot;background_background&quot;:&quot;classic&quot;}\">\n\t\t\t\t\t\t\t<div class=\"elementor-background-overlay\"><\/div>\n\t\t\t\t\t\t\t<div class=\"elementor-container elementor-column-gap-default\">\n\t\t\t\t\t<div class=\"elementor-column elementor-col-100 elementor-top-column elementor-element elementor-element-914db74\" data-id=\"914db74\" data-element_type=\"column\" data-e-type=\"column\">\n\t\t\t<div class=\"elementor-widget-wrap elementor-element-populated\">\n\t\t\t\t\t\t<section class=\"elementor-section elementor-inner-section elementor-element elementor-element-d6269bb elementor-section-boxed elementor-section-height-default elementor-section-height-default\" data-id=\"d6269bb\" data-element_type=\"section\" data-e-type=\"section\">\n\t\t\t\t\t\t<div class=\"elementor-container elementor-column-gap-default\">\n\t\t\t\t\t<div class=\"elementor-column elementor-col-50 elementor-inner-column elementor-element elementor-element-114768a\" data-id=\"114768a\" data-element_type=\"column\" data-e-type=\"column\">\n\t\t\t<div class=\"elementor-widget-wrap elementor-element-populated\">\n\t\t\t\t\t\t\t<\/div>\n\t\t<\/div>\n\t\t\t\t<div class=\"elementor-column elementor-col-50 elementor-inner-column elementor-element elementor-element-8268085\" data-id=\"8268085\" data-element_type=\"column\" data-e-type=\"column\">\n\t\t\t<div class=\"elementor-widget-wrap\">\n\t\t\t\t\t\t\t<\/div>\n\t\t<\/div>\n\t\t\t\t\t<\/div>\n\t\t<\/section>\n\t\t\t\t\t<\/div>\n\t\t<\/div>\n\t\t\t\t\t<\/div>\n\t\t<\/section>\n\t\t\t\t<section class=\"elementor-section elementor-top-section elementor-element elementor-element-9f599e5 elementor-section-boxed elementor-section-height-default elementor-section-height-default\" data-id=\"9f599e5\" data-element_type=\"section\" data-e-type=\"section\">\n\t\t\t\t\t\t<div class=\"elementor-container elementor-column-gap-default\">\n\t\t\t\t\t<div class=\"elementor-column elementor-col-100 elementor-top-column elementor-element elementor-element-a903271\" data-id=\"a903271\" data-element_type=\"column\" data-e-type=\"column\">\n\t\t\t<div class=\"elementor-widget-wrap elementor-element-populated\">\n\t\t\t\t\t\t<div class=\"elementor-element elementor-element-1ab281b elementor-widget elementor-widget-text-editor\" data-id=\"1ab281b\" data-element_type=\"widget\" data-e-type=\"widget\" data-widget_type=\"text-editor.default\">\n\t\t\t\t<div class=\"elementor-widget-container\">\n\t\t\t\t\t\t\t\t\t<p>El siguiente pie de imprenta se aplica a este sitio web y a nuestras presencias en las redes sociales:<\/p><ul><li>en LinkedIn en: <a href=\"https:\/\/de.linkedin.com\/company\/mediconeg\">https:\/\/de.linkedin.com\/company\/mediconeg<\/a><\/li><li>en Facebook en: <a href=\"https:\/\/www.facebook.com\/mediconeg\">https:\/\/www.facebook.com\/mediconeg<\/a><\/li><li>en YouTube en: <a href=\"https:\/\/www.youtube.com\/user\/mediconeg\">https:\/\/www.youtube.com\/user\/mediconeg<\/a><\/li><li>en Instagram en: <a href=\"https:\/\/www.instagram.com\/medicon_eg_tuttlingen\/\">https:\/\/www.instagram.com\/medicon_eg_tuttlingen\/<\/a><\/li><\/ul>\t\t\t\t\t\t\t\t<\/div>\n\t\t\t\t<\/div>\n\t\t\t\t<div class=\"elementor-element elementor-element-e85e63d elementor-widget elementor-widget-text-editor\" data-id=\"e85e63d\" data-element_type=\"widget\" data-e-type=\"widget\" data-widget_type=\"text-editor.default\">\n\t\t\t\t<div class=\"elementor-widget-container\">\n\t\t\t\t\t\t\t\t\t<p>MEDICON eG, Chirurgiemechaniker-Genossenschaft <br>G\u00e4ns\u00e4cker 15, D-78532 Tuttlingen<br>D-78509 Tuttlingen<\/p><p>Homepage: www.medicon.de<\/p><p>Tel\u00e9fono: +49 (0) 74 62 \/ 20 09 &#8211; 0 <\/p><p>Fax: +49 (0) 74 62 \/ 20 09 &#8211; 50<\/p><p>E-Mail: info@medicon.de<\/p>\t\t\t\t\t\t\t\t<\/div>\n\t\t\t\t<\/div>\n\t\t\t\t<div class=\"elementor-element elementor-element-aca582f elementor-widget elementor-widget-text-editor\" data-id=\"aca582f\" data-element_type=\"widget\" data-e-type=\"widget\" data-widget_type=\"text-editor.default\">\n\t\t\t\t<div class=\"elementor-widget-container\">\n\t\t\t\t\t\t\t\t\t<p><b>Presidente del Consejo de Supervisi\u00f3n:<\/b><br>Stefan Kreidler<\/p><p class=\"bodytext\"><b>Junta Directiva:<\/b><br>Klaus Gerach, Mario Waizenegger, Tobias Walz<\/p><p class=\"bodytext\"><b>Registrado en:<\/b><br>Amtsgericht Stuttgart<br>Gen.-Register Nr. 450082<\/p><p class=\"bodytext\"><b>N.\u00ba de identificaci\u00f3n fiscal:<\/b><br>DE142927505<\/p><p class=\"bodytext\"><b><i><b>Comisi\u00f3n examinadora:<\/b><\/i><\/b><br>Baden-W\u00fcrttembergischer Genossenschaftsverband e.V. mit Sitz in: Karlsruhe<\/p><p class=\"bodytext\"><i><b><\/b><\/i><i><b><b>El seguro de responsabilidad civil empresarial se ha contratado con: <\/b><\/b><\/i><br>Gothaer Allgemeine Versicherung AG, Gothaer-Allee 1, D-50969 K\u00f6ln<\/p><p class=\"bodytext\"><b>\u00c1mbito de aplicaci\u00f3n de la cobertura del seguro: <\/b><br>Weltweit<\/p><p class=\"align-left\"><b>Aviso sobre derechos de autor:<\/b><br>Lizenzgeber der Marke TOX\u00aeClinch ist \u00bb <a class=\"external-link-new-window\" title=\"Abre el enlace externo en una nueva ventana\" href=\"https:\/\/www.tox-de.com\/\" target=\"_blank\" rel=\"noopener\">TOX\u00ae PRESSOTECHNIK GmbH &amp; Co. KG <\/a> <\/p>\t\t\t\t\t\t\t\t<\/div>\n\t\t\t\t<\/div>\n\t\t\t\t<section class=\"elementor-section elementor-inner-section elementor-element elementor-element-c558145 elementor-section-boxed elementor-section-height-default elementor-section-height-default\" data-id=\"c558145\" data-element_type=\"section\" data-e-type=\"section\">\n\t\t\t\t\t\t<div class=\"elementor-container elementor-column-gap-default\">\n\t\t\t\t\t<div class=\"elementor-column elementor-col-50 elementor-inner-column elementor-element elementor-element-cc792ae\" data-id=\"cc792ae\" data-element_type=\"column\" data-e-type=\"column\">\n\t\t\t<div class=\"elementor-widget-wrap elementor-element-populated\">\n\t\t\t\t\t\t<div class=\"elementor-element elementor-element-79eb69f elementor-widget elementor-widget-heading\" data-id=\"79eb69f\" data-element_type=\"widget\" data-e-type=\"widget\" data-widget_type=\"heading.default\">\n\t\t\t\t<div class=\"elementor-widget-container\">\n\t\t\t\t\t<h2 class=\"elementor-heading-title elementor-size-default\">Descargo de responsabilidad:<\/h2>\t\t\t\t<\/div>\n\t\t\t\t<\/div>\n\t\t\t\t<div class=\"elementor-element elementor-element-4d62c2f elementor-widget elementor-widget-text-editor\" data-id=\"4d62c2f\" data-element_type=\"widget\" data-e-type=\"widget\" data-widget_type=\"text-editor.default\">\n\t\t\t\t<div class=\"elementor-widget-container\">\n\t\t\t\t\t\t\t\t\t<p>En nuestras p\u00e1ginas web presentamos productos y proporcionamos informaci\u00f3n. Damos importancia a la indicaci\u00f3n de que no queremos comprometernos contractualmente con la informaci\u00f3n ofrecida. <br><br>Los autores han puesto mucho cuidado en la reproducci\u00f3n de toda la informaci\u00f3n contenida en estas p\u00e1ginas de Internet (procedimientos, cantidades, dosis, aplicaciones, etc.). No obstante, no se pueden excluir por completo los errores. Por lo tanto, no asumimos ninguna responsabilidad por la actualidad, exactitud e integridad de la informaci\u00f3n proporcionada.  <\/p><p> <\/p><p>Los gr\u00e1ficos, textos e im\u00e1genes mostrados est\u00e1n protegidos por derechos de autor. No se permite la reproducci\u00f3n o el uso en otras publicaciones electr\u00f3nicas o impresas sin el consentimiento expreso de los autores. <br><br>En la medida en que se utilicen nombres de utilidad, nombres comerciales y designaciones de productos, suelen ser marcas registradas y protegidas legalmente, aunque no est\u00e9n marcadas como tales en todos los casos.<\/p><p> <\/p><p>Las p\u00e1ginas de Internet de Medicon tambi\u00e9n contienen contribuciones a la formaci\u00f3n de opini\u00f3n e informaci\u00f3n procedentes de terceros. Se ha instado a los autores a que indiquen siempre las fuentes de dicha informaci\u00f3n. Las opiniones publicadas aqu\u00ed no reflejan necesariamente las de Medicon.  <\/p>\t\t\t\t\t\t\t\t<\/div>\n\t\t\t\t<\/div>\n\t\t\t\t\t<\/div>\n\t\t<\/div>\n\t\t\t\t<div class=\"elementor-column elementor-col-50 elementor-inner-column elementor-element elementor-element-496eac8\" data-id=\"496eac8\" data-element_type=\"column\" data-e-type=\"column\">\n\t\t\t<div class=\"elementor-widget-wrap\">\n\t\t\t\t\t\t\t<\/div>\n\t\t<\/div>\n\t\t\t\t\t<\/div>\n\t\t<\/section>\n\t\t\t\t\t<\/div>\n\t\t<\/div>\n\t\t\t\t\t<\/div>\n\t\t<\/section>\n\t\t\t\t<\/div>\n\t\t","protected":false},"excerpt":{"rendered":"<p>El siguiente pie de imprenta se aplica a este sitio web y a nuestras presencias en las redes sociales: en LinkedIn en: https:\/\/de.linkedin.com\/company\/mediconeg en Facebook en: https:\/\/www.facebook.com\/mediconeg en YouTube en: https:\/\/www.youtube.com\/user\/mediconeg en Instagram en: https:\/\/www.instagram.com\/medicon_eg_tuttlingen\/ MEDICON eG, Chirurgiemechaniker-Genossenschaft G\u00e4ns\u00e4cker 15, D-78532 TuttlingenD-78509 Tuttlingen Homepage: www.medicon.de Tel\u00e9fono: +49 (0) 74 62 \/ 20 09 &#8211; 0 [&hellip;]<\/p>\n","protected":false},"author":3,"featured_media":0,"parent":0,"menu_order":0,"comment_status":"closed","ping_status":"closed","template":"elementor_header_footer","meta":{"_acf_changed":false,"postBodyCss":"","postBodyMargin":[],"postBodyPadding":[],"postBodyBackground":{"backgroundType":"classic","gradient":""},"footnotes":"","_links_to":"","_links_to_target":""},"business_unit":[],"fachgebiet":[],"class_list":["post-29469","page","type-page","status-publish","hentry"],"acf":[],"_links":{"self":[{"href":"https:\/\/medicon.de\/es\/wp-json\/wp\/v2\/pages\/29469","targetHints":{"allow":["GET"]}}],"collection":[{"href":"https:\/\/medicon.de\/es\/wp-json\/wp\/v2\/pages"}],"about":[{"href":"https:\/\/medicon.de\/es\/wp-json\/wp\/v2\/types\/page"}],"author":[{"embeddable":true,"href":"https:\/\/medicon.de\/es\/wp-json\/wp\/v2\/users\/3"}],"replies":[{"embeddable":true,"href":"https:\/\/medicon.de\/es\/wp-json\/wp\/v2\/comments?post=29469"}],"version-history":[{"count":6,"href":"https:\/\/medicon.de\/es\/wp-json\/wp\/v2\/pages\/29469\/revisions"}],"predecessor-version":[{"id":112695,"href":"https:\/\/medicon.de\/es\/wp-json\/wp\/v2\/pages\/29469\/revisions\/112695"}],"wp:attachment":[{"href":"https:\/\/medicon.de\/es\/wp-json\/wp\/v2\/media?parent=29469"}],"wp:term":[{"taxonomy":"business_unit","embeddable":true,"href":"https:\/\/medicon.de\/es\/wp-json\/wp\/v2\/business_unit?post=29469"},{"taxonomy":"fachgebiet","embeddable":true,"href":"https:\/\/medicon.de\/es\/wp-json\/wp\/v2\/fachgebiet?post=29469"}],"curies":[{"name":"wp","href":"https:\/\/api.w.org\/{rel}","templated":true}]}}