{"id":29497,"date":"2022-01-12T14:56:01","date_gmt":"2022-01-12T13:56:01","guid":{"rendered":"https:\/\/medicon.de\/disponibilidad-de-productos\/"},"modified":"2024-10-31T11:14:37","modified_gmt":"2024-10-31T10:14:37","slug":"disponibilidad-de-productos","status":"publish","type":"page","link":"https:\/\/medicon.de\/es\/disponibilidad-de-productos\/","title":{"rendered":"Disponibilidad de productos"},"content":{"rendered":"\t\t<div data-elementor-type=\"wp-page\" data-elementor-id=\"29497\" class=\"elementor elementor-29497 elementor-6674\" data-elementor-post-type=\"page\">\n\t\t\t\t\t\t<section class=\"elementor-section elementor-top-section elementor-element elementor-element-b771901 elementor-section-boxed elementor-section-height-default elementor-section-height-default\" data-id=\"b771901\" data-element_type=\"section\" data-e-type=\"section\">\n\t\t\t\t\t\t<div class=\"elementor-container elementor-column-gap-narrow\">\n\t\t\t\t\t<div class=\"elementor-column elementor-col-100 elementor-top-column elementor-element elementor-element-3c326bb\" data-id=\"3c326bb\" data-element_type=\"column\" data-e-type=\"column\">\n\t\t\t<div class=\"elementor-widget-wrap elementor-element-populated\">\n\t\t\t\t\t\t\t<\/div>\n\t\t<\/div>\n\t\t\t\t\t<\/div>\n\t\t<\/section>\n\t\t\t\t<section class=\"elementor-section elementor-top-section elementor-element elementor-element-efdb21b elementor-section-boxed elementor-section-height-default elementor-section-height-default\" data-id=\"efdb21b\" data-element_type=\"section\" data-e-type=\"section\">\n\t\t\t\t\t\t<div class=\"elementor-container elementor-column-gap-narrow\">\n\t\t\t\t\t<div class=\"elementor-column elementor-col-100 elementor-top-column elementor-element elementor-element-d2346b0\" data-id=\"d2346b0\" data-element_type=\"column\" data-e-type=\"column\">\n\t\t\t<div class=\"elementor-widget-wrap elementor-element-populated\">\n\t\t\t\t\t\t<div class=\"elementor-element elementor-element-b62f5f3 elementor-widget elementor-widget-text-editor\" data-id=\"b62f5f3\" data-element_type=\"widget\" data-e-type=\"widget\" data-widget_type=\"text-editor.default\">\n\t\t\t\t<div class=\"elementor-widget-container\">\n\t\t\t\t\t\t\t\t\t<p>No todos los productos presentados en este sitio web est\u00e1n disponibles para la venta en todos los pa\u00edses. Medicon no es el fabricante legal de todos los productos ilustrados en esta documentaci\u00f3n.<\/p>\n\t\t\t\t\t\t\t\t<\/div>\n\t\t\t\t<\/div>\n\t\t\t\t<div class=\"elementor-element elementor-element-36d948f elementor-widget elementor-widget-text-editor\" data-id=\"36d948f\" data-element_type=\"widget\" data-e-type=\"widget\" data-widget_type=\"text-editor.default\">\n\t\t\t\t<div class=\"elementor-widget-container\">\n\t\t\t\t\t\t\t\t\t<p>P\u00f3ngase en contacto con su distribuidor local.<\/p>\n\t\t\t\t\t\t\t\t<\/div>\n\t\t\t\t<\/div>\n\t\t\t\t<div class=\"elementor-element elementor-element-f9559b2 elementor-widget elementor-widget-text-editor\" data-id=\"f9559b2\" data-element_type=\"widget\" data-e-type=\"widget\" data-widget_type=\"text-editor.default\">\n\t\t\t\t<div class=\"elementor-widget-container\">\n\t\t\t\t\t\t\t\t\t<p><strong>Para los EE.UU:<\/strong><\/p>\n<p>CMF MEDICON Surgical Inc. Jacksonville, Florida <\/p>\n<p>Contacto: <span style=\"text-decoration: underline;\"><a href=\"mailto:sales@cmfmedicon.com\">sales@cmfmedicon.com<\/a><\/span><\/p>\n\t\t\t\t\t\t\t\t<\/div>\n\t\t\t\t<\/div>\n\t\t\t\t<div class=\"elementor-element elementor-element-a118f76 elementor-widget elementor-widget-text-editor\" data-id=\"a118f76\" data-element_type=\"widget\" data-e-type=\"widget\" data-widget_type=\"text-editor.default\">\n\t\t\t\t<div class=\"elementor-widget-container\">\n\t\t\t\t\t\t\t\t\t<p><strong>Para la India y el subcontinente indio:<\/strong><\/p>\n<p>MST MEDICON SURGICAL TECHNOLOGIES PVT. LTD. Mumbai, Indien<\/p>\n<p>Contacto: <span style=\"text-decoration: underline;\"><a href=\"mailto:info@medicon.co.in\">info@medicon.co.in<\/a><\/span><\/p>\n\t\t\t\t\t\t\t\t<\/div>\n\t\t\t\t<\/div>\n\t\t\t\t<div class=\"elementor-element elementor-element-2359dce elementor-widget elementor-widget-text-editor\" data-id=\"2359dce\" data-element_type=\"widget\" data-e-type=\"widget\" data-widget_type=\"text-editor.default\">\n\t\t\t\t<div class=\"elementor-widget-container\">\n\t\t\t\t\t\t\t\t\t<p><strong>Para los dem\u00e1s:<\/strong><\/p>\n<p>MEDICON eG, Tuttlingen, Deutschland<\/p>\n<p>Contacto: <span style=\"text-decoration: underline;\"><a href=\"mailto:sales@medicon.de\">sales@medicon.de<\/a><\/span><\/p>\n\t\t\t\t\t\t\t\t<\/div>\n\t\t\t\t<\/div>\n\t\t\t\t\t<\/div>\n\t\t<\/div>\n\t\t\t\t\t<\/div>\n\t\t<\/section>\n\t\t\t\t<\/div>\n\t\t","protected":false},"excerpt":{"rendered":"<p>No todos los productos presentados en este sitio web est\u00e1n disponibles para la venta en todos los pa\u00edses. Medicon no es el fabricante legal de todos los productos ilustrados en esta documentaci\u00f3n. P\u00f3ngase en contacto con su distribuidor local. Para los EE.UU: CMF MEDICON Surgical Inc. Jacksonville, Florida Contacto: sales@cmfmedicon.com Para la India y el [&hellip;]<\/p>\n","protected":false},"author":2,"featured_media":0,"parent":0,"menu_order":0,"comment_status":"closed","ping_status":"closed","template":"","meta":{"_acf_changed":false,"postBodyCss":"","postBodyMargin":[],"postBodyPadding":[],"postBodyBackground":{"backgroundType":"classic","gradient":""},"footnotes":"","_links_to":"","_links_to_target":""},"business_unit":[],"fachgebiet":[],"class_list":["post-29497","page","type-page","status-publish","hentry"],"acf":[],"_links":{"self":[{"href":"https:\/\/medicon.de\/es\/wp-json\/wp\/v2\/pages\/29497","targetHints":{"allow":["GET"]}}],"collection":[{"href":"https:\/\/medicon.de\/es\/wp-json\/wp\/v2\/pages"}],"about":[{"href":"https:\/\/medicon.de\/es\/wp-json\/wp\/v2\/types\/page"}],"author":[{"embeddable":true,"href":"https:\/\/medicon.de\/es\/wp-json\/wp\/v2\/users\/2"}],"replies":[{"embeddable":true,"href":"https:\/\/medicon.de\/es\/wp-json\/wp\/v2\/comments?post=29497"}],"version-history":[{"count":4,"href":"https:\/\/medicon.de\/es\/wp-json\/wp\/v2\/pages\/29497\/revisions"}],"predecessor-version":[{"id":80036,"href":"https:\/\/medicon.de\/es\/wp-json\/wp\/v2\/pages\/29497\/revisions\/80036"}],"wp:attachment":[{"href":"https:\/\/medicon.de\/es\/wp-json\/wp\/v2\/media?parent=29497"}],"wp:term":[{"taxonomy":"business_unit","embeddable":true,"href":"https:\/\/medicon.de\/es\/wp-json\/wp\/v2\/business_unit?post=29497"},{"taxonomy":"fachgebiet","embeddable":true,"href":"https:\/\/medicon.de\/es\/wp-json\/wp\/v2\/fachgebiet?post=29497"}],"curies":[{"name":"wp","href":"https:\/\/api.w.org\/{rel}","templated":true}]}}