{"id":29505,"date":"2022-01-12T14:40:49","date_gmt":"2022-01-12T13:40:49","guid":{"rendered":"https:\/\/medicon.de\/devoluciones-y-reclamaciones\/"},"modified":"2022-07-27T10:29:01","modified_gmt":"2022-07-27T08:29:01","slug":"devoluciones-y-reclamaciones","status":"publish","type":"page","link":"https:\/\/medicon.de\/es\/devoluciones-y-reclamaciones\/","title":{"rendered":"Devoluciones y reclamaciones"},"content":{"rendered":"\t\t<div data-elementor-type=\"wp-page\" data-elementor-id=\"29505\" class=\"elementor elementor-29505 elementor-6648\" data-elementor-post-type=\"page\">\n\t\t\t\t\t\t<section class=\"elementor-section elementor-top-section elementor-element elementor-element-ed78afe elementor-section-height-full elementor-section-items-top elementor-section-boxed elementor-section-height-default\" data-id=\"ed78afe\" data-element_type=\"section\" data-e-type=\"section\">\n\t\t\t\t\t\t<div class=\"elementor-container elementor-column-gap-extended\">\n\t\t\t\t\t<div class=\"elementor-column elementor-col-100 elementor-top-column elementor-element elementor-element-cc197b5\" data-id=\"cc197b5\" data-element_type=\"column\" data-e-type=\"column\">\n\t\t\t<div class=\"elementor-widget-wrap elementor-element-populated\">\n\t\t\t\t\t\t<div class=\"elementor-element elementor-element-fd166a2 elementor-widget elementor-widget-text-editor\" data-id=\"fd166a2\" data-element_type=\"widget\" data-e-type=\"widget\" data-widget_type=\"text-editor.default\">\n\t\t\t\t<div class=\"elementor-widget-container\">\n\t\t\t\t\t\t\t\t\t<p>El personal del Departamento de Servicio de Medicon le ayudar\u00e1 en este caso y resolver\u00e1 los problemas con los productos lo m\u00e1s r\u00e1pidamente posible.<\/p>\t\t\t\t\t\t\t\t<\/div>\n\t\t\t\t<\/div>\n\t\t\t\t<div class=\"elementor-element elementor-element-fcc847d elementor-widget elementor-widget-text-editor\" data-id=\"fcc847d\" data-element_type=\"widget\" data-e-type=\"widget\" data-widget_type=\"text-editor.default\">\n\t\t\t\t<div class=\"elementor-widget-container\">\n\t\t\t\t\t\t\t\t\t<p>Descargue el formulario que se aplica a su operaci\u00f3n y adj\u00fantelo a su env\u00edo, cumplimentado en su totalidad. Aseg\u00farese de incluir la informaci\u00f3n sobre la descontaminaci\u00f3n de los instrumentos utilizados anteriormente. Esto ayuda a proteger a su personal y al nuestro y a procesar el env\u00edo lo m\u00e1s r\u00e1pidamente posible.  <\/p>\t\t\t\t\t\t\t\t<\/div>\n\t\t\t\t<\/div>\n\t\t\t\t<div class=\"elementor-element elementor-element-b57a1da elementor-widget elementor-widget-text-editor\" data-id=\"b57a1da\" data-element_type=\"widget\" data-e-type=\"widget\" data-widget_type=\"text-editor.default\">\n\t\t\t\t<div class=\"elementor-widget-container\">\n\t\t\t\t\t\t\t\t\tPuede descargar los formularios vigentes en nuestro <span style=\"text-decoration: underline;\"><a href=\"https:\/\/extranet-neu.medicon.de\/frontend\/frontend\/page\/page,278\" target=\"_blank\" rel=\"noopener\">Download-Center<\/a><\/span>.\t\t\t\t\t\t\t\t<\/div>\n\t\t\t\t<\/div>\n\t\t\t\t\t<\/div>\n\t\t<\/div>\n\t\t\t\t\t<\/div>\n\t\t<\/section>\n\t\t\t\t<\/div>\n\t\t","protected":false},"excerpt":{"rendered":"<p>El personal del Departamento de Servicio de Medicon le ayudar\u00e1 en este caso y resolver\u00e1 los problemas con los productos lo m\u00e1s r\u00e1pidamente posible. Descargue el formulario que se aplica a su operaci\u00f3n y adj\u00fantelo a su env\u00edo, cumplimentado en su totalidad. Aseg\u00farese de incluir la informaci\u00f3n sobre la descontaminaci\u00f3n de los instrumentos utilizados anteriormente. [&hellip;]<\/p>\n","protected":false},"author":2,"featured_media":0,"parent":0,"menu_order":0,"comment_status":"closed","ping_status":"closed","template":"","meta":{"_acf_changed":false,"postBodyCss":"","postBodyMargin":[],"postBodyPadding":[],"postBodyBackground":{"backgroundType":"classic","gradient":""},"footnotes":"","_links_to":"","_links_to_target":""},"business_unit":[],"fachgebiet":[],"class_list":["post-29505","page","type-page","status-publish","hentry"],"acf":[],"_links":{"self":[{"href":"https:\/\/medicon.de\/es\/wp-json\/wp\/v2\/pages\/29505","targetHints":{"allow":["GET"]}}],"collection":[{"href":"https:\/\/medicon.de\/es\/wp-json\/wp\/v2\/pages"}],"about":[{"href":"https:\/\/medicon.de\/es\/wp-json\/wp\/v2\/types\/page"}],"author":[{"embeddable":true,"href":"https:\/\/medicon.de\/es\/wp-json\/wp\/v2\/users\/2"}],"replies":[{"embeddable":true,"href":"https:\/\/medicon.de\/es\/wp-json\/wp\/v2\/comments?post=29505"}],"version-history":[{"count":5,"href":"https:\/\/medicon.de\/es\/wp-json\/wp\/v2\/pages\/29505\/revisions"}],"predecessor-version":[{"id":29657,"href":"https:\/\/medicon.de\/es\/wp-json\/wp\/v2\/pages\/29505\/revisions\/29657"}],"wp:attachment":[{"href":"https:\/\/medicon.de\/es\/wp-json\/wp\/v2\/media?parent=29505"}],"wp:term":[{"taxonomy":"business_unit","embeddable":true,"href":"https:\/\/medicon.de\/es\/wp-json\/wp\/v2\/business_unit?post=29505"},{"taxonomy":"fachgebiet","embeddable":true,"href":"https:\/\/medicon.de\/es\/wp-json\/wp\/v2\/fachgebiet?post=29505"}],"curies":[{"name":"wp","href":"https:\/\/api.w.org\/{rel}","templated":true}]}}