{"id":29531,"date":"2022-04-28T09:26:45","date_gmt":"2022-04-28T07:26:45","guid":{"rendered":"https:\/\/medicon.de\/boletin-informativo-registro\/"},"modified":"2022-10-17T09:21:06","modified_gmt":"2022-10-17T07:21:06","slug":"boletin-informativo-registro","status":"publish","type":"page","link":"https:\/\/medicon.de\/es\/boletin-informativo-registro\/","title":{"rendered":"Bolet\u00edn informativo-Registro"},"content":{"rendered":"\t\t<div data-elementor-type=\"wp-page\" data-elementor-id=\"29531\" class=\"elementor elementor-29531 elementor-22904\" data-elementor-post-type=\"page\">\n\t\t\t\t\t\t<section class=\"elementor-section elementor-top-section elementor-element elementor-element-53676b9 elementor-section-content-middle elementor-section-boxed elementor-section-height-default elementor-section-height-default\" data-id=\"53676b9\" data-element_type=\"section\" data-e-type=\"section\">\n\t\t\t\t\t\t<div class=\"elementor-container elementor-column-gap-default\">\n\t\t\t\t\t<div class=\"elementor-column elementor-col-100 elementor-top-column elementor-element elementor-element-67746546\" data-id=\"67746546\" data-element_type=\"column\" data-e-type=\"column\">\n\t\t\t<div class=\"elementor-widget-wrap elementor-element-populated\">\n\t\t\t\t\t\t<div class=\"elementor-element elementor-element-dcb0c93 elementor-widget elementor-widget-heading\" data-id=\"dcb0c93\" data-element_type=\"widget\" data-e-type=\"widget\" data-widget_type=\"heading.default\">\n\t\t\t\t<div class=\"elementor-widget-container\">\n\t\t\t\t\t<h2 class=\"elementor-heading-title elementor-size-default\">Bolet\u00edn informativo-Registro<\/h2>\t\t\t\t<\/div>\n\t\t\t\t<\/div>\n\t\t\t\t<div class=\"elementor-element elementor-element-c9ccd06 elementor-widget elementor-widget-text-editor\" data-id=\"c9ccd06\" data-element_type=\"widget\" data-e-type=\"widget\" data-widget_type=\"text-editor.default\">\n\t\t\t\t<div class=\"elementor-widget-container\">\n\t\t\t\t\t\t\t\t\t<p>Suscr\u00edbase ahora y reciba informaci\u00f3n peri\u00f3dica de acuerdo con sus intereses personales. Puede suscribirse a nuestro bolet\u00edn de noticias sobre los siguientes temas. Por favor, seleccione uno o m\u00e1s temas sobre los que le gustar\u00eda ser informado:  <\/p>\n\t\t\t\t\t\t\t\t<\/div>\n\t\t\t\t<\/div>\n\t\t\t\t<div class=\"elementor-element elementor-element-21388cb9 elementor-button-align-center elementor-widget elementor-widget-form\" data-id=\"21388cb9\" data-element_type=\"widget\" data-e-type=\"widget\" data-settings=\"{&quot;step_next_label&quot;:&quot;Pr\\u00f3ximo&quot;,&quot;step_previous_label&quot;:&quot;Anteriormente&quot;,&quot;button_width&quot;:&quot;100&quot;,&quot;step_type&quot;:&quot;number_text&quot;,&quot;step_icon_shape&quot;:&quot;circle&quot;}\" data-widget_type=\"form.default\">\n\t\t\t\t<div class=\"elementor-widget-container\">\n\t\t\t\t\t\t\t<form class=\"elementor-form\" method=\"post\" id=\"NewsletterAnmeldung\" name=\"Bolet\u00edn informativo-Registro\" aria-label=\"Bolet\u00edn informativo-Registro\">\n\t\t\t<input type=\"hidden\" name=\"post_id\" value=\"29531\"\/>\n\t\t\t<input type=\"hidden\" name=\"form_id\" value=\"21388cb9\"\/>\n\t\t\t<input type=\"hidden\" name=\"referer_title\" value=\"Medicon\" \/>\n\n\t\t\t\n\t\t\t<div class=\"elementor-form-fields-wrapper elementor-labels-above\">\n\t\t\t\t\t\t\t\t<div class=\"elementor-field-type-checkbox elementor-field-group elementor-column elementor-field-group-Themenfeld elementor-col-100\">\n\t\t\t\t\t<div class=\"elementor-field-subgroup  \"><span class=\"elementor-field-option\"><input type=\"checkbox\" value=\"MKG\" id=\"form-field-Themenfeld-0\" name=\"form_fields[Themenfeld][]\"> <label for=\"form-field-Themenfeld-0\">Cirug\u00eda oral y maxilofacial<\/label><\/span><span class=\"elementor-field-option\"><input type=\"checkbox\" value=\"Neuro\" id=\"form-field-Themenfeld-1\" name=\"form_fields[Themenfeld][]\"> <label for=\"form-field-Themenfeld-1\">Cirug\u00eda neurol\u00f3gica y de la columna vertebral <\/label><\/span><span class=\"elementor-field-option\"><input type=\"checkbox\" value=\"HNO\" id=\"form-field-Themenfeld-2\" name=\"form_fields[Themenfeld][]\"> <label for=\"form-field-Themenfeld-2\">Ortorinolaringolog\u00eda <\/label><\/span><span class=\"elementor-field-option\"><input type=\"checkbox\" value=\"Plastisch\" id=\"form-field-Themenfeld-3\" name=\"form_fields[Themenfeld][]\"> <label for=\"form-field-Themenfeld-3\">Cirug\u00eda pl\u00e1stica <\/label><\/span><\/div>\t\t\t\t<\/div>\n\t\t\t\t\t\t\t\t<div class=\"elementor-field-type-email elementor-field-group elementor-column elementor-field-group-email elementor-col-100 elementor-field-required\">\n\t\t\t\t\t\t\t\t\t\t\t\t\t<input size=\"1\" type=\"email\" name=\"form_fields[email]\" id=\"form-field-email\" class=\"elementor-field elementor-size-sm  elementor-field-textual\" placeholder=\"Direcci\u00f3n electr\u00f3nica*\" required=\"required\">\n\t\t\t\t\t\t\t\t\t\t\t<\/div>\n\t\t\t\t\t\t\t\t<div class=\"elementor-field-type-html elementor-field-group elementor-column elementor-field-group-field_01a7786 elementor-col-100\">\n\t\t\t\t\t<p>Al solicitar el bolet\u00edn informativo para las \u00e1reas tem\u00e1ticas que ha seleccionado, usted da su consentimiento para el tratamiento de sus datos personales mencionados con el fin de enviar el bolet\u00edn informativo por Medicon eG. Sus datos no se transmitir\u00e1n a terceros en este contexto.Puede darse de baja del bolet\u00edn en cualquier momento a trav\u00e9s de un enlace en cada bolet\u00edn.  <\/p><br>\n<p>Puede encontrar informaci\u00f3n sobre el tratamiento de sus datos personales en nuestra <a target=\"_blank\" href=\"https:\/\/medicon.de\/datenschutzbestimmungen\/\">pol\u00edtica de privacidad.<\/a>\t\t\t\t<\/div>\n\t\t\t\t\t\t\t\t<div class=\"elementor-field-group elementor-column elementor-field-type-submit elementor-col-100 e-form__buttons\">\n\t\t\t\t\t<button class=\"elementor-button elementor-size-xs\" type=\"submit\" id=\"Senden\">\n\t\t\t\t\t\t<span class=\"elementor-button-content-wrapper\">\n\t\t\t\t\t\t\t\t\t\t\t\t\t\t\t\t\t\t\t\t\t\t<span class=\"elementor-button-text\">Env\u00ede el formulario<\/span>\n\t\t\t\t\t\t\t\t\t\t\t\t\t<\/span>\n\t\t\t\t\t<\/button>\n\t\t\t\t<\/div>\n\t\t\t<\/div>\n\t\t<\/form>\n\t\t\t\t\t\t<\/div>\n\t\t\t\t<\/div>\n\t\t\t\t\t<\/div>\n\t\t<\/div>\n\t\t\t\t\t<\/div>\n\t\t<\/section>\n\t\t\t\t<\/div>\n\t\t","protected":false},"excerpt":{"rendered":"<p>Bolet\u00edn informativo-Registro Suscr\u00edbase ahora y reciba informaci\u00f3n peri\u00f3dica de acuerdo con sus intereses personales. Puede suscribirse a nuestro bolet\u00edn de noticias sobre los siguientes temas. Por favor, seleccione uno o m\u00e1s temas sobre los que le gustar\u00eda ser informado:<\/p>\n","protected":false},"author":2,"featured_media":0,"parent":0,"menu_order":0,"comment_status":"closed","ping_status":"closed","template":"","meta":{"_acf_changed":false,"postBodyCss":"","postBodyMargin":[],"postBodyPadding":[],"postBodyBackground":{"backgroundType":"classic","gradient":""},"footnotes":"","_links_to":"","_links_to_target":""},"business_unit":[],"fachgebiet":[],"class_list":["post-29531","page","type-page","status-publish","hentry"],"acf":[],"_links":{"self":[{"href":"https:\/\/medicon.de\/es\/wp-json\/wp\/v2\/pages\/29531","targetHints":{"allow":["GET"]}}],"collection":[{"href":"https:\/\/medicon.de\/es\/wp-json\/wp\/v2\/pages"}],"about":[{"href":"https:\/\/medicon.de\/es\/wp-json\/wp\/v2\/types\/page"}],"author":[{"embeddable":true,"href":"https:\/\/medicon.de\/es\/wp-json\/wp\/v2\/users\/2"}],"replies":[{"embeddable":true,"href":"https:\/\/medicon.de\/es\/wp-json\/wp\/v2\/comments?post=29531"}],"version-history":[{"count":5,"href":"https:\/\/medicon.de\/es\/wp-json\/wp\/v2\/pages\/29531\/revisions"}],"predecessor-version":[{"id":31571,"href":"https:\/\/medicon.de\/es\/wp-json\/wp\/v2\/pages\/29531\/revisions\/31571"}],"wp:attachment":[{"href":"https:\/\/medicon.de\/es\/wp-json\/wp\/v2\/media?parent=29531"}],"wp:term":[{"taxonomy":"business_unit","embeddable":true,"href":"https:\/\/medicon.de\/es\/wp-json\/wp\/v2\/business_unit?post=29531"},{"taxonomy":"fachgebiet","embeddable":true,"href":"https:\/\/medicon.de\/es\/wp-json\/wp\/v2\/fachgebiet?post=29531"}],"curies":[{"name":"wp","href":"https:\/\/api.w.org\/{rel}","templated":true}]}}