{"id":29659,"date":"2022-02-09T10:17:50","date_gmt":"2022-02-09T09:17:50","guid":{"rendered":"https:\/\/medicon.de\/ayuda-y-contacto\/"},"modified":"2024-06-19T06:51:44","modified_gmt":"2024-06-19T04:51:44","slug":"ayuda-y-contacto","status":"publish","type":"page","link":"https:\/\/medicon.de\/es\/ayuda-y-contacto\/","title":{"rendered":"Ayuda y contacto"},"content":{"rendered":"\t\t<div data-elementor-type=\"wp-page\" data-elementor-id=\"29659\" class=\"elementor elementor-29659 elementor-10607\" data-elementor-post-type=\"page\">\n\t\t\t\t\t\t<section class=\"elementor-section elementor-top-section elementor-element elementor-element-a489f05 elementor-section-height-min-height elementor-section-items-stretch elementor-section-full_width elementor-section-height-default\" data-id=\"a489f05\" data-element_type=\"section\" data-e-type=\"section\" data-settings=\"{&quot;background_background&quot;:&quot;classic&quot;}\">\n\t\t\t\t\t\t<div class=\"elementor-container elementor-column-gap-no\">\n\t\t\t\t\t<div class=\"elementor-column elementor-col-100 elementor-top-column elementor-element elementor-element-e4a206d\" data-id=\"e4a206d\" data-element_type=\"column\" data-e-type=\"column\">\n\t\t\t<div class=\"elementor-widget-wrap elementor-element-populated\">\n\t\t\t\t\t\t<div class=\"elementor-element elementor-element-ef648b5 elementor-widget elementor-widget-heading\" data-id=\"ef648b5\" data-element_type=\"widget\" data-e-type=\"widget\" data-widget_type=\"heading.default\">\n\t\t\t\t<div class=\"elementor-widget-container\">\n\t\t\t\t\t<h2 class=\"elementor-heading-title elementor-size-default\">Contactar con el servicio de asistencia de Medicon<\/h2>\t\t\t\t<\/div>\n\t\t\t\t<\/div>\n\t\t\t\t\t<\/div>\n\t\t<\/div>\n\t\t\t\t\t<\/div>\n\t\t<\/section>\n\t\t\t\t<section class=\"elementor-section elementor-top-section elementor-element elementor-element-29409c9 elementor-section-boxed elementor-section-height-default elementor-section-height-default\" data-id=\"29409c9\" data-element_type=\"section\" data-e-type=\"section\" data-settings=\"{&quot;background_background&quot;:&quot;classic&quot;}\">\n\t\t\t\t\t\t<div class=\"elementor-container elementor-column-gap-default\">\n\t\t\t\t\t<div class=\"elementor-column elementor-col-100 elementor-top-column elementor-element elementor-element-32317b2\" data-id=\"32317b2\" data-element_type=\"column\" data-e-type=\"column\" data-settings=\"{&quot;background_background&quot;:&quot;classic&quot;}\">\n\t\t\t<div class=\"elementor-widget-wrap elementor-element-populated\">\n\t\t\t\t\t\t<div class=\"elementor-element elementor-element-d29d559 elementor-widget elementor-widget-text-editor\" data-id=\"d29d559\" data-element_type=\"widget\" data-e-type=\"widget\" data-widget_type=\"text-editor.default\">\n\t\t\t\t<div class=\"elementor-widget-container\">\n\t\t\t\t\t\t\t\t\tP\u00f3ngase en contacto con el servicio de atenci\u00f3n al cliente de Medicon.<br>\nEncontramos la mejor soluci\u00f3n.<br>\nP\u00f3ngase en contacto con nosotros por tel\u00e9fono o correo electr\u00f3nico.\t\t\t\t\t\t\t\t<\/div>\n\t\t\t\t<\/div>\n\t\t\t\t<div class=\"elementor-element elementor-element-e100780 elementor-widget__width-auto jedv-enabled--yes elementor-view-default elementor-position-block-start elementor-mobile-position-block-start elementor-widget elementor-widget-icon-box\" data-id=\"e100780\" data-element_type=\"widget\" data-e-type=\"widget\" data-widget_type=\"icon-box.default\">\n\t\t\t\t<div class=\"elementor-widget-container\">\n\t\t\t\t\t\t\t<div class=\"elementor-icon-box-wrapper\">\n\n\t\t\t\t\t\t<div class=\"elementor-icon-box-icon\">\n\t\t\t\t<a href=\"tel:%20+49%2007462%202009-0\" class=\"elementor-icon elementor-animation-shrink\" tabindex=\"-1\" aria-label=\"+49 07462 2009-0\">\n\t\t\t\t<svg xmlns=\"http:\/\/www.w3.org\/2000\/svg\" xmlns:xlink=\"http:\/\/www.w3.org\/1999\/xlink\" x=\"0px\" y=\"0px\" width=\"283.46px\" height=\"283.46px\" viewBox=\"0 0 283.46 283.46\" xml:space=\"preserve\"><g id=\"Ebene_1\" display=\"none\">\t<g display=\"inline\">\t\t<polygon points=\"142.642,86.025 229.775,134.401 229.775,235.229 56.675,235.229 56.675,134.982   \"><\/polygon>\t\t\t\t\t<line fill=\"none\" stroke=\"#FFFFFF\" stroke-width=\"18.1461\" stroke-miterlimit=\"10\" x1=\"143.19\" y1=\"142.82\" x2=\"143.19\" y2=\"195.92\"><\/line>\t\t\t\t\t<line fill=\"none\" stroke=\"#FFFFFF\" stroke-width=\"18.1461\" stroke-miterlimit=\"10\" x1=\"116.373\" y1=\"169.369\" x2=\"169.205\" y2=\"169.369\"><\/line>\t\t\t\t\t<polyline fill=\"none\" stroke=\"#000000\" stroke-width=\"19.7182\" stroke-linecap=\"round\" stroke-linejoin=\"round\" stroke-miterlimit=\"10\" points=\"   43.007,113.97 143.225,55.718 241.432,113.97   \"><\/polyline>\t<\/g><\/g><g id=\"Ebene_2\">\t<g>\t\t<path d=\"M114.014,86.513c3.864,3.846,3.879,10.093,0.038,13.955l0,0c-3.846,3.865-10.095,3.877-13.958,0.033L70.215,70.765   c-3.864-3.847-3.877-10.095-0.034-13.959l0,0c3.844-3.86,10.092-3.875,13.955-0.031L114.014,86.513z\"><\/path>\t\t<path d=\"M229.405,200.547c3.864,3.846,3.881,10.094,0.039,13.955l0,0c-3.846,3.865-10.096,3.878-13.958,0.033L185.608,184.8   c-3.865-3.847-3.879-10.096-0.035-13.959l0,0c3.844-3.86,10.093-3.876,13.955-0.031L229.405,200.547z\"><\/path>\t\t<path d=\"M102.673,198.999c7.354,6.947,44.802,36.672,75.296,44.143c7.286,1.787,15.214,1.921,20.459-0.549   c4.412-2.076,20.069-17.512,20.069-17.512l-44.781-42.74c0,0-5.256,7.938-12.189,8.741c-17.159,1.984-31.978-10.549-40.763-18.135   l-7.674-8.207c-7.692-8.694-20.403-23.359-18.625-40.542c0.719-6.942,8.593-12.293,8.593-12.293L59.781,67.642   c0,0-15.246,15.842-17.269,20.277c-2.406,5.274-2.176,13.202-0.303,20.465c7.839,30.402,24.484,50.961,45.047,74.758   C87.257,183.143,92.668,189.545,102.673,198.999z\"><\/path>\t\t<path fill=\"none\" stroke=\"#000000\" stroke-width=\"10.2317\" stroke-miterlimit=\"10\" d=\"M135.124,70.313   c41.479,5.916,74.289,38.729,80.203,80.208\"><\/path>\t\t<path fill=\"none\" stroke=\"#000000\" stroke-width=\"10.2317\" stroke-miterlimit=\"10\" d=\"M135.447,92.926   c29.706,4.354,53.237,27.715,57.847,57.338\"><\/path>\t\t<path fill=\"none\" stroke=\"#000000\" stroke-width=\"10.2317\" stroke-miterlimit=\"10\" d=\"M135.447,44.617   c53.649,7.651,96.084,50.092,103.734,103.742\"><\/path>\t<\/g><\/g><\/svg>\t\t\t\t<\/a>\n\t\t\t<\/div>\n\t\t\t\n\t\t\t\t\t\t<div class=\"elementor-icon-box-content\">\n\n\t\t\t\t\t\t\t\t\t<p class=\"elementor-icon-box-title\">\n\t\t\t\t\t\t<a href=\"tel:%20+49%2007462%202009-0\" >\n\t\t\t\t\t\t\t+49 07462 2009-0\t\t\t\t\t\t<\/a>\n\t\t\t\t\t<\/p>\n\t\t\t\t\n\t\t\t\t\n\t\t\t<\/div>\n\t\t\t\n\t\t<\/div>\n\t\t\t\t\t\t<\/div>\n\t\t\t\t<\/div>\n\t\t\t\t<div class=\"elementor-element elementor-element-e17045d elementor-widget__width-auto jedv-enabled--yes elementor-view-default elementor-position-block-start elementor-mobile-position-block-start elementor-widget elementor-widget-icon-box\" data-id=\"e17045d\" data-element_type=\"widget\" data-e-type=\"widget\" data-widget_type=\"icon-box.default\">\n\t\t\t\t<div class=\"elementor-widget-container\">\n\t\t\t\t\t\t\t<div class=\"elementor-icon-box-wrapper\">\n\n\t\t\t\t\t\t<div class=\"elementor-icon-box-icon\">\n\t\t\t\t<a href=\"mailto:sales@medicon.de\" class=\"elementor-icon elementor-animation-shrink\" tabindex=\"-1\" aria-label=\"sales@medicon.de\">\n\t\t\t\t<svg xmlns=\"http:\/\/www.w3.org\/2000\/svg\" xmlns:xlink=\"http:\/\/www.w3.org\/1999\/xlink\" x=\"0px\" y=\"0px\" width=\"283.46px\" height=\"283.46px\" viewBox=\"0 0 283.46 283.46\" xml:space=\"preserve\"><g id=\"Ebene_1\" display=\"none\">\t<g display=\"inline\">\t\t<polygon points=\"142.642,86.025 229.775,134.401 229.775,235.229 56.675,235.229 56.675,134.982   \"><\/polygon>\t\t\t\t\t<line fill=\"none\" stroke=\"#FFFFFF\" stroke-width=\"18.1461\" stroke-miterlimit=\"10\" x1=\"143.19\" y1=\"142.82\" x2=\"143.19\" y2=\"195.92\"><\/line>\t\t\t\t\t<line fill=\"none\" stroke=\"#FFFFFF\" stroke-width=\"18.1461\" stroke-miterlimit=\"10\" x1=\"116.373\" y1=\"169.369\" x2=\"169.205\" y2=\"169.369\"><\/line>\t\t\t\t\t<polyline fill=\"none\" stroke=\"#000000\" stroke-width=\"19.7182\" stroke-linecap=\"round\" stroke-linejoin=\"round\" stroke-miterlimit=\"10\" points=\"   43.007,113.97 143.225,55.718 241.432,113.97   \"><\/polyline>\t<\/g><\/g><g id=\"Ebene_2\">\t<path fill=\"none\" stroke=\"#DEDC00\" stroke-width=\"1.7851\" stroke-miterlimit=\"10\" d=\"M249.642,32.476\"><\/path>\t<g>\t\t<g>\t\t\t<path d=\"M239.451,240.082c0,5.661-4.632,10.293-10.293,10.293H47.337c-5.662,0-10.293-4.632-10.293-10.293V137.151    c0-5.662,1.927-12.944,4.283-16.183c2.356-3.239,8.915-5.871,14.577-5.85l164.688,0.635c5.661,0.021,12.221,3.252,14.576,7.179    c2.355,3.927,4.283,11.771,4.283,17.433V240.082z\"><\/path>\t\t\t<path fill=\"none\" stroke=\"#FFFFFF\" stroke-width=\"6.3546\" stroke-miterlimit=\"10\" d=\"M239.451,240.082    c0,5.661-4.632,10.293-10.293,10.293H47.337c-5.662,0-10.293-4.632-10.293-10.293V137.151c0-5.662,1.927-12.944,4.283-16.183    c2.356-3.239,8.915-5.871,14.577-5.85l164.688,0.635c5.661,0.021,12.221,3.252,14.576,7.179    c2.355,3.927,4.283,11.771,4.283,17.433V240.082z\"><\/path>\t\t<\/g>\t\t<g>\t\t\t<polygon points=\"54.214,150.619 54.214,47.287 222.996,47.287 222.996,149.893 138.618,191.8    \"><\/polygon>\t\t\t<path fill=\"#FFFFFF\" d=\"M219.818,50.464v97.459l-81.213,40.336l-81.214-39.625v-98.17H219.818 M226.173,44.109h-6.354H57.392    h-6.354v6.354v98.17v3.97l3.568,1.741l81.214,39.625l2.812,1.372l2.802-1.392l81.213-40.336l3.527-1.752v-3.939V50.464V44.109    L226.173,44.109z\"><\/path>\t\t<\/g>\t\t<g>\t\t\t<path fill=\"#FFFFFF\" d=\"M152.915,117.263c-0.218,0.728-0.42,1.508-0.603,2.342c-0.18,0.835-0.27,1.617-0.27,2.342    c0,0.727,0.145,1.325,0.437,1.797c0.289,0.473,0.761,0.709,1.413,0.709c1.526,0,3.069-0.491,4.63-1.472    c1.563-0.979,2.939-2.358,4.143-4.14c1.195-1.777,2.179-3.902,2.939-6.373c0.761-2.467,1.146-5.154,1.146-8.061    c0-4.357-0.765-8.187-2.291-11.493c-1.522-3.303-3.611-6.1-6.261-8.388c-2.652-2.287-5.774-4.011-9.369-5.175    c-3.594-1.16-7.463-1.742-11.604-1.742c-4.721,0-8.969,0.817-12.745,2.451s-7.008,3.886-9.695,6.754    c-2.687,2.87-4.757,6.282-6.208,10.239c-1.455,3.959-2.18,8.225-2.18,12.801c0,4.793,0.799,9.133,2.397,13.017    c1.596,3.888,3.813,7.229,6.645,10.023c2.831,2.795,6.209,4.956,10.131,6.481c3.922,1.526,8.242,2.29,12.963,2.29    c4.577,0,8.915-0.782,13.018-2.342c4.102-1.562,7.569-3.76,10.403-6.592h9.151c-3.705,5.664-8.46,10.021-14.271,13.073    c-5.811,3.048-12.127,4.572-18.955,4.572c-5.812,0-11.258-1.033-16.339-3.101c-5.084-2.07-9.534-4.921-13.347-8.553    c-3.812-3.631-6.808-7.933-8.986-12.909c-2.18-4.974-3.267-10.366-3.267-16.178c0-5.737,1.086-11.093,3.267-16.068    c2.178-4.974,5.157-9.276,8.933-12.908c3.776-3.631,8.17-6.5,13.181-8.606c5.012-2.106,10.347-3.16,16.013-3.16    c4.939,0,9.693,0.8,14.271,2.397c4.572,1.599,8.604,3.832,12.092,6.7c3.486,2.87,6.282,6.355,8.386,10.457    c2.107,4.104,3.163,8.662,3.163,13.673c0,5.591-1.001,10.385-2.995,14.378c-2.003,3.996-4.396,7.265-7.193,9.805    c-2.798,2.544-5.625,4.413-8.497,5.61c-2.87,1.198-5.173,1.796-6.917,1.796c-2.325,0-4.191-0.579-5.612-1.741    c-1.414-1.162-2.195-2.652-2.34-4.467h-0.216c-1.308,2.178-3.015,3.777-5.122,4.794c-2.104,1.018-4.322,1.523-6.643,1.523    c-2.327,0-4.522-0.489-6.591-1.47c-2.071-0.981-3.886-2.323-5.447-4.03c-1.563-1.704-2.795-3.684-3.704-5.937    c-0.909-2.25-1.361-4.648-1.361-7.189c0-3.413,0.561-6.791,1.689-10.132c1.124-3.339,2.722-6.317,4.792-8.933    c2.068-2.614,4.556-4.72,7.463-6.318c2.903-1.597,6.171-2.397,9.802-2.397c2.325,0,4.721,0.564,7.192,1.688    c2.464,1.127,4.32,3.105,5.557,5.937l1.739-5.882h8.934L152.915,117.263z M123.718,113.777c0,2.904,0.778,5.248,2.341,7.026    c1.563,1.781,3.613,2.669,6.155,2.669c1.962,0,3.76-0.508,5.392-1.525c1.634-1.017,3.052-2.306,4.249-3.867    c1.2-1.561,2.127-3.322,2.782-5.284c0.652-1.96,0.978-3.885,0.978-5.773c0-2.687-0.816-4.901-2.449-6.646    c-1.637-1.743-3.617-2.613-5.939-2.613c-1.96,0-3.776,0.489-5.447,1.47c-1.67,0.98-3.105,2.251-4.301,3.813    c-1.2,1.563-2.125,3.288-2.779,5.173C124.046,110.111,123.718,111.964,123.718,113.777z\"><\/path>\t\t<\/g>\t\t\t\t\t<line fill=\"none\" stroke=\"#FFFFFF\" stroke-width=\"5.4468\" stroke-miterlimit=\"10\" x1=\"37.043\" y1=\"142.046\" x2=\"54.178\" y2=\"151.291\"><\/line>\t\t\t\t\t<line fill=\"none\" stroke=\"#FFFFFF\" stroke-width=\"5.4468\" stroke-miterlimit=\"10\" x1=\"239.451\" y1=\"142.046\" x2=\"222.316\" y2=\"151.291\"><\/line>\t\t\t\t\t<line fill=\"none\" stroke=\"#FFFFFF\" stroke-width=\"5.4468\" stroke-miterlimit=\"10\" x1=\"37.043\" y1=\"232.884\" x2=\"129.859\" y2=\"188.259\"><\/line>\t\t\t\t\t<line fill=\"none\" stroke=\"#FFFFFF\" stroke-width=\"5.4468\" stroke-miterlimit=\"10\" x1=\"146.636\" y1=\"188.259\" x2=\"239.451\" y2=\"232.884\"><\/line>\t<\/g><\/g><\/svg>\t\t\t\t<\/a>\n\t\t\t<\/div>\n\t\t\t\n\t\t\t\t\t\t<div class=\"elementor-icon-box-content\">\n\n\t\t\t\t\t\t\t\t\t<p class=\"elementor-icon-box-title\">\n\t\t\t\t\t\t<a href=\"mailto:sales@medicon.de\" >\n\t\t\t\t\t\t\tsales@medicon.de\t\t\t\t\t\t<\/a>\n\t\t\t\t\t<\/p>\n\t\t\t\t\n\t\t\t\t\n\t\t\t<\/div>\n\t\t\t\n\t\t<\/div>\n\t\t\t\t\t\t<\/div>\n\t\t\t\t<\/div>\n\t\t\t\t\t<\/div>\n\t\t<\/div>\n\t\t\t\t\t<\/div>\n\t\t<\/section>\n\t\t\t\t<section class=\"elementor-section elementor-top-section elementor-element elementor-element-961ad9e elementor-section-boxed elementor-section-height-default elementor-section-height-default\" data-id=\"961ad9e\" data-element_type=\"section\" data-e-type=\"section\" data-settings=\"{&quot;background_background&quot;:&quot;classic&quot;}\">\n\t\t\t\t\t\t<div class=\"elementor-container elementor-column-gap-default\">\n\t\t\t\t\t<div class=\"elementor-column elementor-col-100 elementor-top-column elementor-element elementor-element-87455b5\" data-id=\"87455b5\" data-element_type=\"column\" data-e-type=\"column\" data-settings=\"{&quot;background_background&quot;:&quot;classic&quot;}\">\n\t\t\t<div class=\"elementor-widget-wrap elementor-element-populated\">\n\t\t\t\t\t\t<div class=\"elementor-element elementor-element-10ad820 elementor-widget elementor-widget-heading\" data-id=\"10ad820\" data-element_type=\"widget\" data-e-type=\"widget\" data-widget_type=\"heading.default\">\n\t\t\t\t<div class=\"elementor-widget-container\">\n\t\t\t\t\t<h3 class=\"elementor-heading-title elementor-size-default\">Reparaciones seguras y fiables<\/h3>\t\t\t\t<\/div>\n\t\t\t\t<\/div>\n\t\t\t\t<div class=\"elementor-element elementor-element-9b8d881 elementor-widget elementor-widget-text-editor\" data-id=\"9b8d881\" data-element_type=\"widget\" data-e-type=\"widget\" data-widget_type=\"text-editor.default\">\n\t\t\t\t<div class=\"elementor-widget-container\">\n\t\t\t\t\t\t\t\t\t<p style=\"text-align: center;\">En Medicon, cada producto est\u00e1 dise\u00f1ado para durar. Desarrollamos productos duraderos y de alta calidad en los que nuestros clientes pueden confiar a la vez que protegen a sus pacientes. Ofrecemos a nuestros clientes reparaciones fiables con componentes originales si los necesita.<\/p>\n\t\t\t\t\t\t\t\t<\/div>\n\t\t\t\t<\/div>\n\t\t\t\t<div class=\"elementor-element elementor-element-225b075 elementor-align-left elementor-widget__width-auto elementor-widget elementor-widget-button\" data-id=\"225b075\" data-element_type=\"widget\" data-e-type=\"widget\" data-widget_type=\"button.default\">\n\t\t\t\t<div class=\"elementor-widget-container\">\n\t\t\t\t\t\t\t\t\t<div class=\"elementor-button-wrapper\">\n\t\t\t\t\t<a class=\"elementor-button elementor-button-link elementor-size-xs\" href=\"https:\/\/medicon.de\/es\/servicios\/mrs-medicon-servicio-de-reparacion\/\">\n\t\t\t\t\t\t<span class=\"elementor-button-content-wrapper\">\n\t\t\t\t\t\t<span class=\"elementor-button-icon\">\n\t\t\t\t<svg xmlns=\"http:\/\/www.w3.org\/2000\/svg\" xmlns:xlink=\"http:\/\/www.w3.org\/1999\/xlink\" id=\"Ebene_1\" x=\"0px\" y=\"0px\" width=\"283.46px\" height=\"283.46px\" viewBox=\"0 0 283.46 283.46\" xml:space=\"preserve\"><polygon points=\"2813.061,-52.502 2878.447,-52.502 2947.544,43.955 2878.447,142.337 2813.061,142.337 2883.085,43.491 \"><\/polygon><polygon points=\"2914.292,-52.502 2979.679,-52.502 3048.775,43.955 2979.679,142.337 2914.292,142.337 2984.316,43.491 \"><\/polygon><polygon points=\"6.46,30.949 81.612,30.949 161.023,141.813 81.612,254.887 6.46,254.887 86.94,141.278 \"><\/polygon><polygon points=\"122.807,30.949 197.959,30.949 277.374,141.813 197.959,254.887 122.807,254.887 203.289,141.278 \"><\/polygon><\/svg>\t\t\t<\/span>\n\t\t\t\t\t\t\t\t\t<span class=\"elementor-button-text\">M\u00e1s informaci\u00f3n sobre el servicio de reparaci\u00f3n Medicon<\/span>\n\t\t\t\t\t<\/span>\n\t\t\t\t\t<\/a>\n\t\t\t\t<\/div>\n\t\t\t\t\t\t\t\t<\/div>\n\t\t\t\t<\/div>\n\t\t\t\t\t<\/div>\n\t\t<\/div>\n\t\t\t\t\t<\/div>\n\t\t<\/section>\n\t\t\t\t<section class=\"elementor-section elementor-top-section elementor-element elementor-element-d43ae1e elementor-section-boxed elementor-section-height-default elementor-section-height-default\" data-id=\"d43ae1e\" data-element_type=\"section\" data-e-type=\"section\" data-settings=\"{&quot;background_background&quot;:&quot;classic&quot;}\">\n\t\t\t\t\t\t<div class=\"elementor-container elementor-column-gap-default\">\n\t\t\t\t\t<div class=\"elementor-column elementor-col-50 elementor-top-column elementor-element elementor-element-147ac38\" data-id=\"147ac38\" data-element_type=\"column\" data-e-type=\"column\" data-settings=\"{&quot;background_background&quot;:&quot;classic&quot;}\">\n\t\t\t<div class=\"elementor-widget-wrap elementor-element-populated\">\n\t\t\t\t\t\t<div class=\"elementor-element elementor-element-1e07b7b elementor-widget elementor-widget-heading\" data-id=\"1e07b7b\" data-element_type=\"widget\" data-e-type=\"widget\" data-widget_type=\"heading.default\">\n\t\t\t\t<div class=\"elementor-widget-container\">\n\t\t\t\t\t<h3 class=\"elementor-heading-title elementor-size-default\">Quejas<\/h3>\t\t\t\t<\/div>\n\t\t\t\t<\/div>\n\t\t\t\t<div class=\"elementor-element elementor-element-34c7b07 elementor-widget elementor-widget-text-editor\" data-id=\"34c7b07\" data-element_type=\"widget\" data-e-type=\"widget\" data-widget_type=\"text-editor.default\">\n\t\t\t\t<div class=\"elementor-widget-container\">\n\t\t\t\t\t\t\t\t\t<p style=\"text-align: center;\">Por favor, utilice el formulario de quejas para reclamaciones. Puede encontrarlo en nuestro centro de descargas.<\/p>\n\t\t\t\t\t\t\t\t<\/div>\n\t\t\t\t<\/div>\n\t\t\t\t<div class=\"elementor-element elementor-element-a343fb1 elementor-align-center elementor-widget__width-auto elementor-widget elementor-widget-button\" data-id=\"a343fb1\" data-element_type=\"widget\" data-e-type=\"widget\" data-widget_type=\"button.default\">\n\t\t\t\t<div class=\"elementor-widget-container\">\n\t\t\t\t\t\t\t\t\t<div class=\"elementor-button-wrapper\">\n\t\t\t\t\t<a class=\"elementor-button elementor-button-link elementor-size-xs\" href=\"https:\/\/extranet-neu.medicon.de\/frontend\/frontend\/page\/page,278\" target=\"_blank\">\n\t\t\t\t\t\t<span class=\"elementor-button-content-wrapper\">\n\t\t\t\t\t\t<span class=\"elementor-button-icon\">\n\t\t\t\t<svg xmlns=\"http:\/\/www.w3.org\/2000\/svg\" xmlns:xlink=\"http:\/\/www.w3.org\/1999\/xlink\" id=\"Ebene_1\" x=\"0px\" y=\"0px\" width=\"283.46px\" height=\"283.46px\" viewBox=\"0 0 283.46 283.46\" xml:space=\"preserve\"><polygon points=\"2813.061,-52.502 2878.447,-52.502 2947.544,43.955 2878.447,142.337 2813.061,142.337 2883.085,43.491 \"><\/polygon><polygon points=\"2914.292,-52.502 2979.679,-52.502 3048.775,43.955 2979.679,142.337 2914.292,142.337 2984.316,43.491 \"><\/polygon><polygon points=\"6.46,30.949 81.612,30.949 161.023,141.813 81.612,254.887 6.46,254.887 86.94,141.278 \"><\/polygon><polygon points=\"122.807,30.949 197.959,30.949 277.374,141.813 197.959,254.887 122.807,254.887 203.289,141.278 \"><\/polygon><\/svg>\t\t\t<\/span>\n\t\t\t\t\t\t\t\t\t<span class=\"elementor-button-text\">Al centro de descargas (se abre en una nueva ventana)<\/span>\n\t\t\t\t\t<\/span>\n\t\t\t\t\t<\/a>\n\t\t\t\t<\/div>\n\t\t\t\t\t\t\t\t<\/div>\n\t\t\t\t<\/div>\n\t\t\t\t\t<\/div>\n\t\t<\/div>\n\t\t\t\t<div class=\"elementor-column elementor-col-50 elementor-top-column elementor-element elementor-element-95cc360\" data-id=\"95cc360\" data-element_type=\"column\" data-e-type=\"column\" data-settings=\"{&quot;background_background&quot;:&quot;classic&quot;}\">\n\t\t\t<div class=\"elementor-widget-wrap elementor-element-populated\">\n\t\t\t\t\t\t<div class=\"elementor-element elementor-element-524bd2c elementor-widget elementor-widget-heading\" data-id=\"524bd2c\" data-element_type=\"widget\" data-e-type=\"widget\" data-widget_type=\"heading.default\">\n\t\t\t\t<div class=\"elementor-widget-container\">\n\t\t\t\t\t<h3 class=\"elementor-heading-title elementor-size-default\">Informar del incidente<\/h3>\t\t\t\t<\/div>\n\t\t\t\t<\/div>\n\t\t\t\t<div class=\"elementor-element elementor-element-314289e elementor-widget elementor-widget-text-editor\" data-id=\"314289e\" data-element_type=\"widget\" data-e-type=\"widget\" data-widget_type=\"text-editor.default\">\n\t\t\t\t<div class=\"elementor-widget-container\">\n\t\t\t\t\t\t\t\t\t<p style=\"text-align: center;\">P\u00f3ngase en contacto inmediatamente con el responsable de seguridad de dispositivos m\u00e9dicos de Medicon.<\/p>\n\t\t\t\t\t\t\t\t<\/div>\n\t\t\t\t<\/div>\n\t\t\t\t<div class=\"elementor-element elementor-element-12fc5ae elementor-align-center elementor-widget__width-auto elementor-widget elementor-widget-button\" data-id=\"12fc5ae\" data-element_type=\"widget\" data-e-type=\"widget\" data-widget_type=\"button.default\">\n\t\t\t\t<div class=\"elementor-widget-container\">\n\t\t\t\t\t\t\t\t\t<div class=\"elementor-button-wrapper\">\n\t\t\t\t\t<a class=\"elementor-button elementor-button-link elementor-size-xs\" href=\"#elementor-action%3Aaction%3Dpopup%3Aopen%26settings%3DeyJpZCI6MzAzMTEsInRvZ2dsZSI6ZmFsc2V9\">\n\t\t\t\t\t\t<span class=\"elementor-button-content-wrapper\">\n\t\t\t\t\t\t<span class=\"elementor-button-icon\">\n\t\t\t\t<svg xmlns=\"http:\/\/www.w3.org\/2000\/svg\" xmlns:xlink=\"http:\/\/www.w3.org\/1999\/xlink\" id=\"Ebene_1\" x=\"0px\" y=\"0px\" width=\"283.46px\" height=\"283.46px\" viewBox=\"0 0 283.46 283.46\" xml:space=\"preserve\"><polygon points=\"2813.061,-52.502 2878.447,-52.502 2947.544,43.955 2878.447,142.337 2813.061,142.337 2883.085,43.491 \"><\/polygon><polygon points=\"2914.292,-52.502 2979.679,-52.502 3048.775,43.955 2979.679,142.337 2914.292,142.337 2984.316,43.491 \"><\/polygon><polygon points=\"6.46,30.949 81.612,30.949 161.023,141.813 81.612,254.887 6.46,254.887 86.94,141.278 \"><\/polygon><polygon points=\"122.807,30.949 197.959,30.949 277.374,141.813 197.959,254.887 122.807,254.887 203.289,141.278 \"><\/polygon><\/svg>\t\t\t<\/span>\n\t\t\t\t\t\t\t\t\t<span class=\"elementor-button-text\">Informar del incidente<\/span>\n\t\t\t\t\t<\/span>\n\t\t\t\t\t<\/a>\n\t\t\t\t<\/div>\n\t\t\t\t\t\t\t\t<\/div>\n\t\t\t\t<\/div>\n\t\t\t\t\t<\/div>\n\t\t<\/div>\n\t\t\t\t\t<\/div>\n\t\t<\/section>\n\t\t\t\t<\/div>\n\t\t","protected":false},"excerpt":{"rendered":"<p>Contactar con el servicio de asistencia de Medicon P\u00f3ngase en contacto con el servicio de atenci\u00f3n al cliente de Medicon. Encontramos la mejor soluci\u00f3n. P\u00f3ngase en contacto con nosotros por tel\u00e9fono o correo electr\u00f3nico. +49 07462 2009-0 +1 904 642 7500 sales@medicon.de sales@cmfmedicon.com Reparaciones seguras y fiables En Medicon, cada producto est\u00e1 dise\u00f1ado para durar. [&hellip;]<\/p>\n","protected":false},"author":2,"featured_media":0,"parent":0,"menu_order":0,"comment_status":"closed","ping_status":"closed","template":"","meta":{"_acf_changed":false,"postBodyCss":"","postBodyMargin":[],"postBodyPadding":[],"postBodyBackground":{"backgroundType":"classic","gradient":""},"footnotes":"","_links_to":"","_links_to_target":""},"business_unit":[],"fachgebiet":[],"class_list":["post-29659","page","type-page","status-publish","hentry"],"acf":[],"_links":{"self":[{"href":"https:\/\/medicon.de\/es\/wp-json\/wp\/v2\/pages\/29659","targetHints":{"allow":["GET"]}}],"collection":[{"href":"https:\/\/medicon.de\/es\/wp-json\/wp\/v2\/pages"}],"about":[{"href":"https:\/\/medicon.de\/es\/wp-json\/wp\/v2\/types\/page"}],"author":[{"embeddable":true,"href":"https:\/\/medicon.de\/es\/wp-json\/wp\/v2\/users\/2"}],"replies":[{"embeddable":true,"href":"https:\/\/medicon.de\/es\/wp-json\/wp\/v2\/comments?post=29659"}],"version-history":[{"count":3,"href":"https:\/\/medicon.de\/es\/wp-json\/wp\/v2\/pages\/29659\/revisions"}],"predecessor-version":[{"id":67663,"href":"https:\/\/medicon.de\/es\/wp-json\/wp\/v2\/pages\/29659\/revisions\/67663"}],"wp:attachment":[{"href":"https:\/\/medicon.de\/es\/wp-json\/wp\/v2\/media?parent=29659"}],"wp:term":[{"taxonomy":"business_unit","embeddable":true,"href":"https:\/\/medicon.de\/es\/wp-json\/wp\/v2\/business_unit?post=29659"},{"taxonomy":"fachgebiet","embeddable":true,"href":"https:\/\/medicon.de\/es\/wp-json\/wp\/v2\/fachgebiet?post=29659"}],"curies":[{"name":"wp","href":"https:\/\/api.w.org\/{rel}","templated":true}]}}