{"id":67652,"date":"2023-02-07T14:35:20","date_gmt":"2023-02-07T13:35:20","guid":{"rendered":"https:\/\/medicon.de\/formulario-de-pedido-cirugia-plastica\/"},"modified":"2024-06-18T15:43:36","modified_gmt":"2024-06-18T13:43:36","slug":"formulario-de-pedido-cirugia-plastica","status":"publish","type":"page","link":"https:\/\/medicon.de\/es\/formulario-de-pedido-cirugia-plastica\/","title":{"rendered":"Formulario de pedido &#8211; Cirug\u00eda pl\u00e1stica"},"content":{"rendered":"\t\t<div data-elementor-type=\"wp-page\" data-elementor-id=\"67652\" class=\"elementor elementor-67652 elementor-36215\" data-elementor-post-type=\"page\">\n\t\t\t\t\t\t<section class=\"elementor-section elementor-top-section elementor-element elementor-element-bafa033 elementor-section-boxed elementor-section-height-default elementor-section-height-default\" data-id=\"bafa033\" data-element_type=\"section\" data-e-type=\"section\">\n\t\t\t\t\t\t<div class=\"elementor-container elementor-column-gap-default\">\n\t\t\t\t\t<div class=\"elementor-column elementor-col-100 elementor-top-column elementor-element elementor-element-e99a74f\" data-id=\"e99a74f\" data-element_type=\"column\" data-e-type=\"column\">\n\t\t\t<div class=\"elementor-widget-wrap elementor-element-populated\">\n\t\t\t\t\t\t<div class=\"elementor-element elementor-element-3fd5acd elementor-widget__width-initial elementor-widget elementor-widget-theme-site-logo elementor-widget-image\" data-id=\"3fd5acd\" data-element_type=\"widget\" data-e-type=\"widget\" data-widget_type=\"theme-site-logo.default\">\n\t\t\t\t<div class=\"elementor-widget-container\">\n\t\t\t\t\t\t\t\t\t\t\t<a href=\"https:\/\/medicon.de\/es\/\">\n\t\t\t<img decoding=\"async\" width=\"300\" height=\"40\" src=\"https:\/\/medicon.de\/wp-content\/uploads\/2021\/09\/Medicon-Logo-300x40.webp\" class=\"attachment-medium size-medium wp-image-28010\" alt=\"Medicon Logo\" srcset=\"https:\/\/medicon.de\/wp-content\/uploads\/2021\/09\/Medicon-Logo-300x40.webp 300w, https:\/\/medicon.de\/wp-content\/uploads\/2021\/09\/Medicon-Logo.webp 350w\" sizes=\"(max-width: 300px) 100vw, 300px\" \/>\t\t\t\t<\/a>\n\t\t\t\t\t\t\t\t\t\t\t<\/div>\n\t\t\t\t<\/div>\n\t\t\t\t<div class=\"elementor-element elementor-element-f90dca5 elementor-icon-list--layout-inline elementor-align-end elementor-mobile-align-end elementor-widget__width-initial elementor-list-item-link-full_width elementor-widget elementor-widget-icon-list\" data-id=\"f90dca5\" data-element_type=\"widget\" data-e-type=\"widget\" data-widget_type=\"icon-list.default\">\n\t\t\t\t<div class=\"elementor-widget-container\">\n\t\t\t\t\t\t\t<ul class=\"elementor-icon-list-items elementor-inline-items\">\n\t\t\t\t\t\t\t<li class=\"elementor-icon-list-item elementor-inline-item\">\n\t\t\t\t\t\t\t\t\t\t\t<a href=\"https:\/\/medicon.de\/es\/politica-de-privacidad\/\" target=\"_blank\">\n\n\t\t\t\t\t\t\t\t\t\t\t<span class=\"elementor-icon-list-text\">Pol\u00edtica de privacidad<\/span>\n\t\t\t\t\t\t\t\t\t\t\t<\/a>\n\t\t\t\t\t\t\t\t\t<\/li>\n\t\t\t\t\t\t\t\t<li class=\"elementor-icon-list-item elementor-inline-item\">\n\t\t\t\t\t\t\t\t\t\t\t<a href=\"https:\/\/medicon.de\/es\/aviso-legal-y-descargo-de-responsabilidad\/\">\n\n\t\t\t\t\t\t\t\t\t\t\t<span class=\"elementor-icon-list-text\">Aviso legal<\/span>\n\t\t\t\t\t\t\t\t\t\t\t<\/a>\n\t\t\t\t\t\t\t\t\t<\/li>\n\t\t\t\t\t\t<\/ul>\n\t\t\t\t\t\t<\/div>\n\t\t\t\t<\/div>\n\t\t\t\t\t<\/div>\n\t\t<\/div>\n\t\t\t\t\t<\/div>\n\t\t<\/section>\n\t\t\t\t<section class=\"elementor-section elementor-top-section elementor-element elementor-element-fb3529b elementor-section-boxed elementor-section-height-default elementor-section-height-default\" data-id=\"fb3529b\" data-element_type=\"section\" data-e-type=\"section\">\n\t\t\t\t\t\t<div class=\"elementor-container elementor-column-gap-default\">\n\t\t\t\t\t<div class=\"elementor-column elementor-col-100 elementor-top-column elementor-element elementor-element-eb51f99\" data-id=\"eb51f99\" data-element_type=\"column\" data-e-type=\"column\">\n\t\t\t<div class=\"elementor-widget-wrap elementor-element-populated\">\n\t\t\t\t\t\t<div class=\"elementor-element elementor-element-72ca5ec elementor-widget elementor-widget-image\" data-id=\"72ca5ec\" data-element_type=\"widget\" data-e-type=\"widget\" data-widget_type=\"image.default\">\n\t\t\t\t<div class=\"elementor-widget-container\">\n\t\t\t\t\t\t\t\t\t\t\t\t<figure class=\"wp-caption\">\n\t\t\t\t\t\t\t\t\t\t<img fetchpriority=\"high\" decoding=\"async\" width=\"2400\" height=\"1422\" src=\"https:\/\/medicon.de\/wp-content\/uploads\/2022\/04\/Plastic-Surgery_background.webp\" class=\"attachment-full size-full wp-image-25745\" alt=\"\" srcset=\"https:\/\/medicon.de\/wp-content\/uploads\/2022\/04\/Plastic-Surgery_background.webp 2400w, https:\/\/medicon.de\/wp-content\/uploads\/2022\/04\/Plastic-Surgery_background-600x356.webp 600w, https:\/\/medicon.de\/wp-content\/uploads\/2022\/04\/Plastic-Surgery_background-300x178.webp 300w, https:\/\/medicon.de\/wp-content\/uploads\/2022\/04\/Plastic-Surgery_background-1024x607.webp 1024w, https:\/\/medicon.de\/wp-content\/uploads\/2022\/04\/Plastic-Surgery_background-768x455.webp 768w, https:\/\/medicon.de\/wp-content\/uploads\/2022\/04\/Plastic-Surgery_background-1536x910.webp 1536w, https:\/\/medicon.de\/wp-content\/uploads\/2022\/04\/Plastic-Surgery_background-2048x1213.webp 2048w\" sizes=\"(max-width: 2400px) 100vw, 2400px\" \/>\t\t\t\t\t\t\t\t\t\t\t<figcaption class=\"widget-image-caption wp-caption-text\">Normas y especialidades de cirug\u00eda pl\u00e1stica<\/figcaption>\n\t\t\t\t\t\t\t\t\t\t<\/figure>\n\t\t\t\t\t\t\t\t\t<\/div>\n\t\t\t\t<\/div>\n\t\t\t\t\t<\/div>\n\t\t<\/div>\n\t\t\t\t\t<\/div>\n\t\t<\/section>\n\t\t\t\t<\/div>\n\t\t","protected":false},"excerpt":{"rendered":"<p>Pol\u00edtica de privacidad Aviso legal Normas y especialidades de cirug\u00eda pl\u00e1stica<\/p>\n","protected":false},"author":2,"featured_media":0,"parent":0,"menu_order":0,"comment_status":"closed","ping_status":"closed","template":"elementor_canvas","meta":{"_acf_changed":false,"postBodyCss":"","postBodyMargin":[],"postBodyPadding":[],"postBodyBackground":{"backgroundType":"classic","gradient":""},"footnotes":"","_links_to":"","_links_to_target":""},"business_unit":[18],"fachgebiet":[357],"class_list":["post-67652","page","type-page","status-publish","hentry","business_unit-surgical","fachgebiet-cirugia-plastica"],"acf":[],"_links":{"self":[{"href":"https:\/\/medicon.de\/es\/wp-json\/wp\/v2\/pages\/67652","targetHints":{"allow":["GET"]}}],"collection":[{"href":"https:\/\/medicon.de\/es\/wp-json\/wp\/v2\/pages"}],"about":[{"href":"https:\/\/medicon.de\/es\/wp-json\/wp\/v2\/types\/page"}],"author":[{"embeddable":true,"href":"https:\/\/medicon.de\/es\/wp-json\/wp\/v2\/users\/2"}],"replies":[{"embeddable":true,"href":"https:\/\/medicon.de\/es\/wp-json\/wp\/v2\/comments?post=67652"}],"version-history":[{"count":1,"href":"https:\/\/medicon.de\/es\/wp-json\/wp\/v2\/pages\/67652\/revisions"}],"predecessor-version":[{"id":67653,"href":"https:\/\/medicon.de\/es\/wp-json\/wp\/v2\/pages\/67652\/revisions\/67653"}],"wp:attachment":[{"href":"https:\/\/medicon.de\/es\/wp-json\/wp\/v2\/media?parent=67652"}],"wp:term":[{"taxonomy":"business_unit","embeddable":true,"href":"https:\/\/medicon.de\/es\/wp-json\/wp\/v2\/business_unit?post=67652"},{"taxonomy":"fachgebiet","embeddable":true,"href":"https:\/\/medicon.de\/es\/wp-json\/wp\/v2\/fachgebiet?post=67652"}],"curies":[{"name":"wp","href":"https:\/\/api.w.org\/{rel}","templated":true}]}}