{"id":89908,"date":"2025-04-22T12:46:03","date_gmt":"2025-04-22T10:46:03","guid":{"rendered":"https:\/\/medicon.de\/geschaeftsleitung-uebergeordnete-seite-wer-wir-sind\/"},"modified":"2025-04-25T09:53:06","modified_gmt":"2025-04-25T07:53:06","slug":"geschaeftsleitung-uebergeordnete-seite-wer-wir-sind","status":"publish","type":"page","link":"https:\/\/medicon.de\/es\/geschaeftsleitung-uebergeordnete-seite-wer-wir-sind\/","title":{"rendered":"Gesch\u00e4ftsleitung &#8211; \u00fcbergeordnete Seite Wer wir sind &#8211;"},"content":{"rendered":"\t\t<div data-elementor-type=\"wp-page\" data-elementor-id=\"89908\" class=\"elementor elementor-89908 elementor-89353\" data-elementor-post-type=\"page\">\n\t\t\t\t<div class=\"elementor-element elementor-element-682544e e-flex e-con-boxed e-con e-parent\" data-id=\"682544e\" data-element_type=\"container\" data-e-type=\"container\">\n\t\t\t\t\t<div class=\"e-con-inner\">\n\t\t\t\t<div class=\"elementor-element elementor-element-8fbdc69 elementor-widget elementor-widget-heading\" data-id=\"8fbdc69\" data-element_type=\"widget\" data-e-type=\"widget\" data-widget_type=\"heading.default\">\n\t\t\t\t<div class=\"elementor-widget-container\">\n\t\t\t\t\t<h2 class=\"elementor-heading-title elementor-size-default\">La direcci\u00f3n<\/h2>\t\t\t\t<\/div>\n\t\t\t\t<\/div>\n\t\t\t\t<div class=\"elementor-element elementor-element-1054ab6 elementor-widget elementor-widget-text-editor\" data-id=\"1054ab6\" data-element_type=\"widget\" data-e-type=\"widget\" data-widget_type=\"text-editor.default\">\n\t\t\t\t<div class=\"elementor-widget-container\">\n\t\t\t\t\t\t\t\t\t<p>Con dos nuevos directores generales, el equipo de gesti\u00f3n de Medicon eG est\u00e1 fijando el rumbo para el futuro:<\/p><p>La nueva Junta Directiva, con Tobias Walz y Mario Waizenegger, se centra en la innovaci\u00f3n y el desarrollo sostenible.<\/p><p>Con su experiencia combinada -conocimientos de tecnolog\u00eda m\u00e9dica y nuevas perspectivas- quieren configurar activamente el cambio junto con empleados y socios. Con su experiencia combinada y en di\u00e1logo con empleados y socios, se esfuerzan por gestionar los procesos de cambio con previsi\u00f3n. <\/p>\t\t\t\t\t\t\t\t<\/div>\n\t\t\t\t<\/div>\n\t\t\t\t\t<\/div>\n\t\t\t\t<\/div>\n\t\t<div class=\"elementor-element elementor-element-2fd757a e-flex e-con-boxed e-con e-parent\" data-id=\"2fd757a\" data-element_type=\"container\" data-e-type=\"container\">\n\t\t\t\t\t<div class=\"e-con-inner\">\n\t\t<div class=\"elementor-element elementor-element-cb208a6 e-con-full e-flex e-con e-child\" data-id=\"cb208a6\" data-element_type=\"container\" data-e-type=\"container\">\n\t\t\t\t<div class=\"elementor-element elementor-element-ae37ccd elementor-widget elementor-widget-image\" data-id=\"ae37ccd\" data-element_type=\"widget\" data-e-type=\"widget\" data-widget_type=\"image.default\">\n\t\t\t\t<div class=\"elementor-widget-container\">\n\t\t\t\t\t\t\t\t\t\t\t\t\t\t\t<img fetchpriority=\"high\" decoding=\"async\" width=\"600\" height=\"602\" src=\"https:\/\/medicon.de\/wp-content\/uploads\/Geschaeftsfuehrung_600x600.jpg\" class=\"attachment-large size-large wp-image-89349\" alt=\"Gesch\u00e4ftsf\u00fchrer von Medicon\" srcset=\"https:\/\/medicon.de\/wp-content\/uploads\/Geschaeftsfuehrung_600x600.jpg 600w, https:\/\/medicon.de\/wp-content\/uploads\/Geschaeftsfuehrung_600x600-300x300.jpg 300w, https:\/\/medicon.de\/wp-content\/uploads\/Geschaeftsfuehrung_600x600-150x150.jpg 150w\" sizes=\"(max-width: 600px) 100vw, 600px\" \/>\t\t\t\t\t\t\t\t\t\t\t\t\t\t\t<\/div>\n\t\t\t\t<\/div>\n\t\t\t\t<\/div>\n\t\t<div class=\"elementor-element elementor-element-eef995b e-con-full e-flex e-con e-child\" data-id=\"eef995b\" data-element_type=\"container\" data-e-type=\"container\">\n\t\t\t\t<div class=\"elementor-element elementor-element-39765fa elementor-widget elementor-widget-text-editor\" data-id=\"39765fa\" data-element_type=\"widget\" data-e-type=\"widget\" data-widget_type=\"text-editor.default\">\n\t\t\t\t<div class=\"elementor-widget-container\">\n\t\t\t\t\t\t\t\t\t<p>TOBIAS WALZ<\/p>\t\t\t\t\t\t\t\t<\/div>\n\t\t\t\t<\/div>\n\t\t\t\t<div class=\"elementor-element elementor-element-3172ab9 elementor-widget elementor-widget-text-editor\" data-id=\"3172ab9\" data-element_type=\"widget\" data-e-type=\"widget\" data-widget_type=\"text-editor.default\">\n\t\t\t\t<div class=\"elementor-widget-container\">\n\t\t\t\t\t\t\t\t\t<p>Con m\u00e1s de dos d\u00e9cadas de experiencia en puestos de responsabilidad y direcci\u00f3n en empresas de renombre de muy diversos sectores y varias licenciaturas en Econ\u00f3micas, Tobias Walz posee amplios y s\u00f3lidos conocimientos empresariales y comerciales.<\/p><p> <\/p><p>Su carrera profesional se ha caracterizado por un profundo conocimiento de los contextos empresariales, la responsabilidad de la gesti\u00f3n estrat\u00e9gica y la gesti\u00f3n y aplicaci\u00f3n con \u00e9xito de procesos de cambio en estructuras empresariales complejas.<\/p>\t\t\t\t\t\t\t\t<\/div>\n\t\t\t\t<\/div>\n\t\t\t\t<div class=\"elementor-element elementor-element-1f4341d elementor-widget elementor-widget-text-editor\" data-id=\"1f4341d\" data-element_type=\"widget\" data-e-type=\"widget\" data-widget_type=\"text-editor.default\">\n\t\t\t\t<div class=\"elementor-widget-container\">\n\t\t\t\t\t\t\t\t\t<p>MARIO WAIZENEGGER<\/p>\t\t\t\t\t\t\t\t<\/div>\n\t\t\t\t<\/div>\n\t\t\t\t<div class=\"elementor-element elementor-element-91ef6dc elementor-widget elementor-widget-text-editor\" data-id=\"91ef6dc\" data-element_type=\"widget\" data-e-type=\"widget\" data-widget_type=\"text-editor.default\">\n\t\t\t\t<div class=\"elementor-widget-container\">\n\t\t\t\t\t\t\t\t\t<p>Mario Waizenegger cuenta con m\u00e1s de dos d\u00e9cadas de experiencia en tecnolog\u00eda m\u00e9dica y ha trabajado para empresas de renombre en \u00e1mbitos muy diversos. Sus profundos conocimientos abarcan toda la cadena de valor -desde el desarrollo, la producci\u00f3n y la gesti\u00f3n de calidad hasta las compras, la log\u00edstica y el servicio- y su amplia experiencia y pensamiento estrat\u00e9gico le permiten iniciar mejoras sostenibles e implantar con \u00e9xito innovaciones. <\/p><p> <\/p><p>Mario Waizenegger es sin\u00f3nimo de soluciones pr\u00e1cticas, cooperaci\u00f3n interdisciplinar y una clara orientaci\u00f3n al futuro en el campo de la tecnolog\u00eda m\u00e9dica.<\/p>\t\t\t\t\t\t\t\t<\/div>\n\t\t\t\t<\/div>\n\t\t\t\t<\/div>\n\t\t\t\t\t<\/div>\n\t\t\t\t<\/div>\n\t\t\t\t<\/div>\n\t\t","protected":false},"excerpt":{"rendered":"<p>La direcci\u00f3n Con dos nuevos directores generales, el equipo de gesti\u00f3n de Medicon eG est\u00e1 fijando el rumbo para el futuro: La nueva Junta Directiva, con Tobias Walz y Mario Waizenegger, se centra en la innovaci\u00f3n y el desarrollo sostenible. Con su experiencia combinada -conocimientos de tecnolog\u00eda m\u00e9dica y nuevas perspectivas- quieren configurar activamente el [&hellip;]<\/p>\n","protected":false},"author":3,"featured_media":0,"parent":0,"menu_order":0,"comment_status":"closed","ping_status":"closed","template":"","meta":{"_acf_changed":false,"postBodyCss":"","postBodyMargin":[],"postBodyPadding":[],"postBodyBackground":{"backgroundType":"classic","gradient":""},"footnotes":"","_links_to":"","_links_to_target":""},"business_unit":[],"fachgebiet":[],"class_list":["post-89908","page","type-page","status-publish","hentry"],"acf":[],"_links":{"self":[{"href":"https:\/\/medicon.de\/es\/wp-json\/wp\/v2\/pages\/89908","targetHints":{"allow":["GET"]}}],"collection":[{"href":"https:\/\/medicon.de\/es\/wp-json\/wp\/v2\/pages"}],"about":[{"href":"https:\/\/medicon.de\/es\/wp-json\/wp\/v2\/types\/page"}],"author":[{"embeddable":true,"href":"https:\/\/medicon.de\/es\/wp-json\/wp\/v2\/users\/3"}],"replies":[{"embeddable":true,"href":"https:\/\/medicon.de\/es\/wp-json\/wp\/v2\/comments?post=89908"}],"version-history":[{"count":1,"href":"https:\/\/medicon.de\/es\/wp-json\/wp\/v2\/pages\/89908\/revisions"}],"predecessor-version":[{"id":89909,"href":"https:\/\/medicon.de\/es\/wp-json\/wp\/v2\/pages\/89908\/revisions\/89909"}],"wp:attachment":[{"href":"https:\/\/medicon.de\/es\/wp-json\/wp\/v2\/media?parent=89908"}],"wp:term":[{"taxonomy":"business_unit","embeddable":true,"href":"https:\/\/medicon.de\/es\/wp-json\/wp\/v2\/business_unit?post=89908"},{"taxonomy":"fachgebiet","embeddable":true,"href":"https:\/\/medicon.de\/es\/wp-json\/wp\/v2\/fachgebiet?post=89908"}],"curies":[{"name":"wp","href":"https:\/\/api.w.org\/{rel}","templated":true}]}}